{"id":93,"date":"2016-03-03T07:25:00","date_gmt":"2016-03-03T06:25:00","guid":{"rendered":"http:\/\/kasimir-bau.de\/cms\/puschkinallee-15\/"},"modified":"2020-09-10T08:53:56","modified_gmt":"2020-09-10T06:53:56","slug":"puschkinallee-15","status":"publish","type":"page","link":"https:\/\/kasimir-bau.de\/cms\/referenzen\/industrie_gewerbe\/puschkinallee-15\/","title":{"rendered":"Puschkinallee 15"},"content":{"rendered":"<p>[et_pb_section fb_built=&#8220;1&#8243; custom_padding_last_edited=&#8220;on|desktop&#8220; disabled_on=&#8220;off|off|off&#8220; _builder_version=&#8220;4.6.1&#8243; background_image=&#8220;https:\/\/kasimir-bau.de\/cms\/wp-content\/uploads\/2018\/06\/Puschkinallee-15_HGB-2.jpg&#8220; parallax=&#8220;on&#8220; parallax_method=&#8220;off&#8220; custom_padding=&#8220;50px||215px|180px&#8220; custom_padding_tablet=&#8220;&#8220; custom_padding_phone=&#8220;50px||215px|10px&#8220; animation_style=&#8220;fade&#8220; animation_speed_curve=&#8220;linear&#8220; da_disable_devices=&#8220;off|off|off&#8220; da_is_popup=&#8220;off&#8220; da_exit_intent=&#8220;off&#8220; da_has_close=&#8220;on&#8220; da_alt_close=&#8220;off&#8220; da_dark_close=&#8220;off&#8220; da_not_modal=&#8220;on&#8220; da_is_singular=&#8220;off&#8220; da_with_loader=&#8220;off&#8220; da_has_shadow=&#8220;on&#8220;][et_pb_row _builder_version=&#8220;3.25&#8243; background_color=&#8220;#b0b0b0&#8243; max_width=&#8220;750px&#8220; module_alignment=&#8220;left&#8220; custom_padding=&#8220;|30px||30px&#8220; use_custom_width=&#8220;on&#8220; custom_width_px=&#8220;750px&#8220;][et_pb_column type=&#8220;4_4&#8243; _builder_version=&#8220;3.25&#8243; custom_padding=&#8220;|||&#8220; custom_padding__hover=&#8220;|||&#8220;][et_pb_text admin_label=&#8220;\u00dcberschrift&#8220; _builder_version=&#8220;3.27.4&#8243;]<\/p>\n<h3><span style=\"color: #1452a1; font-family: Helvetica;\"><strong>Puschkinallee 15<\/strong><\/span><\/h3>\n<p>[\/et_pb_text][et_pb_text admin_label=&#8220;Beschreibung&#8220; _builder_version=&#8220;4.6.1&#8243; custom_padding=&#8220;20px|||&#8220;]<span style=\"color: #000000;\"><strong>Beschreibung:<\/strong><\/span><br \/>\n<span style=\"color: #000000;\">Neubau einer Lagerhalle mit zwei stirnseitigen zweigeschossigen Geb\u00e4udekernen aus Stahlbeton als tragende uns aussteifende Elemente, Stahlbeton-Bodenplatte in oberfl\u00e4chenfertiger Ausf\u00fchrung ohne weiteren Bodenbelag, inklusive Erdarbeiten\/ Baugrube.<\/span><br \/>\n<span style=\"color: #000000;\">Die Baustelle befand sich im denkmalgesch\u00fctzten Ensemble des Treptower Parks, direkt im Hafengel\u00e4nde an der Spree.<\/span>[\/et_pb_text][et_pb_gallery gallery_ids=&#8220;353&#8243; show_title_and_caption=&#8220;off&#8220; show_pagination=&#8220;off&#8220; zoom_icon_color=&#8220;#2ea3f2&#8243; hover_icon=&#8220;%%13%%&#8220; _builder_version=&#8220;3.15&#8243; custom_padding=&#8220;15px||15px|&#8220; custom_css_gallery_item=&#8220;margin:0 !important;||width:20% !important;||clear:none !important;&#8220; border_width_all_image=&#8220;5px&#8220; border_color_all_image=&#8220;rgba(51,51,51,0)&#8220;][\/et_pb_gallery][et_pb_text admin_label=&#8220;Tabelle&#8220; _builder_version=&#8220;4.6.1&#8243; custom_padding=&#8220;|174px||&#8220;]<\/p>\n<table style=\"border-style: none;\">\n<tbody>\n<tr valign=\"top\">\n<td style=\"border-style: none;\"><span style=\"color: #000000;\"><strong>Auftraggeber:<\/strong><\/span><\/td>\n<td style=\"border-style: none;\"><span style=\"color: #000000;\">Stern- und Kreisschiffahrts GmbH<\/span><\/td>\n<\/tr>\n<tr valign=\"top\">\n<td style=\"border-style: none;\"><span style=\"color: #000000;\"><strong>Bauleitung:<\/strong><\/span><\/td>\n<td style=\"border-style: none;\"><span style=\"color: #000000;\">manthey architekten ingenieure<\/span><\/td>\n<\/tr>\n<tr valign=\"top\">\n<td style=\"border-style: none;\"><span style=\"color: #000000;\"><strong>Architekt:<\/strong><\/span><\/td>\n<td style=\"border-style: none;\"><span style=\"color: #000000;\">manthey architekten ingenieure<\/span><\/td>\n<\/tr>\n<tr valign=\"top\">\n<td style=\"border-style: none;\"><span style=\"color: #000000;\"><strong>Auftragsvolumen:<\/strong><\/span><\/td>\n<td style=\"border-style: none;\"><span style=\"color: #000000;\">0,2 Mio \u20ac<\/span><\/td>\n<\/tr>\n<tr>\n<td style=\"border-style: none;\"><span style=\"color: #000000;\"><strong>Bauzeit Rohbau:<\/strong><\/span><\/td>\n<td style=\"border-style: none;\"><span style=\"color: #000000;\">November\u00a02016 &#8211;\u00a0Mai 2017<\/span><\/td>\n<\/tr>\n<\/tbody>\n<\/table>\n<p>[\/et_pb_text][\/et_pb_column][\/et_pb_row][\/et_pb_section][et_pb_section fb_built=&#8220;1&#8243; custom_padding_last_edited=&#8220;on|desktop&#8220; disabled_on=&#8220;on|on|&#8220; _builder_version=&#8220;3.22&#8243; background_image=&#8220;https:\/\/kasimir-bau.de\/cms\/wp-content\/uploads\/2018\/06\/Puschkinallee-15_HGB-2.jpg&#8220; custom_padding=&#8220;50px|||160px&#8220; custom_padding_tablet=&#8220;&#8220; custom_padding_phone=&#8220;50px||215px|10px&#8220; animation_style=&#8220;fade&#8220; animation_speed_curve=&#8220;linear&#8220; custom_css_main_element=&#8220;display: block;|| min-height: 100%;|| min-width: 1024px;|| width: 100%;|| height: auto;|| background-attachment: fixed;||position: absolute!important;&#8220; da_disable_devices=&#8220;off|off|off&#8220; da_is_popup=&#8220;off&#8220; da_exit_intent=&#8220;off&#8220; da_has_close=&#8220;on&#8220; da_alt_close=&#8220;off&#8220; da_dark_close=&#8220;off&#8220; da_not_modal=&#8220;on&#8220; da_is_singular=&#8220;off&#8220; da_with_loader=&#8220;off&#8220; da_has_shadow=&#8220;on&#8220;][et_pb_row _builder_version=&#8220;3.25&#8243; background_color=&#8220;#b0b0b0&#8243; max_width=&#8220;750px&#8220; module_alignment=&#8220;left&#8220; custom_padding=&#8220;|30px||30px&#8220; custom_css_main_element=&#8220;margin-top:40px!important;&#8220; use_custom_width=&#8220;on&#8220; custom_width_px=&#8220;750px&#8220;][et_pb_column type=&#8220;4_4&#8243; _builder_version=&#8220;3.25&#8243; custom_padding=&#8220;|||&#8220; custom_padding__hover=&#8220;|||&#8220;][et_pb_text admin_label=&#8220;\u00dcberschrift&#8220; _builder_version=&#8220;3.27.4&#8243;]<\/p>\n<h3><span style=\"color: #1452a1; font-family: Helvetica;\"><strong>Puschkinallee 15<\/strong><\/span><\/h3>\n<p>[\/et_pb_text][et_pb_text admin_label=&#8220;Beschreibung&#8220; _builder_version=&#8220;3.27.4&#8243; custom_padding=&#8220;20px|||&#8220;]<span style=\"color: #ffffff; font-size: 12pt;\"><strong>Beschreibung:<\/strong><\/span><br \/>\n<span style=\"color: #ffffff; font-size: 12pt;\">Neubau einer Lagerhalle mit zwei stirnseitigen zweigeschossigen Geb\u00e4udekernen aus Stahlbeton als tragende uns aussteifende Elemente, Stahlbeton-Bodenplatte in oberfl\u00e4chenfertiger Ausf\u00fchrung ohne weiteren Bodenbelag, inklusive Erdarbeiten\/ Baugrube.<\/span><br \/>\n<span style=\"color: #ffffff; font-size: 12pt;\">Die Baustelle befand sich im denkmalgesch\u00fctzten Ensemble des Treptower Parks, direkt im Hafengel\u00e4nde an der Spree.<\/span><br \/>\n[\/et_pb_text][et_pb_gallery gallery_ids=&#8220;353&#8243; show_title_and_caption=&#8220;off&#8220; show_pagination=&#8220;off&#8220; hover_icon=&#8220;%%13%%&#8220; _builder_version=&#8220;3.12.2&#8243; custom_padding=&#8220;15px||15px|&#8220; border_width_all_image=&#8220;5px&#8220; border_color_all_image=&#8220;rgba(51,51,51,0)&#8220;][\/et_pb_gallery][et_pb_text admin_label=&#8220;Tabelle&#8220; _builder_version=&#8220;3.27.4&#8243; custom_padding=&#8220;|174px||&#8220;]<\/p>\n<table style=\"border-style: none;\">\n<tbody>\n<tr valign=\"top\">\n<td style=\"border-style: none;\"><span style=\"color: #ffffff;\"><strong>Bauleitung:<\/strong><\/span><\/td>\n<td style=\"border-style: none;\"><span style=\"color: #ffffff;\">manthey architekten ingenieure<\/span><\/td>\n<\/tr>\n<tr valign=\"top\">\n<td style=\"border-style: none;\"><span style=\"color: #ffffff;\"><strong>Architekt:<\/strong><\/span><\/td>\n<td style=\"border-style: none;\"><span style=\"color: #ffffff;\">manthey architekten ingenieure<\/span><\/td>\n<\/tr>\n<tr valign=\"top\">\n<td style=\"border-style: none;\"><span style=\"color: #ffffff;\"><strong>Auftragsvolumen:<\/strong><\/span><\/td>\n<td style=\"border-style: none;\"><span style=\"color: #ffffff;\">0,2 Mio \u20ac<\/span><\/td>\n<\/tr>\n<tr>\n<td style=\"border-style: none;\"><span style=\"color: #ffffff;\"><strong>Bauzeit Rohbau:<\/strong><\/span><\/td>\n<td style=\"border-style: none;\"><span style=\"color: #ffffff;\">November&nbsp;2016 &#8211;&nbsp;Mai 2017<\/span><\/td>\n<\/tr>\n<\/tbody>\n<\/table>\n<p>[\/et_pb_text][\/et_pb_column][\/et_pb_row][\/et_pb_section]<\/p>\n","protected":false},"excerpt":{"rendered":"<p>Puschkinallee 15 Beschreibung: Neubau einer Lagerhalle mit zwei stirnseitigen zweigeschossigen Geb\u00e4udekernen aus Stahlbeton als tragende uns aussteifende Elemente, Stahlbeton-Bodenplatte in oberfl\u00e4chenfertiger Ausf\u00fchrung ohne weiteren Bodenbelag, inklusive Erdarbeiten\/ Baugrube. Die Baustelle befand sich im denkmalgesch\u00fctzten Ensemble des Treptower Parks, direkt im Hafengel\u00e4nde an der Spree. Auftraggeber: Stern- und Kreisschiffahrts GmbH Bauleitung: manthey architekten ingenieure Architekt: manthey architekten ingenieure Auftragsvolumen: 0,2 Mio \u20ac Bauzeit Rohbau: November\u00a02016 &#8211;\u00a0Mai 2017 Puschkinallee 15 Beschreibung: Neubau einer Lagerhalle mit zwei stirnseitigen zweigeschossigen Geb\u00e4udekernen aus Stahlbeton als tragende uns aussteifende Elemente, Stahlbeton-Bodenplatte in oberfl\u00e4chenfertiger Ausf\u00fchrung ohne weiteren Bodenbelag, inklusive Erdarbeiten\/ Baugrube. Die Baustelle befand sich im denkmalgesch\u00fctzten Ensemble des Treptower Parks, direkt im Hafengel\u00e4nde an der Spree. Bauleitung: manthey architekten ingenieure Architekt: manthey architekten ingenieure Auftragsvolumen: 0,2 Mio \u20ac Bauzeit Rohbau: November&nbsp;2016 &#8211;&nbsp;Mai 2017<\/p>\n","protected":false},"author":1,"featured_media":0,"parent":742,"menu_order":9,"comment_status":"closed","ping_status":"closed","template":"","meta":{"_et_pb_use_builder":"on","_et_pb_old_content":"<p><strong>Beschreibung:<\/strong><br \/>Neubau einer Lagerhalle mit zwei stirnseitigen zweigeschossigen Geb\u00e4udekernen aus Stahlbeton als tragende uns aussteifende Elemente, Stahlbeton-Bodenplatte in oberfl\u00e4chenfertiger Ausf\u00fchrung ohne weiteren Bodenbelag, inklusive Erdarbeiten\/ Baugrube. <br \/>Die Baustelle befand sich im denkmalgesch\u00fctzten Ensemble des Treptower Parks, direkt im Hafengel\u00e4nde an der Spree.<br \/>\u00a0{phocagallery view=category|categoryid=60}<\/p><table><tbody><tr valign=\"top\"><td><strong>Auftraggeber:<\/strong><\/td><td>Stern- und Kreisschiffahrts GmbH<\/td><\/tr><tr valign=\"top\"><td><strong>Bauleitung:<\/strong><\/td><td>manthey architekten ingenieure<\/td><\/tr><tr valign=\"top\"><td><strong>Architekt:<\/strong><\/td><td>manthey architekten ingenieure<\/td><\/tr><tr valign=\"top\"><td><strong>Auftragsvolumen:<\/strong><\/td><td>0,2 Mio \u20ac<\/td><\/tr><tr><td><strong>Bauzeit Rohbau:\u00a0\u00a0\u00a0\u00a0\u00a0\u00a0\u00a0\u00a0\u00a0\u00a0<\/strong><\/td><td>November\u00a02016 -\u00a0Mai 2017<\/td><\/tr><\/tbody><\/table>","_et_gb_content_width":"","footnotes":""},"class_list":["post-93","page","type-page","status-publish","hentry"],"_links":{"self":[{"href":"https:\/\/kasimir-bau.de\/cms\/wp-json\/wp\/v2\/pages\/93","targetHints":{"allow":["GET"]}}],"collection":[{"href":"https:\/\/kasimir-bau.de\/cms\/wp-json\/wp\/v2\/pages"}],"about":[{"href":"https:\/\/kasimir-bau.de\/cms\/wp-json\/wp\/v2\/types\/page"}],"author":[{"embeddable":true,"href":"https:\/\/kasimir-bau.de\/cms\/wp-json\/wp\/v2\/users\/1"}],"replies":[{"embeddable":true,"href":"https:\/\/kasimir-bau.de\/cms\/wp-json\/wp\/v2\/comments?post=93"}],"version-history":[{"count":10,"href":"https:\/\/kasimir-bau.de\/cms\/wp-json\/wp\/v2\/pages\/93\/revisions"}],"predecessor-version":[{"id":9635,"href":"https:\/\/kasimir-bau.de\/cms\/wp-json\/wp\/v2\/pages\/93\/revisions\/9635"}],"up":[{"embeddable":true,"href":"https:\/\/kasimir-bau.de\/cms\/wp-json\/wp\/v2\/pages\/742"}],"wp:attachment":[{"href":"https:\/\/kasimir-bau.de\/cms\/wp-json\/wp\/v2\/media?parent=93"}],"curies":[{"name":"wp","href":"https:\/\/api.w.org\/{rel}","templated":true}]}}