{"id":9295,"date":"2020-08-06T11:23:42","date_gmt":"2020-08-06T09:23:42","guid":{"rendered":"https:\/\/kasimir-bau.de\/cms\/?page_id=9295"},"modified":"2020-09-02T11:58:43","modified_gmt":"2020-09-02T09:58:43","slug":"wielandstrasse-26","status":"publish","type":"page","link":"https:\/\/kasimir-bau.de\/cms\/referenzen\/privat\/wielandstrasse-26\/","title":{"rendered":"Wielandstra\u00dfe 26"},"content":{"rendered":"<p>[et_pb_section fb_built=&#8220;1&#8243; custom_padding_last_edited=&#8220;on|desktop&#8220; disabled_on=&#8220;||off&#8220; _builder_version=&#8220;4.5.3&#8243; background_color=&#8220;rgba(255,255,255,0.01)&#8220; background_image=&#8220;https:\/\/kasimir-bau.de\/cms\/wp-content\/uploads\/2020\/08\/2020-04-42.jpg&#8220; parallax=&#8220;on&#8220; parallax_method=&#8220;off&#8220; custom_padding=&#8220;50px||200px|180px&#8220; custom_padding_tablet=&#8220;10px||120px|10px&#8220; custom_padding_phone=&#8220;&#8220; animation_style=&#8220;fade&#8220; animation_speed_curve=&#8220;linear&#8220; da_disable_devices=&#8220;off|off|off&#8220; da_is_popup=&#8220;off&#8220; da_exit_intent=&#8220;off&#8220; da_has_close=&#8220;on&#8220; da_alt_close=&#8220;off&#8220; da_dark_close=&#8220;off&#8220; da_not_modal=&#8220;on&#8220; da_is_singular=&#8220;off&#8220; da_with_loader=&#8220;off&#8220; da_has_shadow=&#8220;on&#8220;][et_pb_row module_class=&#8220;schrift1&#8243; _builder_version=&#8220;3.25&#8243; background_color=&#8220;#b0b0b0&#8243; max_width=&#8220;750px&#8220; module_alignment=&#8220;left&#8220; custom_margin_tablet=&#8220;&#8220; custom_margin_phone=&#8220;10px|||&#8220; custom_margin_last_edited=&#8220;on|phone&#8220; custom_padding=&#8220;10px|10px|10px|10px&#8220; animation_style=&#8220;fade&#8220; border_color_all=&#8220;rgba(255,255,255,0)&#8220; use_custom_width=&#8220;on&#8220; custom_width_px=&#8220;750px&#8220;][et_pb_column type=&#8220;4_4&#8243; _builder_version=&#8220;3.25&#8243; custom_padding=&#8220;|||&#8220; custom_padding__hover=&#8220;|||&#8220;][et_pb_text admin_label=&#8220;Wielandstr. 26&#8243; _builder_version=&#8220;4.5.3&#8243; custom_padding=&#8220;10px|10px|10px|10px&#8220;]<\/p>\n<h3 class=\"entry-title\"><span style=\"font-family: Arial, Helvetica, sans-serif;\"><strong><span style=\"color: #0054aa;\">Wielandstr. 26<\/span><\/strong><\/span><\/h3>\n<p>[\/et_pb_text][et_pb_text admin_label=&#8220;Beschreibung&#8220; _builder_version=&#8220;4.5.3&#8243; custom_padding=&#8220;10px|10px|35px|10px&#8220; custom_padding_tablet=&#8220;&#8220; custom_padding_phone=&#8220;&#8220; custom_padding_last_edited=&#8220;on|desktop&#8220;]<\/p>\n<p><span style=\"color: #000000;\"><strong>Beschreibung:<\/strong><\/span><br \/>Bei diesem Bauvorhaben handelt es sich um den nachtr\u00e4glichen Einbau einer Tiefgarage mit 12 Stellpl\u00e4tzen in ein gr\u00fcnderzeitlich, denkmalgesch\u00fctztes Geb\u00e4ude.<br \/>Die Arbeiten stehen im Zusammenhang mit dem geplanten Um- und Ausbau des Daches, Spitzbodens sowie bereichsweise der Wohneinheiten des dritten und vierten Obergeschosses. In der Tiefgarage sind folgende Ma\u00dfnahmen geplant:<br \/>Einbau eines-PKW Aufzuges,Einbau einer neuen WU-Betonsohle mit umlaufender Br\u00fcstung, Abfangung der Tragenden Kellerw\u00e4nde im Bereich der Tiefgarage durch Stahltr\u00e4ger und Stahlst\u00fctzen, Anpassung der Treppenh\u00e4user sowie diverse kleinere Umbauma\u00dfnahmen.<\/p>\n<p>[\/et_pb_text][et_pb_gallery gallery_ids=&#8220;9298,8206,9299,9300,9301&#8243; posts_number=&#8220;15&#8243; show_title_and_caption=&#8220;off&#8220; show_pagination=&#8220;off&#8220; hover_icon=&#8220;%%13%%&#8220; _builder_version=&#8220;4.5.3&#8243; custom_css_gallery_item=&#8220;margin:0 !important;||width:20% !important;||clear:none !important;||&#8220; border_width_all_image=&#8220;5px&#8220; border_color_all_image=&#8220;rgba(51,51,51,0)&#8220;][\/et_pb_gallery][et_pb_text admin_label=&#8220;Tabelle&#8220; _builder_version=&#8220;4.5.3&#8243; custom_padding=&#8220;20px|0px|0px|0px&#8220; custom_padding_tablet=&#8220;|0px||&#8220; custom_padding_phone=&#8220;&#8220; custom_padding_last_edited=&#8220;on|desktop&#8220;]<\/p>\n<table style=\"border-style: none; width: 549px; height: 196px;\">\n<tbody>\n<tr style=\"border-style: none;\" valign=\"top\">\n<td style=\"border-style: none; vertical-align: top; width: 156.9px; height: 21px;\"><strong>Auftraggeber:<\/strong><\/td>\n<td style=\"border-style: none; vertical-align: top; width: 392.1px; height: 21px;\">D\u00fcsseldorfer &amp; Berliner Grundverm\u00f6gen GmbH<\/td>\n<\/tr>\n<tr style=\"border-style: none;\" valign=\"top\">\n<td style=\"border-style: none; vertical-align: top; width: 156.9px; height: 21px;\"><strong>Planung:<\/strong><\/td>\n<td style=\"border-style: none; vertical-align: top; width: 392.1px; height: 21px;\">Patzschke Planungsgesellschaft mbH<\/td>\n<\/tr>\n<tr style=\"border-style: none;\" valign=\"top\">\n<td style=\"border-style: none; vertical-align: top; width: 156.9px; height: 21px;\"><strong>Bauleitung:<\/strong><\/td>\n<td style=\"border-style: none; vertical-align: top; width: 392.1px; height: 21px;\">trilith GmbH<\/td>\n<\/tr>\n<tr style=\"border-style: none;\" valign=\"top\">\n<td style=\"border-style: none; vertical-align: top; width: 156.9px; height: 21px;\"><strong>Auftragsvolumen:<\/strong><\/td>\n<td style=\"border-style: none; vertical-align: top; width: 392.1px; height: 21px;\">1,4 Mio Euro<\/td>\n<\/tr>\n<tr style=\"border-style: none;\" valign=\"top\">\n<td style=\"border-style: none; vertical-align: top; width: 156.9px; height: 21px;\"><strong>Bauzeit Rohbau:<\/strong><\/td>\n<td style=\"border-style: none; vertical-align: top; width: 392.1px; height: 21px;\">Juli 2019 &#8211; Juli 2020<\/td>\n<\/tr>\n<\/tbody>\n<\/table>\n<p>&nbsp;<\/p>\n<p>[\/et_pb_text][\/et_pb_column][\/et_pb_row][\/et_pb_section]<\/p>\n","protected":false},"excerpt":{"rendered":"<p>Wielandstr. 26Beschreibung:Bei diesem Bauvorhaben handelt es sich um den nachtr\u00e4glichen Einbau einer Tiefgarage mit 12 Stellpl\u00e4tzen in ein gr\u00fcnderzeitlich, denkmalgesch\u00fctztes Geb\u00e4ude.Die Arbeiten stehen im Zusammenhang mit dem geplanten Um- und Ausbau des Daches, Spitzbodens sowie bereichsweise der Wohneinheiten des dritten und vierten Obergeschosses. In der Tiefgarage sind folgende Ma\u00dfnahmen geplant:Einbau eines-PKW Aufzuges,Einbau einer neuen WU-Betonsohle mit umlaufender Br\u00fcstung, Abfangung der Tragenden Kellerw\u00e4nde im Bereich der Tiefgarage durch Stahltr\u00e4ger und Stahlst\u00fctzen, Anpassung der Treppenh\u00e4user sowie diverse kleinere Umbauma\u00dfnahmen. Auftraggeber: D\u00fcsseldorfer &amp; Berliner Grundverm\u00f6gen GmbH Planung: Patzschke Planungsgesellschaft mbH Bauleitung: trilith GmbH Auftragsvolumen: 1,4 Mio Euro Bauzeit Rohbau: Juli 2019 &#8211; Juli 2020 &nbsp;<\/p>\n","protected":false},"author":3,"featured_media":0,"parent":746,"menu_order":0,"comment_status":"closed","ping_status":"closed","template":"","meta":{"_et_pb_use_builder":"on","_et_pb_old_content":"","_et_gb_content_width":"","footnotes":""},"class_list":["post-9295","page","type-page","status-publish","hentry"],"_links":{"self":[{"href":"https:\/\/kasimir-bau.de\/cms\/wp-json\/wp\/v2\/pages\/9295","targetHints":{"allow":["GET"]}}],"collection":[{"href":"https:\/\/kasimir-bau.de\/cms\/wp-json\/wp\/v2\/pages"}],"about":[{"href":"https:\/\/kasimir-bau.de\/cms\/wp-json\/wp\/v2\/types\/page"}],"author":[{"embeddable":true,"href":"https:\/\/kasimir-bau.de\/cms\/wp-json\/wp\/v2\/users\/3"}],"replies":[{"embeddable":true,"href":"https:\/\/kasimir-bau.de\/cms\/wp-json\/wp\/v2\/comments?post=9295"}],"version-history":[{"count":7,"href":"https:\/\/kasimir-bau.de\/cms\/wp-json\/wp\/v2\/pages\/9295\/revisions"}],"predecessor-version":[{"id":9520,"href":"https:\/\/kasimir-bau.de\/cms\/wp-json\/wp\/v2\/pages\/9295\/revisions\/9520"}],"up":[{"embeddable":true,"href":"https:\/\/kasimir-bau.de\/cms\/wp-json\/wp\/v2\/pages\/746"}],"wp:attachment":[{"href":"https:\/\/kasimir-bau.de\/cms\/wp-json\/wp\/v2\/media?parent=9295"}],"curies":[{"name":"wp","href":"https:\/\/api.w.org\/{rel}","templated":true}]}}