{"id":8627,"date":"2020-04-30T09:42:52","date_gmt":"2020-04-30T07:42:52","guid":{"rendered":"https:\/\/kasimir-bau.de\/cms\/?page_id=8627"},"modified":"2020-09-02T12:41:45","modified_gmt":"2020-09-02T10:41:45","slug":"spittastr-2","status":"publish","type":"page","link":"https:\/\/kasimir-bau.de\/cms\/referenzen\/wohnungsbau\/spittastr-2\/","title":{"rendered":"Spittastr. 2"},"content":{"rendered":"<p>[et_pb_section fb_built=&#8220;1&#8243; custom_padding_last_edited=&#8220;on|desktop&#8220; disabled_on=&#8220;||off&#8220; _builder_version=&#8220;4.1&#8243; background_color=&#8220;rgba(255,255,255,0.01)&#8220; background_image=&#8220;https:\/\/kasimir-bau.de\/cms\/wp-content\/uploads\/2018\/06\/spittastr_2_02-1.jpg&#8220; parallax=&#8220;on&#8220; parallax_method=&#8220;off&#8220; custom_padding=&#8220;50px||200px|180px&#8220; custom_padding_tablet=&#8220;10px||120px|10px&#8220; custom_padding_phone=&#8220;&#8220; animation_style=&#8220;fade&#8220; animation_speed_curve=&#8220;linear&#8220; da_is_popup=&#8220;off&#8220; da_exit_intent=&#8220;off&#8220; da_has_close=&#8220;on&#8220; da_alt_close=&#8220;off&#8220; da_dark_close=&#8220;off&#8220; da_not_modal=&#8220;on&#8220; da_is_singular=&#8220;off&#8220; da_with_loader=&#8220;off&#8220; da_has_shadow=&#8220;on&#8220; da_disable_devices=&#8220;off|off|off&#8220;][et_pb_row module_class=&#8220;schrift1&#8243; _builder_version=&#8220;3.25&#8243; background_color=&#8220;#b0b0b0&#8243; max_width=&#8220;750px&#8220; module_alignment=&#8220;left&#8220; custom_margin_tablet=&#8220;&#8220; custom_margin_phone=&#8220;10px|||&#8220; custom_margin_last_edited=&#8220;on|phone&#8220; custom_padding=&#8220;10px|10px|10px|10px&#8220; animation_style=&#8220;fade&#8220; border_color_all=&#8220;rgba(255,255,255,0)&#8220; use_custom_width=&#8220;on&#8220; custom_width_px=&#8220;750px&#8220;][et_pb_column type=&#8220;4_4&#8243; _builder_version=&#8220;3.25&#8243; custom_padding=&#8220;|||&#8220; custom_padding__hover=&#8220;|||&#8220;][et_pb_text admin_label=&#8220;Spittastr. 2&#8243; _builder_version=&#8220;4.1&#8243; custom_padding=&#8220;10px|10px|10px|10px&#8220;]<\/p>\n<h3 class=\"entry-title\"><span style=\"font-family: Arial, Helvetica, sans-serif;\"><strong><span style=\"color: #0054aa;\">Spittastr. 2<\/span><\/strong><\/span><\/h3>\n<p>[\/et_pb_text][et_pb_text admin_label=&#8220;Beschreibung&#8220; _builder_version=&#8220;4.1&#8243; custom_padding=&#8220;10px|10px|35px|10px&#8220; custom_padding_tablet=&#8220;&#8220; custom_padding_phone=&#8220;&#8220; custom_padding_last_edited=&#8220;on|desktop&#8220;]<span style=\"color: #000000;\">Neubau eines 5-geschossigen Mehrfamilienwohnhauses mit 21 Wohneinheiten als Massivbau in<\/span><br \/>\n<span style=\"color: #000000;\">Mauerwerksbauweise mit zwei Treppenh\u00e4usern und einem Aufzug.<\/span><br \/>\n<span style=\"color: #000000;\">Das Eckgeb\u00e4ude orientiert sich mit seiner Hauptfassade in S\u00fcsostausrichtung zur Spittastra\u00dfe und mit einer Fassade nach Nordosten. Die Hoffassaden sind entsprechend in S\u00fcdwest- bzw. Nordwestausrichtung. Das architektonische Gesamtkonzept der stingvanbeeck Architekten sieht eine Hauptorientierung der Wohnr\u00e4ume nach Westen und S\u00fcden zur Gartenseite vor. Eine der vier Wohnungen pro Geschoss ist in S\u00fcdostausrichtung zur Spittastra\u00dfe orientiert.<\/span><br \/>\n<span style=\"color: #000000;\">Leistungsumfang der Kasimir Bauunternehmung sind die Erd- und Gr\u00fcndungsarbeiten sowie die Rohbauleistungen<\/span>[\/et_pb_text][et_pb_gallery gallery_ids=&#8220;317,316,8625&#8243; posts_number=&#8220;15&#8243; show_title_and_caption=&#8220;off&#8220; show_pagination=&#8220;off&#8220; hover_icon=&#8220;%%13%%&#8220; _builder_version=&#8220;4.1&#8243; custom_css_gallery_item=&#8220;margin:0 !important;||width:20% !important;||clear:none !important;||&#8220; border_width_all_image=&#8220;5px&#8220; border_color_all_image=&#8220;rgba(51,51,51,0)&#8220;][\/et_pb_gallery][et_pb_text admin_label=&#8220;Tabelle&#8220; _builder_version=&#8220;4.1&#8243; custom_padding=&#8220;20px|0px|0px|0px&#8220; custom_padding_tablet=&#8220;|0px||&#8220; custom_padding_phone=&#8220;&#8220; custom_padding_last_edited=&#8220;on|desktop&#8220;]<\/p>\n<p><span style=\"color: #000000;\"><strong>Auftraggeber: <\/strong><\/span><span style=\"color: #000000;\">Baugemeinschaft spitta.max GbR<br \/><\/span><br \/>\n<span style=\"color: #000000;\"><strong>Architekt: <\/strong><\/span><span style=\"color: #000000;\">stingvanbeeck architekten<br \/><\/span><br \/>\n<span style=\"color: #000000;\"><strong>Bauleitung: <\/strong><\/span><span style=\"color: #000000;\">Dipl.-Ing. Dyrk Ruffer<br \/><\/span><br \/>\n<span style=\"color: #000000;\"><strong>Auftragsvolumen: <\/strong><\/span><span style=\"color: #000000;\">1,5 Mio Euro<br \/><\/span><br \/>\n<span style=\"color: #000000;\"><strong>Bauzeit Rohbau: <\/strong><\/span><span style=\"color: #000000;\">September 2017 &#8211; November 2018<\/span><\/p>\n<p>[\/et_pb_text][\/et_pb_column][\/et_pb_row][\/et_pb_section]<\/p>\n","protected":false},"excerpt":{"rendered":"<p>Spittastr. 2Neubau eines 5-geschossigen Mehrfamilienwohnhauses mit 21 Wohneinheiten als Massivbau in Mauerwerksbauweise mit zwei Treppenh\u00e4usern und einem Aufzug. Das Eckgeb\u00e4ude orientiert sich mit seiner Hauptfassade in S\u00fcsostausrichtung zur Spittastra\u00dfe und mit einer Fassade nach Nordosten. Die Hoffassaden sind entsprechend in S\u00fcdwest- bzw. Nordwestausrichtung. Das architektonische Gesamtkonzept der stingvanbeeck Architekten sieht eine Hauptorientierung der Wohnr\u00e4ume nach Westen und S\u00fcden zur Gartenseite vor. Eine der vier Wohnungen pro Geschoss ist in S\u00fcdostausrichtung zur Spittastra\u00dfe orientiert. Leistungsumfang der Kasimir Bauunternehmung sind die Erd- und Gr\u00fcndungsarbeiten sowie die RohbauleistungenAuftraggeber: Baugemeinschaft spitta.max GbR Architekt: stingvanbeeck architekten Bauleitung: Dipl.-Ing. Dyrk Ruffer Auftragsvolumen: 1,5 Mio Euro Bauzeit Rohbau: September 2017 &#8211; November 2018<\/p>\n","protected":false},"author":3,"featured_media":0,"parent":740,"menu_order":0,"comment_status":"closed","ping_status":"closed","template":"","meta":{"_et_pb_use_builder":"on","_et_pb_old_content":"","_et_gb_content_width":"","footnotes":""},"class_list":["post-8627","page","type-page","status-publish","hentry"],"_links":{"self":[{"href":"https:\/\/kasimir-bau.de\/cms\/wp-json\/wp\/v2\/pages\/8627","targetHints":{"allow":["GET"]}}],"collection":[{"href":"https:\/\/kasimir-bau.de\/cms\/wp-json\/wp\/v2\/pages"}],"about":[{"href":"https:\/\/kasimir-bau.de\/cms\/wp-json\/wp\/v2\/types\/page"}],"author":[{"embeddable":true,"href":"https:\/\/kasimir-bau.de\/cms\/wp-json\/wp\/v2\/users\/3"}],"replies":[{"embeddable":true,"href":"https:\/\/kasimir-bau.de\/cms\/wp-json\/wp\/v2\/comments?post=8627"}],"version-history":[{"count":8,"href":"https:\/\/kasimir-bau.de\/cms\/wp-json\/wp\/v2\/pages\/8627\/revisions"}],"predecessor-version":[{"id":9522,"href":"https:\/\/kasimir-bau.de\/cms\/wp-json\/wp\/v2\/pages\/8627\/revisions\/9522"}],"up":[{"embeddable":true,"href":"https:\/\/kasimir-bau.de\/cms\/wp-json\/wp\/v2\/pages\/740"}],"wp:attachment":[{"href":"https:\/\/kasimir-bau.de\/cms\/wp-json\/wp\/v2\/media?parent=8627"}],"curies":[{"name":"wp","href":"https:\/\/api.w.org\/{rel}","templated":true}]}}