{"id":82,"date":"2015-04-27T06:25:51","date_gmt":"2015-04-27T04:25:51","guid":{"rendered":"http:\/\/kasimir-bau.de\/cms\/zeughofstr-1\/"},"modified":"2019-01-08T14:32:06","modified_gmt":"2019-01-08T13:32:06","slug":"zeughofstr-1","status":"publish","type":"page","link":"https:\/\/kasimir-bau.de\/cms\/referenzen\/industrie_gewerbe\/zeughofstr-1\/","title":{"rendered":"Zeughofstr. 1"},"content":{"rendered":"<p>[et_pb_section bb_built=&#8220;1&#8243; _builder_version=&#8220;3.15&#8243; parallax=&#8220;on&#8220; parallax_method=&#8220;off&#8220; custom_padding=&#8220;74px|||180px&#8220; background_color=&#8220;rgba(127,127,127,0)&#8220; custom_padding_phone=&#8220;50px|||10px&#8220; custom_padding_last_edited=&#8220;on|desktop&#8220;][et_pb_row use_custom_width=&#8220;on&#8220; custom_width_px=&#8220;750px&#8220; custom_padding=&#8220;|30px||30px&#8220; _builder_version=&#8220;3.10.2&#8243; background_color=&#8220;#b0b0b0&#8243; module_alignment=&#8220;left&#8220;][et_pb_column type=&#8220;4_4&#8243;][et_pb_text admin_label=&#8220;\u00dcberschrift&#8220; _builder_version=&#8220;3.12.2&#8243;]<\/p>\n<h3><span style=\"color: #1452a1; font-family: Helvetica;\"><strong>Zeughofstr. 1<\/strong><\/span><\/h3>\n<p>[\/et_pb_text][et_pb_text admin_label=&#8220;Beschreibung&#8220; _builder_version=&#8220;3.15&#8243;]<\/p>\n<p><span style=\"color: #ffffff;\"><strong>Beschreibung:<\/strong><br \/>\nEin 4-geschossiges Geb\u00e4ude aus den 50er Jahren&nbsp;wird als B\u00fcrogeb\u00e4ude instandgesetzt, umgebaut und durch eine 2-geschossige Aufstockung erweitert.<\/span><\/p>\n<p>[\/et_pb_text][et_pb_gallery gallery_ids=&#8220;352&#8243; show_title_and_caption=&#8220;off&#8220; show_pagination=&#8220;off&#8220; hover_icon=&#8220;%%13%%&#8220; _builder_version=&#8220;3.15&#8243; border_width_all_image=&#8220;5px&#8220; border_color_all_image=&#8220;rgba(51,51,51,0)&#8220; custom_padding=&#8220;15px||15px|&#8220; zoom_icon_color=&#8220;#2ea3f2&#8243; hover_overlay_color=&#8220;rgba(255,255,255,0.9)&#8220; custom_css_gallery_item=&#8220;margin:0 !important;||width:20% !important;||clear:none !important;&#8220;]<\/p>\n<p>&nbsp;<\/p>\n<p>[\/et_pb_gallery][et_pb_text admin_label=&#8220;Tabelle&#8220; _builder_version=&#8220;3.18.8&#8243; custom_padding=&#8220;|304px||&#8220;]<\/p>\n<table style=\"border-style: none;\">\n<tbody>\n<tr>\n<td style=\"border-style: none;\"><span style=\"color: #ffffff;\"><strong>Auftragsvolumen:<br \/>\n<\/strong><\/span><\/td>\n<td style=\"border-style: none;\"><span style=\"color: #ffffff;\">1,7&nbsp;Mio. EUR<\/span><\/td>\n<\/tr>\n<tr>\n<td style=\"border-style: none;\"><span style=\"color: #ffffff;\"><strong>Bauzeit:<\/strong><\/span><\/td>\n<td style=\"border-style: none;\"><span style=\"color: #ffffff;\">Juli&nbsp;2015 &#8211;&nbsp;Mai 2016<\/span><\/td>\n<\/tr>\n<\/tbody>\n<\/table>\n<p>[\/et_pb_text][\/et_pb_column][\/et_pb_row][\/et_pb_section]<\/p>\n","protected":false},"excerpt":{"rendered":"<p>Zeughofstr. 1 Beschreibung: Ein 4-geschossiges Geb\u00e4ude aus den 50er Jahren&nbsp;wird als B\u00fcrogeb\u00e4ude instandgesetzt, umgebaut und durch eine 2-geschossige Aufstockung erweitert. &nbsp; Auftragsvolumen: 1,7&nbsp;Mio. EUR Bauzeit: Juli&nbsp;2015 &#8211;&nbsp;Mai 2016<\/p>\n","protected":false},"author":1,"featured_media":0,"parent":742,"menu_order":8,"comment_status":"closed","ping_status":"closed","template":"","meta":{"_et_pb_use_builder":"on","_et_pb_old_content":"<p><strong>Beschreibung:<\/strong><br \/>Ein 4-geschossiges Geb\u00e4ude aus den 50er Jahren\u00a0wird als B\u00fcrogeb\u00e4ude instandgesetzt, umgebaut und durch eine 2-geschossige Aufstockung erweitert.<br \/>{phocagallery view=category|categoryid=48}<\/p><table><tbody><tr valign=\"top\"><td><strong>Auftragsvolumen: \u00a0\u00a0\u00a0\u00a0\u00a0\u00a0\u00a0\u00a0\u00a0\u00a0<br \/><\/strong><\/td><td>1,7\u00a0Mio. EUR<\/td><\/tr><tr><td><strong>Bauzeit:<\/strong><\/td><td>Juli\u00a02015 -\u00a0Mai 2016<\/td><\/tr><\/tbody><\/table>","_et_gb_content_width":"","footnotes":""},"class_list":["post-82","page","type-page","status-publish","hentry"],"_links":{"self":[{"href":"https:\/\/kasimir-bau.de\/cms\/wp-json\/wp\/v2\/pages\/82","targetHints":{"allow":["GET"]}}],"collection":[{"href":"https:\/\/kasimir-bau.de\/cms\/wp-json\/wp\/v2\/pages"}],"about":[{"href":"https:\/\/kasimir-bau.de\/cms\/wp-json\/wp\/v2\/types\/page"}],"author":[{"embeddable":true,"href":"https:\/\/kasimir-bau.de\/cms\/wp-json\/wp\/v2\/users\/1"}],"replies":[{"embeddable":true,"href":"https:\/\/kasimir-bau.de\/cms\/wp-json\/wp\/v2\/comments?post=82"}],"version-history":[{"count":10,"href":"https:\/\/kasimir-bau.de\/cms\/wp-json\/wp\/v2\/pages\/82\/revisions"}],"predecessor-version":[{"id":7107,"href":"https:\/\/kasimir-bau.de\/cms\/wp-json\/wp\/v2\/pages\/82\/revisions\/7107"}],"up":[{"embeddable":true,"href":"https:\/\/kasimir-bau.de\/cms\/wp-json\/wp\/v2\/pages\/742"}],"wp:attachment":[{"href":"https:\/\/kasimir-bau.de\/cms\/wp-json\/wp\/v2\/media?parent=82"}],"curies":[{"name":"wp","href":"https:\/\/api.w.org\/{rel}","templated":true}]}}