{"id":753,"date":"2018-06-12T09:04:49","date_gmt":"2018-06-12T07:04:49","guid":{"rendered":"http:\/\/kasimir-bau.de\/cms\/?page_id=753"},"modified":"2021-02-02T09:36:55","modified_gmt":"2021-02-02T08:36:55","slug":"ueber-uns","status":"publish","type":"page","link":"https:\/\/kasimir-bau.de\/cms\/ueber-uns\/","title":{"rendered":"Ueber uns"},"content":{"rendered":"<p>[et_pb_section fb_built=&#8220;1&#8243; _builder_version=&#8220;3.22&#8243; background_image=&#8220;https:\/\/kasimir-bau.de\/cms\/wp-content\/uploads\/2018\/06\/bg-blank-2.jpg&#8220; parallax=&#8220;on&#8220; parallax_method=&#8220;off&#8220; da_disable_devices=&#8220;off|off|off&#8220; da_is_popup=&#8220;off&#8220; da_exit_intent=&#8220;off&#8220; da_has_close=&#8220;on&#8220; da_alt_close=&#8220;off&#8220; da_dark_close=&#8220;off&#8220; da_not_modal=&#8220;on&#8220; da_is_singular=&#8220;off&#8220; da_with_loader=&#8220;off&#8220; da_has_shadow=&#8220;on&#8220;][et_pb_row _builder_version=&#8220;3.25&#8243; background_color=&#8220;#ffffff&#8220; max_width=&#8220;850px&#8220; use_custom_width=&#8220;on&#8220; custom_width_px=&#8220;850px&#8220;][et_pb_column type=&#8220;4_4&#8243; _builder_version=&#8220;3.25&#8243; custom_padding=&#8220;|||&#8220; custom_padding__hover=&#8220;|||&#8220;][et_pb_text _builder_version=&#8220;3.27.4&#8243; custom_padding=&#8220;20px|20px|20px|20px&#8220;]<\/p>\n<h3><span style=\"color: #1452a1;\"><strong>Tradition trifft modernste Bautechnik<\/strong><\/span><\/h3>\n<p>[\/et_pb_text][et_pb_text _builder_version=&#8220;4.8.1&#8243; custom_padding=&#8220;20px|20px|20px|20px&#8220;]<\/p>\n<p><img loading=\"lazy\" decoding=\"async\" class=\"alignleft wp-image-159\" src=\"https:\/\/kasimir-bau.de\/cms\/wp-content\/uploads\/2018\/06\/portrait-junior-1-e1536923975689.jpg\" alt=\"\" width=\"204\" height=\"247\" srcset=\"https:\/\/kasimir-bau.de\/cms\/wp-content\/uploads\/2018\/06\/portrait-junior-1-e1536923975689.jpg 399w, https:\/\/kasimir-bau.de\/cms\/wp-content\/uploads\/2018\/06\/portrait-junior-1-e1536923975689-66x80.jpg 66w, https:\/\/kasimir-bau.de\/cms\/wp-content\/uploads\/2018\/06\/portrait-junior-1-e1536923975689-248x300.jpg 248w\" sizes=\"(max-width: 204px) 100vw, 204px\" \/>Kurz vor der Wende gr\u00fcndete Horst Kasimir die Horst Kasimir Bauunternehmung GmbH und folgte damit seinem unternehmerischen Instinkt, der Risikofreude und der Neugier auf neue Materialien und innovative Technik, die noch immer der Grundpfeiler der Firmenphilosophie sind.<\/p>\n<p><span style=\"color: #000000;\">Vor 1989 hatte Horst Kasimir bereits jahrzehntelange Erfahrung am Bau gesammelt, zuletzt als Gesch\u00e4ftsf\u00fchrer und Mitgesellschafter eines mittelst\u00e4ndischen Bauunternehmens in Berlin.<\/span><\/p>\n<p><span style=\"color: #000000;\">Von Anfang an lag sein Fokus auf dem qualifizierten Ingenieur-Hochbau. Aber noch mehr interessierte er sich f\u00fcr die W\u00fcnsche und Ideen seiner Kunden und wie man diese in Beton und Stein umsetzen kann.<\/span><br \/><span style=\"color: #000000;\">Viele Villen und Bauten namhafter Pers\u00f6nlichkeiten im S\u00fcdwesten von Berlin zeugen von seinem unternehmerischen Schaffen.<\/span><\/p>\n<p><span style=\"color: #000000;\">Der 2. Pfeiler der Erfolgsgeschichte der Horst Kasimir Bauunternehmung sind die Mitarbeiter. Von Beginn an setzt Horst Kasimir ausschlie\u00dflich auf eigenes Stamm-Personal. Die meisten der heute fast 100 Mitarbeiter sind schon lange im Unternehmen.<\/span><br \/><span style=\"color: #000000;\">Durch die intensiv betriebene Ausbildung in unterschiedlichen Ausbildungsberufen wurde der Nachwuchs gezielt auf die Bed\u00fcrfnisse des Ingenieur-Hochbaus vorbereitet.<\/span><\/p>\n<p><span style=\"color: #000000;\">Seit 1989 haben wir 45 Auszubildende erfolgreich zur Gesellenpr\u00fcfung gef\u00fchrt, viele wurden ins Unternehmen \u00fcbernommen. Durch die eigene Ausbildung erreicht man die gew\u00fcnschte Mischung aus Erfahrung und frischen Ideen.<\/span><\/p>\n<p>[\/et_pb_text][et_pb_text _builder_version=&#8220;4.8.1&#8243; custom_padding=&#8220;20px|20px|20px|20px&#8220; hover_enabled=&#8220;0&#8243; sticky_enabled=&#8220;0&#8243;]<\/p>\n<p><img loading=\"lazy\" decoding=\"async\" class=\" wp-image-162 alignleft\" src=\"https:\/\/kasimir-bau.de\/cms\/wp-content\/uploads\/2018\/06\/portrait-senior-200-1.jpg\" alt=\"\" width=\"212\" height=\"264\" srcset=\"https:\/\/kasimir-bau.de\/cms\/wp-content\/uploads\/2018\/06\/portrait-senior-200-1.jpg 200w, https:\/\/kasimir-bau.de\/cms\/wp-content\/uploads\/2018\/06\/portrait-senior-200-1-64x80.jpg 64w, https:\/\/kasimir-bau.de\/cms\/wp-content\/uploads\/2018\/06\/portrait-senior-200-1-91x113.jpg 91w\" sizes=\"(max-width: 212px) 100vw, 212px\" \/><\/p>\n<p>Bereits 6 Jahre nach der Gr\u00fcndung wurde mit dem Neubau des futuristisch anmutenden Verwaltungsgeb\u00e4udes in M\u00fchlenbeck, vor den Toren Berlins, nicht nur die erfolgreiche Unternehmensentwicklung sichtbar, sondern auch die Zuneigung und Verbundenheit zum Land Brandenburg. Berlin war und bleibt aber der wichtigste Markt f\u00fcr das Unternehmen. Hinzu sind immer mehr Bauprojekte f\u00fcr Industrie und Wohnbau im direkten Umland und insbesondere in Potsdam gekommen.<\/p>\n<p>Als Nachfolger ist Andr\u00e9 Kasimir seit 2006 im Unternehmen. In der Zeit von 2015 bis 2018 waren Horst Kasimir und Andr\u00e9 Kasimir beide Gesch\u00e4ftsf\u00fchrer. Im Herbst 2018 hat Horst Kasimir seinen geplanten R\u00fcckzug abgeschlossen und Andr\u00e9 Kasimir die erfolgreiche Fortsetzung der Unternehmensf\u00fchrung \u00fcbergeben. Ihm zur Seite stehen weiterhin der Prokurist und Technische Leiter Ausf\u00fchrung Herr Christoph Sandh\u00f6fner und der Prokurist und Technische Leiter Innendienst Herr Dirk Seifert.<\/p>\n<p>Die Ausrichtung des Unternehmens wird auch weiter auf der qualit\u00e4tsbewu\u00dften, termingerechten Ausf\u00fchrung von Stahlbeton- und Mauerwerksarbeiten mit dem eigenen Fachpersonal liegen.<\/p>\n<p>Das Unternehmen setzt somit voll auf Zukunft.<\/p>\n<p>[\/et_pb_text][\/et_pb_column][\/et_pb_row][\/et_pb_section]<\/p>\n","protected":false},"excerpt":{"rendered":"<p>Tradition trifft modernste Bautechnik Kurz vor der Wende gr\u00fcndete Horst Kasimir die Horst Kasimir Bauunternehmung GmbH und folgte damit seinem unternehmerischen Instinkt, der Risikofreude und der Neugier auf neue Materialien und innovative Technik, die noch immer der Grundpfeiler der Firmenphilosophie sind. Vor 1989 hatte Horst Kasimir bereits jahrzehntelange Erfahrung am Bau gesammelt, zuletzt als Gesch\u00e4ftsf\u00fchrer und Mitgesellschafter eines mittelst\u00e4ndischen Bauunternehmens in Berlin. Von Anfang an lag sein Fokus auf dem qualifizierten Ingenieur-Hochbau. Aber noch mehr interessierte er sich f\u00fcr die W\u00fcnsche und Ideen seiner Kunden und wie man diese in Beton und Stein umsetzen kann.Viele Villen und Bauten namhafter Pers\u00f6nlichkeiten im S\u00fcdwesten von Berlin zeugen von seinem unternehmerischen Schaffen. Der 2. Pfeiler der Erfolgsgeschichte der Horst Kasimir Bauunternehmung sind die Mitarbeiter. Von Beginn an setzt Horst Kasimir ausschlie\u00dflich auf eigenes Stamm-Personal. Die meisten der heute fast 100 Mitarbeiter sind schon lange im Unternehmen.Durch die intensiv betriebene Ausbildung in unterschiedlichen Ausbildungsberufen wurde der Nachwuchs gezielt auf die Bed\u00fcrfnisse des Ingenieur-Hochbaus vorbereitet. Seit 1989 haben wir 45 Auszubildende erfolgreich zur Gesellenpr\u00fcfung gef\u00fchrt, viele wurden ins Unternehmen \u00fcbernommen. Durch die eigene Ausbildung erreicht man die gew\u00fcnschte Mischung aus Erfahrung und frischen Ideen. Bereits 6 Jahre nach der Gr\u00fcndung wurde mit dem Neubau des futuristisch anmutenden Verwaltungsgeb\u00e4udes in M\u00fchlenbeck, vor den Toren Berlins, nicht nur die erfolgreiche Unternehmensentwicklung sichtbar, sondern auch die Zuneigung und Verbundenheit zum Land Brandenburg. Berlin war und bleibt aber der wichtigste Markt f\u00fcr das Unternehmen. Hinzu sind immer mehr Bauprojekte f\u00fcr Industrie und Wohnbau im direkten Umland und insbesondere in Potsdam gekommen. Als Nachfolger ist Andr\u00e9 Kasimir seit 2006 im Unternehmen. In der Zeit von 2015 bis 2018 waren Horst Kasimir und Andr\u00e9 Kasimir beide Gesch\u00e4ftsf\u00fchrer. Im Herbst 2018 hat Horst Kasimir seinen geplanten R\u00fcckzug abgeschlossen und Andr\u00e9 Kasimir die erfolgreiche Fortsetzung der Unternehmensf\u00fchrung \u00fcbergeben. Ihm zur Seite stehen weiterhin der Prokurist und Technische Leiter Ausf\u00fchrung Herr Christoph Sandh\u00f6fner und der Prokurist und Technische Leiter Innendienst Herr Dirk Seifert. Die Ausrichtung des Unternehmens wird auch weiter auf der qualit\u00e4tsbewu\u00dften, termingerechten Ausf\u00fchrung von Stahlbeton- und Mauerwerksarbeiten mit dem eigenen Fachpersonal liegen. Das Unternehmen setzt somit voll auf Zukunft.<\/p>\n","protected":false},"author":1,"featured_media":0,"parent":0,"menu_order":1,"comment_status":"closed","ping_status":"closed","template":"","meta":{"_et_pb_use_builder":"on","_et_pb_old_content":"","_et_gb_content_width":"","footnotes":""},"class_list":["post-753","page","type-page","status-publish","hentry"],"_links":{"self":[{"href":"https:\/\/kasimir-bau.de\/cms\/wp-json\/wp\/v2\/pages\/753","targetHints":{"allow":["GET"]}}],"collection":[{"href":"https:\/\/kasimir-bau.de\/cms\/wp-json\/wp\/v2\/pages"}],"about":[{"href":"https:\/\/kasimir-bau.de\/cms\/wp-json\/wp\/v2\/types\/page"}],"author":[{"embeddable":true,"href":"https:\/\/kasimir-bau.de\/cms\/wp-json\/wp\/v2\/users\/1"}],"replies":[{"embeddable":true,"href":"https:\/\/kasimir-bau.de\/cms\/wp-json\/wp\/v2\/comments?post=753"}],"version-history":[{"count":8,"href":"https:\/\/kasimir-bau.de\/cms\/wp-json\/wp\/v2\/pages\/753\/revisions"}],"predecessor-version":[{"id":10035,"href":"https:\/\/kasimir-bau.de\/cms\/wp-json\/wp\/v2\/pages\/753\/revisions\/10035"}],"wp:attachment":[{"href":"https:\/\/kasimir-bau.de\/cms\/wp-json\/wp\/v2\/media?parent=753"}],"curies":[{"name":"wp","href":"https:\/\/api.w.org\/{rel}","templated":true}]}}