{"id":7270,"date":"2019-01-25T09:52:55","date_gmt":"2019-01-25T08:52:55","guid":{"rendered":"https:\/\/kasimir-bau.de\/cms\/?page_id=7270"},"modified":"2020-09-02T10:22:23","modified_gmt":"2020-09-02T08:22:23","slug":"griegstrasse-14a-16","status":"publish","type":"page","link":"https:\/\/kasimir-bau.de\/cms\/referenzen\/privat\/griegstrasse-14a-16\/","title":{"rendered":"Griegstra\u00dfe 14a-16"},"content":{"rendered":"<p>[et_pb_section fb_built=&#8220;1&#8243; custom_padding_last_edited=&#8220;on|desktop&#8220; disabled_on=&#8220;off|off|off&#8220; _builder_version=&#8220;4.5.5&#8243; background_color=&#8220;rgba(255,255,255,0.01)&#8220; background_image=&#8220;https:\/\/kasimir-bau.de\/cms\/wp-content\/uploads\/2019\/09\/2019-01-08.jpg&#8220; parallax=&#8220;on&#8220; parallax_method=&#8220;off&#8220; inner_width_tablet=&#8220;50px&#8220; inner_max_width_tablet=&#8220;100px&#8220; inner_max_width_phone=&#8220;50px&#8220; custom_padding=&#8220;50px||200px|180px&#8220; custom_padding_tablet=&#8220;10px||120px|10px&#8220; custom_padding_phone=&#8220;&#8220; animation_style=&#8220;fade&#8220; animation_speed_curve=&#8220;linear&#8220; hover_enabled=&#8220;0&#8243; z_index_tablet=&#8220;500&#8243; da_disable_devices=&#8220;off|off|off&#8220; box_shadow_horizontal_tablet=&#8220;0px&#8220; box_shadow_vertical_tablet=&#8220;0px&#8220; box_shadow_blur_tablet=&#8220;40px&#8220; box_shadow_spread_tablet=&#8220;0px&#8220; da_is_popup=&#8220;off&#8220; da_exit_intent=&#8220;off&#8220; da_has_close=&#8220;on&#8220; da_alt_close=&#8220;off&#8220; da_dark_close=&#8220;off&#8220; da_not_modal=&#8220;on&#8220; da_is_singular=&#8220;off&#8220; da_with_loader=&#8220;off&#8220; da_has_shadow=&#8220;on&#8220;][et_pb_row module_class=&#8220;schrift1&#8243; _builder_version=&#8220;3.25&#8243; background_color=&#8220;#b0b0b0&#8243; max_width=&#8220;750px&#8220; module_alignment=&#8220;left&#8220; custom_margin_tablet=&#8220;&#8220; custom_margin_phone=&#8220;10px|||&#8220; custom_margin_last_edited=&#8220;on|phone&#8220; custom_padding=&#8220;10px|10px|10px|10px&#8220; animation_style=&#8220;fade&#8220; border_color_all=&#8220;rgba(255,255,255,0)&#8220; use_custom_width=&#8220;on&#8220; custom_width_px=&#8220;750px&#8220;][et_pb_column type=&#8220;4_4&#8243; _builder_version=&#8220;3.25&#8243; custom_padding=&#8220;|||&#8220; custom_padding__hover=&#8220;|||&#8220;][et_pb_text admin_label=&#8220;Griegstra\u00dfe 14a-16&#8243; _builder_version=&#8220;3.27.4&#8243; custom_padding=&#8220;10px|10px|10px|10px&#8220;]<\/p>\n<h3 class=\"entry-title\"><span style=\"font-family: Arial, Helvetica, sans-serif;\"><strong><span style=\"color: #0054aa;\">Griegstr. 14A-16<\/span><\/strong><\/span><\/h3>\n<p>[\/et_pb_text][et_pb_text admin_label=&#8220;Beschreibung&#8220; _builder_version=&#8220;4.5.5&#8243; custom_padding=&#8220;10px|10px|35px|10px&#8220; custom_padding_tablet=&#8220;&#8220; custom_padding_phone=&#8220;&#8220; custom_padding_last_edited=&#8220;on|desktop&#8220; hover_enabled=&#8220;0&#8243;]<\/p>\n<p>\n<span style=\"color: #000000;\"><strong>Beschreibung:<\/strong><\/span><br \/>\n<span style=\"color: #000000;\">Auf dem Grundst\u00fcck Griegstr. 14a \/ 16, in 14193 Berlin &#8211; Grunewald ist der Neubau einer freistehenden Stadtvilla geplant, die sich durch Volumetrie und Gliederung in die Wohn- und Parklandschaft des Villenviertels einf\u00fcgt. Die Grundst\u00fccksgr\u00f6\u00dfe betr\u00e4gt 1648 m\u00b2. Das Wohnhaus hat zwei Geschosse mit Dachgeschoss (als Nicht- Vollgeschoss), sowie 1 Untergeschoss mit Schwimmbad und Wellnessbereich, im 2. Untergeschoss ist eine Tiefgarage vorgesehen.<br \/>\nKasimir Hochbau ist f\u00fcr folgende Leistungen verantwortlich:<br \/>\nStahlbetonarbeiten, Maurerarbeiten inkl. Vormauerschale, D\u00e4mmarbeiten, Erdungs- und Blitzschutzarbeiten, Ger\u00fcstarbeiten, Klinkerarbeiten, Zimmererarbeiten, Stahlbauarbeiten<\/span><\/p>\n<p>[\/et_pb_text][et_pb_gallery gallery_ids=&#8220;7944,7945,7946,7947,7948,7949,7950,7951&#8243; posts_number=&#8220;15&#8243; show_title_and_caption=&#8220;off&#8220; show_pagination=&#8220;off&#8220; hover_icon=&#8220;%%13%%&#8220; _builder_version=&#8220;3.24&#8243; z_index_tablet=&#8220;500&#8243; custom_css_gallery_item=&#8220;margin:0 !important;||width:20% !important;||clear:none !important;||&#8220; title_text_shadow_horizontal_length_tablet=&#8220;0px&#8220; title_text_shadow_vertical_length_tablet=&#8220;0px&#8220; title_text_shadow_blur_strength_tablet=&#8220;1px&#8220; caption_text_shadow_horizontal_length_tablet=&#8220;0px&#8220; caption_text_shadow_vertical_length_tablet=&#8220;0px&#8220; caption_text_shadow_blur_strength_tablet=&#8220;1px&#8220; pagination_text_shadow_horizontal_length_tablet=&#8220;0px&#8220; pagination_text_shadow_vertical_length_tablet=&#8220;0px&#8220; pagination_text_shadow_blur_strength_tablet=&#8220;1px&#8220; border_width_all_image=&#8220;5px&#8220; border_color_all_image=&#8220;rgba(51,51,51,0)&#8220; box_shadow_horizontal_tablet=&#8220;0px&#8220; box_shadow_vertical_tablet=&#8220;0px&#8220; box_shadow_blur_tablet=&#8220;40px&#8220; box_shadow_spread_tablet=&#8220;0px&#8220; box_shadow_horizontal_image_tablet=&#8220;0px&#8220; box_shadow_vertical_image_tablet=&#8220;0px&#8220; box_shadow_blur_image_tablet=&#8220;40px&#8220; box_shadow_spread_image_tablet=&#8220;0px&#8220; text_shadow_horizontal_length_tablet=&#8220;0px&#8220; text_shadow_vertical_length_tablet=&#8220;0px&#8220; text_shadow_blur_strength_tablet=&#8220;1px&#8220;][\/et_pb_gallery][et_pb_text admin_label=&#8220;Tabelle&#8220; _builder_version=&#8220;4.5.5&#8243; custom_padding=&#8220;20px|296px|0px|0px&#8220; custom_padding_tablet=&#8220;|0px||&#8220; custom_padding_phone=&#8220;&#8220; custom_padding_last_edited=&#8220;on|desktop&#8220; hover_enabled=&#8220;0&#8243;]<\/p>\n<table style=\"border-style: none;\">\n<tbody>\n<tr style=\"border-style: none;\" valign=\"top\">\n<td style=\"border-style: none; vertical-align: top; width: 25%;\"><span style=\"color: #000000;\"><strong>Bauleitung:<\/strong><\/span><\/td>\n<td style=\"border-style: none; vertical-align: top;\"><span style=\"color: #000000;\">IKR-Ingenieurb\u00fcro f\u00fcr Bauwesen Kuschel GmbH<\/span><\/td>\n<\/tr>\n<tr style=\"border-style: none;\" valign=\"top\">\n<td style=\"border-style: none; vertical-align: top; width: 25%;\"><span style=\"color: #000000;\"><strong>Architekt:<\/strong><\/span><\/td>\n<td style=\"border-style: none; vertical-align: top;\"><span style=\"color: #000000;\">Sebastian Treese<\/span><\/td>\n<\/tr>\n<tr style=\"border-style: none;\" valign=\"top\">\n<td style=\"border-style: none; vertical-align: top width: 25%;\"><span style=\"color: #000000;\"><strong>Auftragsvolumen:<br \/><\/strong><\/span><\/td>\n<td style=\"border-style: none; vertical-align: top;\"><span style=\"color: #000000;\">0,8 Mio. EUR<\/span><\/td>\n<\/tr>\n<tr style=\"border-style: none;\" valign=\"top\">\n<td style=\"border-style: none; vertical-align: top; width: 25%;\"><span style=\"color: #000000;\"><strong>Bauzeit:<\/strong><\/span><\/td>\n<td style=\"border-style: none; vertical-align: top;\"><span style=\"color: #000000;\">Juli 2017 &#8211; Dezember 2018<\/span><\/td>\n<\/tr>\n<\/tbody>\n<\/table>\n<p>[\/et_pb_text][\/et_pb_column][\/et_pb_row][\/et_pb_section][et_pb_section fb_built=&#8220;1&#8243; custom_padding_last_edited=&#8220;on|desktop&#8220; disabled_on=&#8220;on|on|&#8220; _builder_version=&#8220;3.24&#8243; background_color=&#8220;rgba(255,255,255,0.01)&#8220; background_image=&#8220;https:\/\/kasimir-bau.de\/cms\/wp-content\/uploads\/2019\/09\/2019-01-08.jpg&#8220; inner_width_tablet=&#8220;50px&#8220; inner_max_width_tablet=&#8220;100px&#8220; inner_max_width_phone=&#8220;50px&#8220; custom_padding=&#8220;50px|||160px&#8220; custom_padding_tablet=&#8220;10px||120px|10px&#8220; custom_padding_phone=&#8220;&#8220; animation_style=&#8220;fade&#8220; animation_speed_curve=&#8220;linear&#8220; z_index_tablet=&#8220;500&#8243; custom_css_main_element=&#8220;display: block; z-index:-20;|| min-height: 100%;|| min-width: 1024px;|| width: 100%;|| height: auto;|| background-attachment: fixed;||position: absolute!important;&#8220; da_disable_devices=&#8220;off|off|off&#8220; box_shadow_horizontal_tablet=&#8220;0px&#8220; box_shadow_vertical_tablet=&#8220;0px&#8220; box_shadow_blur_tablet=&#8220;40px&#8220; box_shadow_spread_tablet=&#8220;0px&#8220; da_is_popup=&#8220;off&#8220; da_exit_intent=&#8220;off&#8220; da_has_close=&#8220;on&#8220; da_alt_close=&#8220;off&#8220; da_dark_close=&#8220;off&#8220; da_not_modal=&#8220;on&#8220; da_is_singular=&#8220;off&#8220; da_with_loader=&#8220;off&#8220; da_has_shadow=&#8220;on&#8220;][et_pb_row module_class=&#8220;schrift1&#8243; _builder_version=&#8220;3.25&#8243; background_color=&#8220;#b0b0b0&#8243; max_width=&#8220;750px&#8220; module_alignment=&#8220;left&#8220; custom_margin_tablet=&#8220;&#8220; custom_margin_phone=&#8220;10px|||&#8220; custom_margin_last_edited=&#8220;on|desktop&#8220; custom_padding=&#8220;10px|10px|10px|10px&#8220; animation_style=&#8220;fade&#8220; custom_css_main_element=&#8220;margin-top:40px!important;&#8220; border_color_all=&#8220;rgba(255,255,255,0)&#8220; use_custom_width=&#8220;on&#8220; custom_width_px=&#8220;750px&#8220;][et_pb_column type=&#8220;4_4&#8243; _builder_version=&#8220;3.25&#8243; custom_padding=&#8220;|||&#8220; custom_padding__hover=&#8220;|||&#8220;][et_pb_text admin_label=&#8220;Bauvorhaben&#8220; _builder_version=&#8220;3.27.4&#8243; custom_padding=&#8220;10px|10px|10px|10px&#8220;]<\/p>\n<h3 class=\"entry-title\"><span style=\"font-family: Arial, Helvetica, sans-serif;\"><strong><span style=\"color: #0054aa;\">Griegstr. 14A-16<\/span><\/strong><\/span><\/h3>\n<p>[\/et_pb_text][et_pb_text admin_label=&#8220;Beschreibung&#8220; _builder_version=&#8220;3.27.4&#8243; custom_padding=&#8220;10px|10px|35px|10px&#8220; custom_padding_tablet=&#8220;&#8220; custom_padding_phone=&#8220;&#8220; custom_padding_last_edited=&#8220;on|desktop&#8220;]<\/p>\n<p>\n<span style=\"color: #ffffff;\"><strong>Beschreibung:<\/strong><\/span><br \/>\n<span style=\"color: #ffffff;\">Auf dem Grundst\u00fcck Griegstr. 14a \/ 16, in 14193 Berlin &#8211; Grunewald ist der Neubau einer freistehenden Stadtvilla geplant, die sich durch Volumetrie und Gliederung in die Wohn- und Parklandschaft des Villenviertels einf\u00fcgt. Die Grundst\u00fccksgr\u00f6\u00dfe betr\u00e4gt 1648 m\u00b2. Das Wohnhaus hat zwei Geschosse mit Dachgeschoss (als Nicht- Vollgeschoss), sowie 1 Untergeschoss mit Schwimmbad und Wellnessbereich, im 2. Untergeschoss ist eine Tiefgarage vorgesehen.<br \/>\nKasimir Hochbau ist f\u00fcr folgende Leistungen verantwortlich:<br \/>\nStahlbetonarbeiten, Maurerarbeiten inkl. Vormauerschale, D\u00e4mmarbeiten, Erdungs- und Blitzschutzarbeiten, Ger\u00fcstarbeiten, Klinkerarbeiten, Zimmererarbeiten, Stahlbauarbeiten<\/span><\/p>\n<p>[\/et_pb_text][et_pb_gallery gallery_ids=&#8220;7952,7953,7954,7955,7956,7957,7958,7959&#8243; posts_number=&#8220;15&#8243; show_title_and_caption=&#8220;off&#8220; show_pagination=&#8220;off&#8220; hover_icon=&#8220;%%13%%&#8220; _builder_version=&#8220;3.24&#8243; z_index_tablet=&#8220;500&#8243; custom_css_gallery_item=&#8220;margin:0 !important;||width:20% !important;||clear:none !important;||&#8220; title_text_shadow_horizontal_length_tablet=&#8220;0px&#8220; title_text_shadow_vertical_length_tablet=&#8220;0px&#8220; title_text_shadow_blur_strength_tablet=&#8220;1px&#8220; caption_text_shadow_horizontal_length_tablet=&#8220;0px&#8220; caption_text_shadow_vertical_length_tablet=&#8220;0px&#8220; caption_text_shadow_blur_strength_tablet=&#8220;1px&#8220; pagination_text_shadow_horizontal_length_tablet=&#8220;0px&#8220; pagination_text_shadow_vertical_length_tablet=&#8220;0px&#8220; pagination_text_shadow_blur_strength_tablet=&#8220;1px&#8220; border_width_all_image=&#8220;5px&#8220; border_color_all_image=&#8220;rgba(51,51,51,0)&#8220; box_shadow_horizontal_tablet=&#8220;0px&#8220; box_shadow_vertical_tablet=&#8220;0px&#8220; box_shadow_blur_tablet=&#8220;40px&#8220; box_shadow_spread_tablet=&#8220;0px&#8220; box_shadow_horizontal_image_tablet=&#8220;0px&#8220; box_shadow_vertical_image_tablet=&#8220;0px&#8220; box_shadow_blur_image_tablet=&#8220;40px&#8220; box_shadow_spread_image_tablet=&#8220;0px&#8220; text_shadow_horizontal_length_tablet=&#8220;0px&#8220; text_shadow_vertical_length_tablet=&#8220;0px&#8220; text_shadow_blur_strength_tablet=&#8220;1px&#8220;][\/et_pb_gallery][et_pb_text admin_label=&#8220;Tabelle&#8220; _builder_version=&#8220;3.27.4&#8243; custom_padding=&#8220;20px|296px|0px|0px&#8220; custom_padding_tablet=&#8220;|0px||&#8220; custom_padding_phone=&#8220;&#8220; custom_padding_last_edited=&#8220;on|desktop&#8220;]<\/p>\n<table style=\"border-style: none;\">\n<tbody>\n<tr style=\"border-style: none;\" valign=\"top\">\n<td style=\"border-style: none; vertical-align: top; width: 25%;\"><span style=\"color: #ffffff;\"><strong>Bauleitung:<\/strong><\/span><\/td>\n<td style=\"border-style: none; vertical-align: top;\"><span style=\"color: #ffffff;\">IKR-Ingenieurb\u00fcro f\u00fcr Bauwesen Kuschel GmbH<\/span><\/td>\n<\/tr>\n<tr style=\"border-style: none;\" valign=\"top\">\n<td style=\"border-style: none; vertical-align: top; width: 25%;\"><span style=\"color: #ffffff;\"><strong>Architekt:<\/strong><\/span><\/td>\n<td style=\"border-style: none; vertical-align: top;\"><span style=\"color: #ffffff;\">Sebastian Treese<\/span><\/td>\n<\/tr>\n<tr style=\"border-style: none;\" valign=\"top\">\n<td style=\"border-style: none; vertical-align: top width: 25%;\"><span style=\"color: #ffffff;\"><strong>Auftragsvolumen:<br \/><\/strong><\/span><\/td>\n<td style=\"border-style: none; vertical-align: top;\"><span style=\"color: #ffffff;\">0,8 Mio. EUR<\/span><\/td>\n<\/tr>\n<tr style=\"border-style: none;\" valign=\"top\">\n<td style=\"border-style: none; vertical-align: top; width: 25%;\"><span style=\"color: #ffffff;\"><strong>Bauzeit:<\/strong><\/span><\/td>\n<td style=\"border-style: none; vertical-align: top;\"><span style=\"color: #ffffff;\">Juli 2017 &#8211; Dezember 2018<\/span><\/td>\n<\/tr>\n<\/tbody>\n<\/table>\n<p>[\/et_pb_text][\/et_pb_column][\/et_pb_row][\/et_pb_section]<\/p>\n","protected":false},"excerpt":{"rendered":"<p>Griegstr. 14A-16 Beschreibung: Auf dem Grundst\u00fcck Griegstr. 14a \/ 16, in 14193 Berlin &#8211; Grunewald ist der Neubau einer freistehenden Stadtvilla geplant, die sich durch Volumetrie und Gliederung in die Wohn- und Parklandschaft des Villenviertels einf\u00fcgt. Die Grundst\u00fccksgr\u00f6\u00dfe betr\u00e4gt 1648 m\u00b2. Das Wohnhaus hat zwei Geschosse mit Dachgeschoss (als Nicht- Vollgeschoss), sowie 1 Untergeschoss mit Schwimmbad und Wellnessbereich, im 2. Untergeschoss ist eine Tiefgarage vorgesehen. Kasimir Hochbau ist f\u00fcr folgende Leistungen verantwortlich: Stahlbetonarbeiten, Maurerarbeiten inkl. Vormauerschale, D\u00e4mmarbeiten, Erdungs- und Blitzschutzarbeiten, Ger\u00fcstarbeiten, Klinkerarbeiten, Zimmererarbeiten, Stahlbauarbeiten Bauleitung: IKR-Ingenieurb\u00fcro f\u00fcr Bauwesen Kuschel GmbH Architekt: Sebastian Treese Auftragsvolumen: 0,8 Mio. EUR Bauzeit: Juli 2017 &#8211; Dezember 2018 Griegstr. 14A-16 Beschreibung: Auf dem Grundst\u00fcck Griegstr. 14a \/ 16, in 14193 Berlin &#8211; Grunewald ist der Neubau einer freistehenden Stadtvilla geplant, die sich durch Volumetrie und Gliederung in die Wohn- und Parklandschaft des Villenviertels einf\u00fcgt. Die Grundst\u00fccksgr\u00f6\u00dfe betr\u00e4gt 1648 m\u00b2. Das Wohnhaus hat zwei Geschosse mit Dachgeschoss (als Nicht- Vollgeschoss), sowie 1 Untergeschoss mit Schwimmbad und Wellnessbereich, im 2. Untergeschoss ist eine Tiefgarage vorgesehen. Kasimir Hochbau ist f\u00fcr folgende Leistungen verantwortlich: Stahlbetonarbeiten, Maurerarbeiten inkl. Vormauerschale, D\u00e4mmarbeiten, Erdungs- und Blitzschutzarbeiten, Ger\u00fcstarbeiten, Klinkerarbeiten, Zimmererarbeiten, Stahlbauarbeiten Bauleitung: IKR-Ingenieurb\u00fcro f\u00fcr Bauwesen Kuschel GmbH Architekt: Sebastian Treese Auftragsvolumen: 0,8 Mio. EUR Bauzeit: Juli 2017 &#8211; Dezember 2018<\/p>\n","protected":false},"author":3,"featured_media":0,"parent":746,"menu_order":0,"comment_status":"closed","ping_status":"closed","template":"","meta":{"_et_pb_use_builder":"on","_et_pb_old_content":"","_et_gb_content_width":"","footnotes":""},"class_list":["post-7270","page","type-page","status-publish","hentry"],"_links":{"self":[{"href":"https:\/\/kasimir-bau.de\/cms\/wp-json\/wp\/v2\/pages\/7270","targetHints":{"allow":["GET"]}}],"collection":[{"href":"https:\/\/kasimir-bau.de\/cms\/wp-json\/wp\/v2\/pages"}],"about":[{"href":"https:\/\/kasimir-bau.de\/cms\/wp-json\/wp\/v2\/types\/page"}],"author":[{"embeddable":true,"href":"https:\/\/kasimir-bau.de\/cms\/wp-json\/wp\/v2\/users\/3"}],"replies":[{"embeddable":true,"href":"https:\/\/kasimir-bau.de\/cms\/wp-json\/wp\/v2\/comments?post=7270"}],"version-history":[{"count":9,"href":"https:\/\/kasimir-bau.de\/cms\/wp-json\/wp\/v2\/pages\/7270\/revisions"}],"predecessor-version":[{"id":9462,"href":"https:\/\/kasimir-bau.de\/cms\/wp-json\/wp\/v2\/pages\/7270\/revisions\/9462"}],"up":[{"embeddable":true,"href":"https:\/\/kasimir-bau.de\/cms\/wp-json\/wp\/v2\/pages\/746"}],"wp:attachment":[{"href":"https:\/\/kasimir-bau.de\/cms\/wp-json\/wp\/v2\/media?parent=7270"}],"curies":[{"name":"wp","href":"https:\/\/api.w.org\/{rel}","templated":true}]}}