{"id":49,"date":"2014-02-27T16:59:44","date_gmt":"2014-02-27T15:59:44","guid":{"rendered":"http:\/\/kasimir-bau.de\/cms\/stadtvilla-schlaich\/"},"modified":"2020-09-10T11:14:41","modified_gmt":"2020-09-10T09:14:41","slug":"stadtvilla-schlaich","status":"publish","type":"page","link":"https:\/\/kasimir-bau.de\/cms\/referenzen\/privat\/stadtvilla-schlaich\/","title":{"rendered":"Stadtvilla Schlaich"},"content":{"rendered":"<p>[et_pb_section fb_built=&#8220;1&#8243; custom_padding_last_edited=&#8220;on|phone&#8220; disabled_on=&#8220;off|off|off&#8220; _builder_version=&#8220;4.6.1&#8243; background_image=&#8220;https:\/\/kasimir-bau.de\/cms\/wp-content\/uploads\/2018\/07\/bg-start_blau.jpg&#8220; inner_width_tablet=&#8220;50px&#8220; inner_max_width_tablet=&#8220;100px&#8220; inner_max_width_phone=&#8220;50px&#8220; custom_padding=&#8220;50px||212px|180px&#8220; custom_padding_tablet=&#8220;&#8220; custom_padding_phone=&#8220;50px||212px|10px&#8220; animation_style=&#8220;fade&#8220; animation_speed_curve=&#8220;linear&#8220; hover_enabled=&#8220;0&#8243; z_index_tablet=&#8220;500&#8243; box_shadow_horizontal_tablet=&#8220;0px&#8220; box_shadow_vertical_tablet=&#8220;0px&#8220; box_shadow_blur_tablet=&#8220;40px&#8220; box_shadow_spread_tablet=&#8220;0px&#8220; sticky_enabled=&#8220;0&#8243; da_is_popup=&#8220;off&#8220; da_exit_intent=&#8220;off&#8220; da_has_close=&#8220;on&#8220; da_alt_close=&#8220;off&#8220; da_dark_close=&#8220;off&#8220; da_not_modal=&#8220;on&#8220; da_is_singular=&#8220;off&#8220; da_with_loader=&#8220;off&#8220; da_has_shadow=&#8220;on&#8220; da_disable_devices=&#8220;off|off|off&#8220;][et_pb_row module_class=&#8220;schrift1&#8243; _builder_version=&#8220;3.25&#8243; background_color=&#8220;#b0b0b0&#8243; max_width=&#8220;750px&#8220; module_alignment=&#8220;left&#8220; custom_padding=&#8220;|30px||30px&#8220; use_custom_width=&#8220;on&#8220; custom_width_px=&#8220;750px&#8220;][et_pb_column type=&#8220;4_4&#8243; _builder_version=&#8220;3.25&#8243; custom_padding=&#8220;|||&#8220; custom_padding__hover=&#8220;|||&#8220;][et_pb_text admin_label=&#8220;\u00dcberschrift&#8220; _builder_version=&#8220;3.27.4&#8243;]<\/p>\n<h3><span style=\"color: #1452a1; font-family: Helvetica;\"><strong>Stadtvilla Schlaich<\/strong><\/span><\/h3>\n<p>&nbsp;<\/p>\n<p>[\/et_pb_text][et_pb_text admin_label=&#8220;Beschreibung&#8220; _builder_version=&#8220;4.6.1&#8243; hover_enabled=&#8220;0&#8243; sticky_enabled=&#8220;0&#8243;]<\/p>\n<p>\n<span style=\"color: #000000;\">Neubau einer Stadtvilla mit drei Obergeschossen und Kellergeschoss; Ausf\u00fchrung innen und au\u00dfen in Sichtbeton; Materialien: Innenw\u00e4nde in Stahlbeton, Stahlbetondecken, Au\u00dfenw\u00e4nde in Infra-Leichtbeton (monolithisch) U-Wert 0,34W\/(m\u00b2K)-Trockenrohdichte 0,8 kg\/dm\u00b3 mit<\/span><\/p>\n<p>[\/et_pb_text][et_pb_gallery gallery_ids=&#8220;438,289,288,287&#8243; posts_number=&#8220;15&#8243; show_title_and_caption=&#8220;off&#8220; show_pagination=&#8220;off&#8220; zoom_icon_color=&#8220;#2ea3f2&#8243; hover_icon=&#8220;%%13%%&#8220; _builder_version=&#8220;3.15&#8243; custom_padding=&#8220;15px||15px|&#8220; custom_css_gallery_item=&#8220;margin:0 !important;||width:20% !important;||clear:none !important;&#8220; border_width_all_image=&#8220;5px&#8220; border_color_all_image=&#8220;rgba(51,51,51,0)&#8220;][\/et_pb_gallery][et_pb_text admin_label=&#8220;Tabelle&#8220; _builder_version=&#8220;4.6.1&#8243; custom_padding=&#8220;|0px||&#8220; hover_enabled=&#8220;0&#8243; sticky_enabled=&#8220;0&#8243;]<\/p>\n<table style=\"border-style: none;\">\n<tbody>\n<tr>\n<td style=\"border-style: none;\"><span style=\"color: #000000;\"><strong>Auftraggeber:<\/strong><\/span><\/td>\n<td style=\"border-style: none;\"><span style=\"color: #000000;\">Amanda und Mike Schlaich<\/span><\/td>\n<\/tr>\n<tr>\n<td style=\"border-style: none;\"><span style=\"color: #000000;\"><strong>Bauleitung:<\/strong><\/span><\/td>\n<td style=\"border-style: none;\"><span style=\"color: #000000;\">Prof. Mike Schlaich<\/span><\/td>\n<\/tr>\n<tr>\n<td style=\"border-style: none;\"><span style=\"color: #000000;\"><strong>Architekt:<\/strong><\/span><\/td>\n<td style=\"border-style: none;\"><span style=\"color: #000000;\">ARGE Bonnen und Schlaich, Prof. Clemens Bonnen und Amanda Schlaich<\/span><\/td>\n<\/tr>\n<tr>\n<td style=\"border-style: none;\"><span style=\"color: #000000;\"><strong>Auftragsvolumen:<br \/><\/strong><\/span><\/td>\n<td style=\"border-style: none;\"><span style=\"color: #000000;\">0,5 Mio. EUR<\/span><\/td>\n<\/tr>\n<tr>\n<td style=\"border-style: none;\"><span style=\"color: #000000;\"><strong>Bauzeit:<\/strong><\/span><\/td>\n<td style=\"border-style: none;\"><span style=\"color: #000000;\">September 2006 &#8211; Februar 2007<\/span><\/td>\n<\/tr>\n<\/tbody>\n<\/table>\n<p>[\/et_pb_text][\/et_pb_column][\/et_pb_row][\/et_pb_section][et_pb_section fb_built=&#8220;1&#8243; custom_padding_last_edited=&#8220;on|desktop&#8220; disabled_on=&#8220;on|on|&#8220; _builder_version=&#8220;3.24&#8243; background_image=&#8220;https:\/\/kasimir-bau.de\/cms\/wp-content\/uploads\/2018\/07\/bg-start_blau.jpg&#8220; parallax=&#8220;on&#8220; parallax_method=&#8220;off&#8220; inner_width_tablet=&#8220;50px&#8220; inner_max_width_tablet=&#8220;100px&#8220; inner_max_width_phone=&#8220;50px&#8220; custom_padding=&#8220;50px|||160px&#8220; custom_padding_tablet=&#8220;&#8220; custom_padding_phone=&#8220;50px||212px|10px&#8220; animation_style=&#8220;fade&#8220; animation_speed_curve=&#8220;linear&#8220; z_index_tablet=&#8220;500&#8243; custom_css_main_element=&#8220;display: block;|| min-height: 100%;|| min-width: 1024px;|| width: 100%;|| height: auto;|| background-attachment: fixed;||position: absolute!important;&#8220; box_shadow_horizontal_tablet=&#8220;0px&#8220; box_shadow_vertical_tablet=&#8220;0px&#8220; box_shadow_blur_tablet=&#8220;40px&#8220; box_shadow_spread_tablet=&#8220;0px&#8220; da_is_popup=&#8220;off&#8220; da_exit_intent=&#8220;off&#8220; da_has_close=&#8220;on&#8220; da_alt_close=&#8220;off&#8220; da_dark_close=&#8220;off&#8220; da_not_modal=&#8220;on&#8220; da_is_singular=&#8220;off&#8220; da_with_loader=&#8220;off&#8220; da_has_shadow=&#8220;on&#8220; da_disable_devices=&#8220;off|off|off&#8220;][et_pb_row _builder_version=&#8220;3.25&#8243; background_color=&#8220;#b0b0b0&#8243; max_width=&#8220;750px&#8220; module_alignment=&#8220;left&#8220; custom_padding=&#8220;|30px||30px&#8220; custom_css_main_element=&#8220;margin-top:40px!important;&#8220; use_custom_width=&#8220;on&#8220; custom_width_px=&#8220;750px&#8220;][et_pb_column type=&#8220;4_4&#8243; _builder_version=&#8220;3.25&#8243; custom_padding=&#8220;|||&#8220; custom_padding__hover=&#8220;|||&#8220;][et_pb_text admin_label=&#8220;\u00dcberschrift&#8220; _builder_version=&#8220;3.27.4&#8243;]<\/p>\n<h3><span style=\"color: #1452a1; font-family: Helvetica;\"><strong>Stadtvilla Schlaich<\/strong><\/span><\/h3>\n<p>&nbsp;<\/p>\n<p>[\/et_pb_text][et_pb_text admin_label=&#8220;Beschreibung&#8220; _builder_version=&#8220;3.27.4&#8243;]<\/p>\n<p>\n<span style=\"color: #ffffff; font-size: 12pt;\">Neubau einer Stadtvilla mit drei Obergeschossen und Kellergeschoss; Ausf\u00fchrung innen und au\u00dfen in Sichtbeton; Materialien: Innenw\u00e4nde in Stahlbeton, Stahlbetondecken, Au\u00dfenw\u00e4nde in Infra-Leichtbeton (monolithisch) U-Wert 0,34W\/(m\u00b2K)-Trockenrohdichte 0,8 kg\/dm\u00b3 mit<\/span><\/p>\n<p>[\/et_pb_text][et_pb_gallery gallery_ids=&#8220;438,289,288,287&#8243; posts_number=&#8220;15&#8243; show_title_and_caption=&#8220;off&#8220; show_pagination=&#8220;off&#8220; hover_icon=&#8220;%%13%%&#8220; _builder_version=&#8220;3.12.2&#8243; custom_padding=&#8220;15px||15px|&#8220; border_width_all_image=&#8220;5px&#8220; border_color_all_image=&#8220;rgba(51,51,51,0)&#8220;][\/et_pb_gallery][et_pb_text admin_label=&#8220;Tabelle&#8220; _builder_version=&#8220;3.27.4&#8243; custom_padding=&#8220;|0px||&#8220;]<\/p>\n<table style=\"border-style: none;\">\n<tbody>\n<tr>\n<td style=\"border-style: none;\"><span style=\"color: #ffffff;\"><strong>Auftraggeber:<\/strong><\/span><\/td>\n<td style=\"border-style: none;\"><span style=\"color: #ffffff;\">Amanda und Mike Schlaich<\/span><\/td>\n<\/tr>\n<tr valign=\"top\">\n<td style=\"border-style: none;\"><span style=\"color: #ffffff;\"><strong>Bauleitung:<\/strong><\/span><\/td>\n<td style=\"border-style: none;\"><span style=\"color: #ffffff;\">Prof. Mike Schlaich<\/span><\/td>\n<\/tr>\n<tr valign=\"top\">\n<td style=\"border-style: none;\"><span style=\"color: #ffffff;\"><strong>Architekt:<\/strong><\/span><\/td>\n<td style=\"border-style: none;\"><span style=\"color: #ffffff;\">ARGE Bonnen und Schlaich, Prof. Clemens Bonnen und Amanda Schlaich<\/span><\/td>\n<\/tr>\n<tr valign=\"top\">\n<td style=\"border-style: none;\"><span style=\"color: #ffffff;\"><strong>Auftragsvolumen:<br \/><\/strong><\/span><\/td>\n<td style=\"border-style: none;\"><span style=\"color: #ffffff;\">0,5 Mio. EUR<\/span><\/td>\n<\/tr>\n<tr>\n<td style=\"border-style: none;\"><span style=\"color: #ffffff;\"><strong>Bauzeit:<\/strong><\/span><\/td>\n<td style=\"border-style: none;\"><span style=\"color: #ffffff;\">September 2006 &#8211; Februar 2007<\/span><\/td>\n<\/tr>\n<\/tbody>\n<\/table>\n<p>[\/et_pb_text][\/et_pb_column][\/et_pb_row][\/et_pb_section]<\/p>\n","protected":false},"excerpt":{"rendered":"<p>Stadtvilla Schlaich &nbsp; Neubau einer Stadtvilla mit drei Obergeschossen und Kellergeschoss; Ausf\u00fchrung innen und au\u00dfen in Sichtbeton; Materialien: Innenw\u00e4nde in Stahlbeton, Stahlbetondecken, Au\u00dfenw\u00e4nde in Infra-Leichtbeton (monolithisch) U-Wert 0,34W\/(m\u00b2K)-Trockenrohdichte 0,8 kg\/dm\u00b3 mit Auftraggeber: Amanda und Mike Schlaich Bauleitung: Prof. Mike Schlaich Architekt: ARGE Bonnen und Schlaich, Prof. Clemens Bonnen und Amanda Schlaich Auftragsvolumen: 0,5 Mio. EUR Bauzeit: September 2006 &#8211; Februar 2007 Stadtvilla Schlaich &nbsp; Neubau einer Stadtvilla mit drei Obergeschossen und Kellergeschoss; Ausf\u00fchrung innen und au\u00dfen in Sichtbeton; Materialien: Innenw\u00e4nde in Stahlbeton, Stahlbetondecken, Au\u00dfenw\u00e4nde in Infra-Leichtbeton (monolithisch) U-Wert 0,34W\/(m\u00b2K)-Trockenrohdichte 0,8 kg\/dm\u00b3 mit Auftraggeber: Amanda und Mike Schlaich Bauleitung: Prof. Mike Schlaich Architekt: ARGE Bonnen und Schlaich, Prof. Clemens Bonnen und Amanda Schlaich Auftragsvolumen: 0,5 Mio. EUR Bauzeit: September 2006 &#8211; Februar 2007<\/p>\n","protected":false},"author":1,"featured_media":0,"parent":746,"menu_order":4,"comment_status":"closed","ping_status":"closed","template":"","meta":{"_et_pb_use_builder":"on","_et_pb_old_content":"Neubau einer Stadtvilla mit drei Obergeschossen und Kellergeschoss; Ausf\u00fchrung innen und au\u00dfen in Sichtbeton; Materialien: Innenw\u00e4nde in Stahlbeton, Stahlbetondecken, Au\u00dfenw\u00e4nde in Infra-Leichtbeton (monolithisch) U-Wert 0,34W\/(m<sup>2<\/sup>K)-Trockenrohdichte 0,8 kg\/dm<sup>3<\/sup> mit  <br \/><br \/>  {phocagallery view=category|categoryid=11}  Auftraggeber: Amanda und Mike Schlaich <br \/><br \/>  Architekt: ARGE Bonnen und Schlaich, Prof. Clemens Bonnen und Amanda Schlaich <br \/><br \/>  Bauleitung: Prof. Mike Schlaich <br \/><br \/>  Auftragsvolumen:<br \/> 0,5 Mio EUR <br \/><br \/>  Bauzeit:<br \/> 09\/2006 - 02\/2007","_et_gb_content_width":"","footnotes":""},"class_list":["post-49","page","type-page","status-publish","hentry"],"_links":{"self":[{"href":"https:\/\/kasimir-bau.de\/cms\/wp-json\/wp\/v2\/pages\/49","targetHints":{"allow":["GET"]}}],"collection":[{"href":"https:\/\/kasimir-bau.de\/cms\/wp-json\/wp\/v2\/pages"}],"about":[{"href":"https:\/\/kasimir-bau.de\/cms\/wp-json\/wp\/v2\/types\/page"}],"author":[{"embeddable":true,"href":"https:\/\/kasimir-bau.de\/cms\/wp-json\/wp\/v2\/users\/1"}],"replies":[{"embeddable":true,"href":"https:\/\/kasimir-bau.de\/cms\/wp-json\/wp\/v2\/comments?post=49"}],"version-history":[{"count":10,"href":"https:\/\/kasimir-bau.de\/cms\/wp-json\/wp\/v2\/pages\/49\/revisions"}],"predecessor-version":[{"id":9791,"href":"https:\/\/kasimir-bau.de\/cms\/wp-json\/wp\/v2\/pages\/49\/revisions\/9791"}],"up":[{"embeddable":true,"href":"https:\/\/kasimir-bau.de\/cms\/wp-json\/wp\/v2\/pages\/746"}],"wp:attachment":[{"href":"https:\/\/kasimir-bau.de\/cms\/wp-json\/wp\/v2\/media?parent=49"}],"curies":[{"name":"wp","href":"https:\/\/api.w.org\/{rel}","templated":true}]}}