{"id":47,"date":"2014-02-19T16:00:44","date_gmt":"2014-02-19T15:00:44","guid":{"rendered":"http:\/\/kasimir-bau.de\/cms\/haus-cumberland\/"},"modified":"2020-09-09T12:39:23","modified_gmt":"2020-09-09T10:39:23","slug":"haus-cumberland","status":"publish","type":"page","link":"https:\/\/kasimir-bau.de\/cms\/referenzen\/wohnungsbau\/haus-cumberland\/","title":{"rendered":"Haus Cumberland"},"content":{"rendered":"<p>[et_pb_section fb_built=&#8220;1&#8243; custom_padding_last_edited=&#8220;on|desktop&#8220; disabled_on=&#8220;off|off|off&#8220; _builder_version=&#8220;4.6.1&#8243; background_color=&#8220;rgba(255,255,255,0.01)&#8220; background_image=&#8220;https:\/\/kasimir-bau.de\/cms\/wp-content\/uploads\/2018\/09\/cumberland4858.jpg&#8220; parallax=&#8220;on&#8220; parallax_method=&#8220;off&#8220; custom_padding=&#8220;50px||200px|180px&#8220; custom_padding_tablet=&#8220;10px||120px|10px&#8220; custom_padding_phone=&#8220;&#8220; animation_style=&#8220;fade&#8220; animation_speed_curve=&#8220;linear&#8220; custom_css_main_element=&#8220; height: auto;|| background-attachment: fixed;&#8220; da_disable_devices=&#8220;off|off|off&#8220; da_is_popup=&#8220;off&#8220; da_exit_intent=&#8220;off&#8220; da_has_close=&#8220;on&#8220; da_alt_close=&#8220;off&#8220; da_dark_close=&#8220;off&#8220; da_not_modal=&#8220;on&#8220; da_is_singular=&#8220;off&#8220; da_with_loader=&#8220;off&#8220; da_has_shadow=&#8220;on&#8220;][et_pb_row module_class=&#8220;schrift1&#8243; _builder_version=&#8220;3.25&#8243; background_color=&#8220;#b0b0b0&#8243; max_width=&#8220;750px&#8220; module_alignment=&#8220;left&#8220; custom_margin_tablet=&#8220;&#8220; custom_margin_phone=&#8220;10px|||&#8220; custom_margin_last_edited=&#8220;on|phone&#8220; custom_padding=&#8220;10px|10px|10px|10px&#8220; animation_style=&#8220;fade&#8220; border_color_all=&#8220;rgba(255,255,255,0)&#8220; use_custom_width=&#8220;on&#8220; custom_width_px=&#8220;750px&#8220;][et_pb_column type=&#8220;4_4&#8243; _builder_version=&#8220;3.25&#8243; custom_padding=&#8220;|||&#8220; custom_padding__hover=&#8220;|||&#8220;][et_pb_text admin_label=&#8220;Haus Cumberland&#8220; _builder_version=&#8220;3.27.4&#8243; custom_padding=&#8220;10px|10px|10px|10px&#8220;]<\/p>\n<h3 class=\"entry-title\"><span style=\"font-family: Arial, Helvetica, sans-serif;\"><strong><span style=\"color: #0054aa;\">Haus Cumberland<\/span><\/strong><\/span><\/h3>\n<p>[\/et_pb_text][et_pb_text admin_label=&#8220;Beschreibung&#8220; _builder_version=&#8220;4.6.1&#8243; custom_padding=&#8220;10px|10px|35px|10px&#8220; custom_padding_tablet=&#8220;&#8220; custom_padding_phone=&#8220;&#8220; custom_padding_last_edited=&#8220;on|desktop&#8220;]<\/p>\n<p>\n<span style=\"color: #000000;\"><strong>Beschreibung:<\/strong><\/span><br \/><span style=\"color: #000000;\">Umbau und Sanierung der Geb\u00e4udeteile &#8222;A, B und C&#8220; im denkmalgesch\u00fctzten &#8222;Haus Cumberland&#8220; aus dem Jahre 1911\/12 von Robert Leibnitz, entsprechend dem neuen Nutzungskonzept als Gastronomie- und B\u00fcrogeb\u00e4ude.<\/span><\/p>\n<p><span style=\"color: #000000;\">Vertragsleistung Erweiterter Rohbau:<br \/>Abbruch, Mauerwerksarbeiten, Beton- und Stahlbetonarbeiten, Stahlbau, sowie Neubau von zwei Treppenh\u00e4usern \u00fcber 6 Geschosse.<\/span><\/p>\n<p>[\/et_pb_text][et_pb_gallery gallery_ids=&#8220;496,427,428,429,430,494,495&#8243; posts_number=&#8220;15&#8243; show_title_and_caption=&#8220;off&#8220; show_pagination=&#8220;off&#8220; hover_icon=&#8220;%%13%%&#8220; _builder_version=&#8220;3.15&#8243; custom_css_gallery_item=&#8220;margin:0 !important;||width:20% !important;||clear:none !important;||&#8220; border_width_all_image=&#8220;5px&#8220; border_color_all_image=&#8220;rgba(51,51,51,0)&#8220;][\/et_pb_gallery][et_pb_text admin_label=&#8220;Tabelle&#8220; _builder_version=&#8220;4.6.1&#8243; custom_padding=&#8220;20px|10px|0px|0px&#8220; custom_padding_tablet=&#8220;|0px||&#8220; custom_padding_phone=&#8220;&#8220; custom_padding_last_edited=&#8220;on|desktop&#8220;]<\/p>\n<table style=\"border-style: none;\">\n<tbody>\n<tr style=\"border-style: none;\">\n<td style=\"border-style: none;\"><span style=\"color: #000000;\"><strong>Auftraggeber:<br \/><\/strong><\/span><\/td>\n<td style=\"border-style: none;\"><span style=\"color: #000000;\">Dr. Bscher<\/span><\/td>\n<\/tr>\n<tr style=\"border-style: none;\">\n<td style=\"border-style: none;\"><span style=\"color: #000000;\"><strong>Planung:<br \/><\/strong><\/span><\/td>\n<td style=\"border-style: none;\"><span style=\"color: #000000;\">Broll &amp; F\u00f6rster Architekten, Berlin<\/span><\/td>\n<\/tr>\n<tr style=\"border-style: none;\">\n<td style=\"border-style: none;\"><span style=\"color: #000000;\"><strong>Bauleitung:<br \/><\/strong><\/span><\/td>\n<td style=\"border-style: none;\"><span style=\"color: #000000;\">trilith GmbH, Berlin<\/span><\/td>\n<\/tr>\n<tr style=\"border-style: none;\">\n<td style=\"border-style: none;\"><span style=\"color: #000000;\"><strong>Auftragsvolumen:<br \/><\/strong><\/span><\/td>\n<td style=\"border-style: none;\"><span style=\"color: #000000;\">1,1 Mio Euro<\/span><\/td>\n<\/tr>\n<tr style=\"border-style: none;\">\n<td style=\"border-style: none;\"><span style=\"color: #000000;\"><strong>Bauzeit:<br \/><\/strong><\/span><\/td>\n<td style=\"border-style: none;\"><span style=\"color: #000000;\">M\u00e4rz\u00a02011 &#8211;\u00a0M\u00e4rz 2012<\/span><\/td>\n<\/tr>\n<\/tbody>\n<\/table>\n<p>[\/et_pb_text][\/et_pb_column][\/et_pb_row][\/et_pb_section][et_pb_section fb_built=&#8220;1&#8243; custom_padding_last_edited=&#8220;on|desktop&#8220; disabled_on=&#8220;on|on|on&#8220; _builder_version=&#8220;4.6.1&#8243; background_color=&#8220;rgba(255,255,255,0.01)&#8220; parallax=&#8220;on&#8220; parallax_method=&#8220;off&#8220; custom_padding=&#8220;50px||200px|180px&#8220; custom_padding_tablet=&#8220;10px||120px|10px&#8220; custom_padding_phone=&#8220;&#8220; animation_style=&#8220;fade&#8220; animation_speed_curve=&#8220;linear&#8220; hover_enabled=&#8220;0&#8243; z_index_tablet=&#8220;500&#8243; custom_css_main_element=&#8220; height: auto;|| background-attachment: fixed;&#8220; da_disable_devices=&#8220;off|off|off&#8220; box_shadow_horizontal_tablet=&#8220;0px&#8220; box_shadow_vertical_tablet=&#8220;0px&#8220; box_shadow_blur_tablet=&#8220;40px&#8220; box_shadow_spread_tablet=&#8220;0px&#8220; disabled=&#8220;on&#8220; sticky_enabled=&#8220;0&#8243; background_enable_image=&#8220;off&#8220; da_is_popup=&#8220;off&#8220; da_exit_intent=&#8220;off&#8220; da_has_close=&#8220;on&#8220; da_alt_close=&#8220;off&#8220; da_dark_close=&#8220;off&#8220; da_not_modal=&#8220;on&#8220; da_is_singular=&#8220;off&#8220; da_with_loader=&#8220;off&#8220; da_has_shadow=&#8220;on&#8220;][et_pb_row module_class=&#8220;schrift1&#8243; _builder_version=&#8220;3.25&#8243; background_color=&#8220;#b0b0b0&#8243; max_width=&#8220;750px&#8220; module_alignment=&#8220;left&#8220; custom_margin_tablet=&#8220;&#8220; custom_margin_phone=&#8220;10px|||&#8220; custom_margin_last_edited=&#8220;on|phone&#8220; custom_padding=&#8220;10px|10px|10px|10px&#8220; animation_style=&#8220;fade&#8220; border_color_all=&#8220;rgba(255,255,255,0)&#8220; use_custom_width=&#8220;on&#8220; custom_width_px=&#8220;750px&#8220;][et_pb_column type=&#8220;4_4&#8243; _builder_version=&#8220;3.25&#8243; custom_padding=&#8220;|||&#8220; custom_padding__hover=&#8220;|||&#8220;][et_pb_text admin_label=&#8220;Bauvorhaben&#8220; _builder_version=&#8220;3.27.4&#8243; custom_padding=&#8220;10px|10px|10px|10px&#8220; z_index_tablet=&#8220;500&#8243; text_text_shadow_horizontal_length_tablet=&#8220;0px&#8220; text_text_shadow_vertical_length_tablet=&#8220;0px&#8220; text_text_shadow_blur_strength_tablet=&#8220;1px&#8220; link_text_shadow_horizontal_length_tablet=&#8220;0px&#8220; link_text_shadow_vertical_length_tablet=&#8220;0px&#8220; link_text_shadow_blur_strength_tablet=&#8220;1px&#8220; ul_text_shadow_horizontal_length_tablet=&#8220;0px&#8220; ul_text_shadow_vertical_length_tablet=&#8220;0px&#8220; ul_text_shadow_blur_strength_tablet=&#8220;1px&#8220; ol_text_shadow_horizontal_length_tablet=&#8220;0px&#8220; ol_text_shadow_vertical_length_tablet=&#8220;0px&#8220; ol_text_shadow_blur_strength_tablet=&#8220;1px&#8220; quote_text_shadow_horizontal_length_tablet=&#8220;0px&#8220; quote_text_shadow_vertical_length_tablet=&#8220;0px&#8220; quote_text_shadow_blur_strength_tablet=&#8220;1px&#8220; header_text_shadow_horizontal_length_tablet=&#8220;0px&#8220; header_text_shadow_vertical_length_tablet=&#8220;0px&#8220; header_text_shadow_blur_strength_tablet=&#8220;1px&#8220; header_2_text_shadow_horizontal_length_tablet=&#8220;0px&#8220; header_2_text_shadow_vertical_length_tablet=&#8220;0px&#8220; header_2_text_shadow_blur_strength_tablet=&#8220;1px&#8220; header_3_text_shadow_horizontal_length_tablet=&#8220;0px&#8220; header_3_text_shadow_vertical_length_tablet=&#8220;0px&#8220; header_3_text_shadow_blur_strength_tablet=&#8220;1px&#8220; header_4_text_shadow_horizontal_length_tablet=&#8220;0px&#8220; header_4_text_shadow_vertical_length_tablet=&#8220;0px&#8220; header_4_text_shadow_blur_strength_tablet=&#8220;1px&#8220; header_5_text_shadow_horizontal_length_tablet=&#8220;0px&#8220; header_5_text_shadow_vertical_length_tablet=&#8220;0px&#8220; header_5_text_shadow_blur_strength_tablet=&#8220;1px&#8220; header_6_text_shadow_horizontal_length_tablet=&#8220;0px&#8220; header_6_text_shadow_vertical_length_tablet=&#8220;0px&#8220; header_6_text_shadow_blur_strength_tablet=&#8220;1px&#8220; box_shadow_horizontal_tablet=&#8220;0px&#8220; box_shadow_vertical_tablet=&#8220;0px&#8220; box_shadow_blur_tablet=&#8220;40px&#8220; box_shadow_spread_tablet=&#8220;0px&#8220;]<\/p>\n<p>Schillerpromenade1<\/p>\n<p>[\/et_pb_text][et_pb_text admin_label=&#8220;Beschreibung&#8220; _builder_version=&#8220;3.27.4&#8243; custom_padding=&#8220;10px|10px|35px|10px&#8220; custom_padding_tablet=&#8220;&#8220; custom_padding_phone=&#8220;&#8220; custom_padding_last_edited=&#8220;on|desktop&#8220; z_index_tablet=&#8220;500&#8243; text_text_shadow_horizontal_length_tablet=&#8220;0px&#8220; text_text_shadow_vertical_length_tablet=&#8220;0px&#8220; text_text_shadow_blur_strength_tablet=&#8220;1px&#8220; link_text_shadow_horizontal_length_tablet=&#8220;0px&#8220; link_text_shadow_vertical_length_tablet=&#8220;0px&#8220; link_text_shadow_blur_strength_tablet=&#8220;1px&#8220; ul_text_shadow_horizontal_length_tablet=&#8220;0px&#8220; ul_text_shadow_vertical_length_tablet=&#8220;0px&#8220; ul_text_shadow_blur_strength_tablet=&#8220;1px&#8220; ol_text_shadow_horizontal_length_tablet=&#8220;0px&#8220; ol_text_shadow_vertical_length_tablet=&#8220;0px&#8220; ol_text_shadow_blur_strength_tablet=&#8220;1px&#8220; quote_text_shadow_horizontal_length_tablet=&#8220;0px&#8220; quote_text_shadow_vertical_length_tablet=&#8220;0px&#8220; quote_text_shadow_blur_strength_tablet=&#8220;1px&#8220; header_text_shadow_horizontal_length_tablet=&#8220;0px&#8220; header_text_shadow_vertical_length_tablet=&#8220;0px&#8220; header_text_shadow_blur_strength_tablet=&#8220;1px&#8220; header_2_text_shadow_horizontal_length_tablet=&#8220;0px&#8220; header_2_text_shadow_vertical_length_tablet=&#8220;0px&#8220; header_2_text_shadow_blur_strength_tablet=&#8220;1px&#8220; header_3_text_shadow_horizontal_length_tablet=&#8220;0px&#8220; header_3_text_shadow_vertical_length_tablet=&#8220;0px&#8220; header_3_text_shadow_blur_strength_tablet=&#8220;1px&#8220; header_4_text_shadow_horizontal_length_tablet=&#8220;0px&#8220; header_4_text_shadow_vertical_length_tablet=&#8220;0px&#8220; header_4_text_shadow_blur_strength_tablet=&#8220;1px&#8220; header_5_text_shadow_horizontal_length_tablet=&#8220;0px&#8220; header_5_text_shadow_vertical_length_tablet=&#8220;0px&#8220; header_5_text_shadow_blur_strength_tablet=&#8220;1px&#8220; header_6_text_shadow_horizontal_length_tablet=&#8220;0px&#8220; header_6_text_shadow_vertical_length_tablet=&#8220;0px&#8220; header_6_text_shadow_blur_strength_tablet=&#8220;1px&#8220; box_shadow_horizontal_tablet=&#8220;0px&#8220; box_shadow_vertical_tablet=&#8220;0px&#8220; box_shadow_blur_tablet=&#8220;40px&#8220; box_shadow_spread_tablet=&#8220;0px&#8220;]<\/p>\n<p><span style=\"color: #ffffff;\"><strong>Beschreibung:<\/strong><\/span><\/p>\n<p><span style=\"color: #ffffff;\">Umbau und Erweiterung des denkmalgesch\u00fctzten ehemaligen Postamtes Obersch\u00f6neweide (Baujahr 1910) zu einer begr\u00fcnten Wohnanlage mit Mikroappartments.<\/span><br \/><span style=\"color: #ffffff;\">Das alte Postamt wird revitalisiert und durch zwei flankierende Erweiterungsbauten erg\u00e4nzt. Diese schlie\u00dfen die Blockrandbebauung stra\u00dfenseitig (Bauteile A und C). Im Hof wird ein weitere Erweiterungsriegel (Bauteil E) errichtet, in welchen das historische Kutschenhaus integriert wird.<\/span><\/p>\n<p>[\/et_pb_text][et_pb_gallery gallery_ids=&#8220;7594,7595,7596&#8243; posts_number=&#8220;15&#8243; show_title_and_caption=&#8220;off&#8220; show_pagination=&#8220;off&#8220; hover_icon=&#8220;%%13%%&#8220; _builder_version=&#8220;3.24&#8243; z_index_tablet=&#8220;500&#8243; custom_css_gallery_item=&#8220;margin:0 !important;||width:20% !important;||clear:none !important;||&#8220; title_text_shadow_horizontal_length_tablet=&#8220;0px&#8220; title_text_shadow_vertical_length_tablet=&#8220;0px&#8220; title_text_shadow_blur_strength_tablet=&#8220;1px&#8220; caption_text_shadow_horizontal_length_tablet=&#8220;0px&#8220; caption_text_shadow_vertical_length_tablet=&#8220;0px&#8220; caption_text_shadow_blur_strength_tablet=&#8220;1px&#8220; pagination_text_shadow_horizontal_length_tablet=&#8220;0px&#8220; pagination_text_shadow_vertical_length_tablet=&#8220;0px&#8220; pagination_text_shadow_blur_strength_tablet=&#8220;1px&#8220; border_width_all_image=&#8220;5px&#8220; border_color_all_image=&#8220;rgba(51,51,51,0)&#8220; box_shadow_horizontal_tablet=&#8220;0px&#8220; box_shadow_vertical_tablet=&#8220;0px&#8220; box_shadow_blur_tablet=&#8220;40px&#8220; box_shadow_spread_tablet=&#8220;0px&#8220; box_shadow_horizontal_image_tablet=&#8220;0px&#8220; box_shadow_vertical_image_tablet=&#8220;0px&#8220; box_shadow_blur_image_tablet=&#8220;40px&#8220; box_shadow_spread_image_tablet=&#8220;0px&#8220; text_shadow_horizontal_length_tablet=&#8220;0px&#8220; text_shadow_vertical_length_tablet=&#8220;0px&#8220; text_shadow_blur_strength_tablet=&#8220;1px&#8220;][\/et_pb_gallery][et_pb_text admin_label=&#8220;Tabelle&#8220; _builder_version=&#8220;3.27.4&#8243; custom_padding=&#8220;20px|10px|0px|0px&#8220; custom_padding_tablet=&#8220;|0px||&#8220; custom_padding_phone=&#8220;&#8220; custom_padding_last_edited=&#8220;on|desktop&#8220; z_index_tablet=&#8220;500&#8243; text_text_shadow_horizontal_length_tablet=&#8220;0px&#8220; text_text_shadow_vertical_length_tablet=&#8220;0px&#8220; text_text_shadow_blur_strength_tablet=&#8220;1px&#8220; link_text_shadow_horizontal_length_tablet=&#8220;0px&#8220; link_text_shadow_vertical_length_tablet=&#8220;0px&#8220; link_text_shadow_blur_strength_tablet=&#8220;1px&#8220; ul_text_shadow_horizontal_length_tablet=&#8220;0px&#8220; ul_text_shadow_vertical_length_tablet=&#8220;0px&#8220; ul_text_shadow_blur_strength_tablet=&#8220;1px&#8220; ol_text_shadow_horizontal_length_tablet=&#8220;0px&#8220; ol_text_shadow_vertical_length_tablet=&#8220;0px&#8220; ol_text_shadow_blur_strength_tablet=&#8220;1px&#8220; quote_text_shadow_horizontal_length_tablet=&#8220;0px&#8220; quote_text_shadow_vertical_length_tablet=&#8220;0px&#8220; quote_text_shadow_blur_strength_tablet=&#8220;1px&#8220; header_text_shadow_horizontal_length_tablet=&#8220;0px&#8220; header_text_shadow_vertical_length_tablet=&#8220;0px&#8220; header_text_shadow_blur_strength_tablet=&#8220;1px&#8220; header_2_text_shadow_horizontal_length_tablet=&#8220;0px&#8220; header_2_text_shadow_vertical_length_tablet=&#8220;0px&#8220; header_2_text_shadow_blur_strength_tablet=&#8220;1px&#8220; header_3_text_shadow_horizontal_length_tablet=&#8220;0px&#8220; header_3_text_shadow_vertical_length_tablet=&#8220;0px&#8220; header_3_text_shadow_blur_strength_tablet=&#8220;1px&#8220; header_4_text_shadow_horizontal_length_tablet=&#8220;0px&#8220; header_4_text_shadow_vertical_length_tablet=&#8220;0px&#8220; header_4_text_shadow_blur_strength_tablet=&#8220;1px&#8220; header_5_text_shadow_horizontal_length_tablet=&#8220;0px&#8220; header_5_text_shadow_vertical_length_tablet=&#8220;0px&#8220; header_5_text_shadow_blur_strength_tablet=&#8220;1px&#8220; header_6_text_shadow_horizontal_length_tablet=&#8220;0px&#8220; header_6_text_shadow_vertical_length_tablet=&#8220;0px&#8220; header_6_text_shadow_blur_strength_tablet=&#8220;1px&#8220; box_shadow_horizontal_tablet=&#8220;0px&#8220; box_shadow_vertical_tablet=&#8220;0px&#8220; box_shadow_blur_tablet=&#8220;40px&#8220; box_shadow_spread_tablet=&#8220;0px&#8220;]<\/p>\n<table style=\"border-style: none; width: 0px;\">\n<tbody>\n<tr valign=\"top\">\n<td style=\"width: 125px;\"><span style=\"color: #ffffff;\"><strong>Auftraggeber:<\/strong><\/span><\/td>\n<td style=\"width: 217px;\"><span style=\"color: #ffffff;\">SchillerQubes GmbH &amp; Co. KG<\/span><\/td>\n<\/tr>\n<tr valign=\"top\">\n<td style=\"width: 125px;\"><span style=\"color: #ffffff;\"><strong>Bauleitung:<\/strong><\/span><\/td>\n<td style=\"width: 217px;\"><span style=\"color: #ffffff;\">GFP Real Estate Concepts GmbH<\/span><\/td>\n<\/tr>\n<tr valign=\"top\">\n<td style=\"width: 125px;\"><span style=\"color: #ffffff;\"><strong>Architekt:<\/strong><\/span><\/td>\n<td style=\"width: 217px;\"><span style=\"color: #ffffff;\">Studio C<\/span><\/td>\n<\/tr>\n<tr valign=\"top\">\n<td style=\"width: 125px;\"><span style=\"color: #ffffff;\"><strong>Auftragsvolumen:<br \/><\/strong><\/span><\/td>\n<td style=\"width: 217px;\"><span style=\"color: #ffffff;\">2,1 Mio. EUR<\/span><\/td>\n<\/tr>\n<tr valign=\"top\">\n<td style=\"width: 125px;\"><span style=\"color: #ffffff;\"><strong>Bauzeit:<\/strong><\/span><\/td>\n<td style=\"width: 217px;\"><span style=\"color: #ffffff;\">April 2017 &#8211; Mai 2019<\/span><\/td>\n<\/tr>\n<\/tbody>\n<\/table>\n<p>[\/et_pb_text][\/et_pb_column][\/et_pb_row][\/et_pb_section][et_pb_section fb_built=&#8220;1&#8243; custom_padding_last_edited=&#8220;on|desktop&#8220; disabled_on=&#8220;on|on|&#8220; _builder_version=&#8220;3.24&#8243; background_color=&#8220;rgba(255,255,255,0.01)&#8220; background_image=&#8220;https:\/\/kasimir-bau.de\/cms\/wp-content\/uploads\/2018\/09\/cumberland4858.jpg&#8220; custom_padding=&#8220;50px|||180px&#8220; custom_padding_tablet=&#8220;10px||120px|10px&#8220; custom_padding_phone=&#8220;&#8220; animation_style=&#8220;fade&#8220; animation_speed_curve=&#8220;linear&#8220; custom_css_main_element=&#8220;display: block; z-index:-20;|| min-height: 100%;|| min-width: 1024px;|| width: 100%;|| height: auto;|| background-attachment: fixed;||position: absolute!important;&#8220; da_disable_devices=&#8220;off|off|off&#8220; da_is_popup=&#8220;off&#8220; da_exit_intent=&#8220;off&#8220; da_has_close=&#8220;on&#8220; da_alt_close=&#8220;off&#8220; da_dark_close=&#8220;off&#8220; da_not_modal=&#8220;on&#8220; da_is_singular=&#8220;off&#8220; da_with_loader=&#8220;off&#8220; da_has_shadow=&#8220;on&#8220;][et_pb_row module_class=&#8220;schrift1&#8243; _builder_version=&#8220;3.25&#8243; background_color=&#8220;#b0b0b0&#8243; max_width=&#8220;750px&#8220; module_alignment=&#8220;left&#8220; custom_margin_tablet=&#8220;&#8220; custom_margin_phone=&#8220;10px|||&#8220; custom_margin_last_edited=&#8220;on|phone&#8220; custom_padding=&#8220;10px|10px|10px|10px&#8220; animation_style=&#8220;fade&#8220; custom_css_main_element=&#8220;margin-top:40px!important;&#8220; border_color_all=&#8220;rgba(255,255,255,0)&#8220; use_custom_width=&#8220;on&#8220; custom_width_px=&#8220;750px&#8220;][et_pb_column type=&#8220;4_4&#8243; _builder_version=&#8220;3.25&#8243; custom_padding=&#8220;|||&#8220; custom_padding__hover=&#8220;|||&#8220;][et_pb_text admin_label=&#8220;Bauvorhaben&#8220; _builder_version=&#8220;3.27.4&#8243; custom_padding=&#8220;10px|10px|10px|10px&#8220;]<\/p>\n<h3 class=\"entry-title\"><span style=\"font-family: Arial, Helvetica, sans-serif;\"><strong><span style=\"color: #0054aa;\">Haus Cumberland<\/span><\/strong><\/span><\/h3>\n<p>[\/et_pb_text][et_pb_text admin_label=&#8220;Beschreibung&#8220; _builder_version=&#8220;3.27.4&#8243; custom_padding=&#8220;10px|10px|35px|10px&#8220; custom_padding_tablet=&#8220;&#8220; custom_padding_phone=&#8220;&#8220; custom_padding_last_edited=&#8220;on|desktop&#8220;]<\/p>\n<p>\n<span style=\"color: #ffffff;\"><strong>Beschreibung:<\/strong><\/span><br \/><span style=\"color: #ffffff;\">Umbau und Sanierung der Geb\u00e4udeteile &#8222;A, B und C&#8220; im denkmalgesch\u00fctzten &#8222;Haus Cumberland&#8220; aus dem Jahre 1911\/12 von Robert Leibnitz, entsprechend dem neuen Nutzungskonzept als Gastronomie- und B\u00fcrogeb\u00e4ude.<\/span><\/p>\n<p><span style=\"color: #ffffff;\">Vertragsleistung Erweiterter Rohbau:<br \/>Abbruch, Mauerwerksarbeiten, Beton- und Stahlbetonarbeiten, Stahlbau, sowie Neubau von zwei Treppenh\u00e4usern \u00fcber 6 Geschosse.<\/span><\/p>\n<p>[\/et_pb_text][et_pb_gallery gallery_ids=&#8220;496,427,428,429,430,494,495&#8243; posts_number=&#8220;15&#8243; show_title_and_caption=&#8220;off&#8220; show_pagination=&#8220;off&#8220; hover_icon=&#8220;%%13%%&#8220; _builder_version=&#8220;3.15&#8243; custom_css_gallery_item=&#8220;margin:0 !important;||width:20% !important;||clear:none !important;||&#8220; border_width_all_image=&#8220;5px&#8220; border_color_all_image=&#8220;rgba(51,51,51,0)&#8220;][\/et_pb_gallery][et_pb_text admin_label=&#8220;Tabelle&#8220; _builder_version=&#8220;3.27.4&#8243; custom_padding=&#8220;20px|250px|0px|0px&#8220; custom_padding_tablet=&#8220;|0px||&#8220; custom_padding_phone=&#8220;&#8220; custom_padding_last_edited=&#8220;on|desktop&#8220;]<\/p>\n<table style=\"border-style: none;\">\n<tbody>\n<tr style=\"border-style: none;\">\n<td style=\"border-style: none;\"><span style=\"color: #ffffff;\"><strong>Auftraggeber:<br \/><\/strong><\/span><\/td>\n<td style=\"border-style: none;\"><span style=\"color: #ffffff;\">Dr. Bscher<\/span><\/td>\n<\/tr>\n<tr style=\"border-style: none;\">\n<td style=\"border-style: none;\"><span style=\"color: #ffffff;\"><strong>Planung:<br \/><\/strong><\/span><\/td>\n<td style=\"border-style: none;\"><span style=\"color: #ffffff;\">Broll &amp; F\u00f6rster Architekten, Berlin<\/span><\/td>\n<\/tr>\n<tr style=\"border-style: none;\">\n<td style=\"border-style: none;\"><span style=\"color: #ffffff;\"><strong>Bauleitung:<br \/><\/strong><\/span><\/td>\n<td style=\"border-style: none;\"><span style=\"color: #ffffff;\">trilith GmbH, Berlin<\/span><\/td>\n<\/tr>\n<tr style=\"border-style: none;\">\n<td style=\"border-style: none;\"><span style=\"color: #ffffff;\"><strong>Auftragsvolumen:<br \/><\/strong><\/span><\/td>\n<td style=\"border-style: none;\"><span style=\"color: #ffffff;\">1,1 Mio Euro<\/span><\/td>\n<\/tr>\n<tr style=\"border-style: none;\">\n<td style=\"border-style: none;\"><span style=\"color: #ffffff;\"><strong>Bauzeit:<br \/><\/strong><\/span><\/td>\n<td style=\"border-style: none;\"><span style=\"color: #ffffff;\">M\u00e4rz\u00a02011 &#8211;\u00a0M\u00e4rz 2012<\/span><\/td>\n<\/tr>\n<\/tbody>\n<\/table>\n<p>[\/et_pb_text][\/et_pb_column][\/et_pb_row][\/et_pb_section]<\/p>\n","protected":false},"excerpt":{"rendered":"<p>Haus Cumberland Beschreibung:Umbau und Sanierung der Geb\u00e4udeteile &#8222;A, B und C&#8220; im denkmalgesch\u00fctzten &#8222;Haus Cumberland&#8220; aus dem Jahre 1911\/12 von Robert Leibnitz, entsprechend dem neuen Nutzungskonzept als Gastronomie- und B\u00fcrogeb\u00e4ude. Vertragsleistung Erweiterter Rohbau:Abbruch, Mauerwerksarbeiten, Beton- und Stahlbetonarbeiten, Stahlbau, sowie Neubau von zwei Treppenh\u00e4usern \u00fcber 6 Geschosse. Auftraggeber: Dr. Bscher Planung: Broll &amp; F\u00f6rster Architekten, Berlin Bauleitung: trilith GmbH, Berlin Auftragsvolumen: 1,1 Mio Euro Bauzeit: M\u00e4rz\u00a02011 &#8211;\u00a0M\u00e4rz 2012 Schillerpromenade1 Beschreibung: Umbau und Erweiterung des denkmalgesch\u00fctzten ehemaligen Postamtes Obersch\u00f6neweide (Baujahr 1910) zu einer begr\u00fcnten Wohnanlage mit Mikroappartments.Das alte Postamt wird revitalisiert und durch zwei flankierende Erweiterungsbauten erg\u00e4nzt. Diese schlie\u00dfen die Blockrandbebauung stra\u00dfenseitig (Bauteile A und C). Im Hof wird ein weitere Erweiterungsriegel (Bauteil E) errichtet, in welchen das historische Kutschenhaus integriert wird. Auftraggeber: SchillerQubes GmbH &amp; Co. KG Bauleitung: GFP Real Estate Concepts GmbH Architekt: Studio C Auftragsvolumen: 2,1 Mio. EUR Bauzeit: April 2017 &#8211; Mai 2019 Haus Cumberland Beschreibung:Umbau und Sanierung der Geb\u00e4udeteile &#8222;A, B und C&#8220; im denkmalgesch\u00fctzten &#8222;Haus Cumberland&#8220; aus dem Jahre 1911\/12 von Robert Leibnitz, entsprechend dem neuen Nutzungskonzept als Gastronomie- und B\u00fcrogeb\u00e4ude. Vertragsleistung Erweiterter Rohbau:Abbruch, Mauerwerksarbeiten, Beton- und Stahlbetonarbeiten, Stahlbau, sowie Neubau von zwei Treppenh\u00e4usern \u00fcber 6 Geschosse. Auftraggeber: Dr. Bscher Planung: Broll &amp; F\u00f6rster Architekten, Berlin Bauleitung: trilith GmbH, Berlin Auftragsvolumen: 1,1 Mio Euro Bauzeit: M\u00e4rz\u00a02011 &#8211;\u00a0M\u00e4rz 2012<\/p>\n","protected":false},"author":1,"featured_media":0,"parent":740,"menu_order":10,"comment_status":"closed","ping_status":"closed","template":"","meta":{"_et_pb_use_builder":"on","_et_pb_old_content":"<p>Umbau und Sanierung der Geb\u00e4udeteile \"A, B und C\" im denkmalgesch\u00fctzten \"Haus Cumberland\" aus dem Jahre 1911\/12 von Robert Leibnitz, entsprechend dem neuen Nutzungskonzept als Gastronomie- und B\u00fcrogeb\u00e4ude.<\/p><p>Vertragsleistung Erweiterter Rohbau:<br \/>Abbruch, Mauerwerksarbeiten, Beton- und Stahlbetonarbeiten, Stahlbau, sowie Neubau von zwei Treppenh\u00e4usern \u00fcber 6 Geschosse.<\/p><p>{phocagallery view=category|categoryid=8} Auftraggeber:<br \/>Dr. Bscher<\/p><p>Planung: Broll & F\u00f6rster Architekten, Berlin<br \/>Bauleitung: trilith GmbH, Berlin<\/p><p>Auftragsvolumen:<br \/>1,1 Mio EUR<\/p><p>Bauzeit:<br \/>03\/2011 - 03\/2012<\/p>","_et_gb_content_width":"","footnotes":""},"class_list":["post-47","page","type-page","status-publish","hentry"],"_links":{"self":[{"href":"https:\/\/kasimir-bau.de\/cms\/wp-json\/wp\/v2\/pages\/47","targetHints":{"allow":["GET"]}}],"collection":[{"href":"https:\/\/kasimir-bau.de\/cms\/wp-json\/wp\/v2\/pages"}],"about":[{"href":"https:\/\/kasimir-bau.de\/cms\/wp-json\/wp\/v2\/types\/page"}],"author":[{"embeddable":true,"href":"https:\/\/kasimir-bau.de\/cms\/wp-json\/wp\/v2\/users\/1"}],"replies":[{"embeddable":true,"href":"https:\/\/kasimir-bau.de\/cms\/wp-json\/wp\/v2\/comments?post=47"}],"version-history":[{"count":9,"href":"https:\/\/kasimir-bau.de\/cms\/wp-json\/wp\/v2\/pages\/47\/revisions"}],"predecessor-version":[{"id":9622,"href":"https:\/\/kasimir-bau.de\/cms\/wp-json\/wp\/v2\/pages\/47\/revisions\/9622"}],"up":[{"embeddable":true,"href":"https:\/\/kasimir-bau.de\/cms\/wp-json\/wp\/v2\/pages\/740"}],"wp:attachment":[{"href":"https:\/\/kasimir-bau.de\/cms\/wp-json\/wp\/v2\/media?parent=47"}],"curies":[{"name":"wp","href":"https:\/\/api.w.org\/{rel}","templated":true}]}}