{"id":44,"date":"2014-02-19T13:59:53","date_gmt":"2014-02-19T12:59:53","guid":{"rendered":"http:\/\/kasimir-bau.de\/cms\/groebenufer\/"},"modified":"2020-09-10T09:56:38","modified_gmt":"2020-09-10T07:56:38","slug":"groebenufer","status":"publish","type":"page","link":"https:\/\/kasimir-bau.de\/cms\/referenzen\/oeffentliche-hand\/groebenufer\/","title":{"rendered":"Gr\u00f6benufer"},"content":{"rendered":"<p>[et_pb_section fb_built=&#8220;1&#8243; custom_padding_last_edited=&#8220;on|phone&#8220; disabled_on=&#8220;off|off|off&#8220; _builder_version=&#8220;4.6.1&#8243; background_image=&#8220;https:\/\/kasimir-bau.de\/cms\/wp-content\/uploads\/2018\/06\/groebenufer4869.jpg&#8220; parallax=&#8220;on&#8220; parallax_method=&#8220;off&#8220; custom_padding=&#8220;50px||100px|180px&#8220; custom_padding_tablet=&#8220;&#8220; custom_padding_phone=&#8220;50px||100px|10px&#8220; animation_style=&#8220;fade&#8220; animation_speed_curve=&#8220;linear&#8220; da_disable_devices=&#8220;off|off|off&#8220; da_is_popup=&#8220;off&#8220; da_exit_intent=&#8220;off&#8220; da_has_close=&#8220;on&#8220; da_alt_close=&#8220;off&#8220; da_dark_close=&#8220;off&#8220; da_not_modal=&#8220;on&#8220; da_is_singular=&#8220;off&#8220; da_with_loader=&#8220;off&#8220; da_has_shadow=&#8220;on&#8220;][et_pb_row _builder_version=&#8220;3.25&#8243; background_color=&#8220;#b0b0b0&#8243; max_width=&#8220;750px&#8220; module_alignment=&#8220;left&#8220; custom_padding=&#8220;|30px||30px&#8220; use_custom_width=&#8220;on&#8220; custom_width_px=&#8220;750px&#8220;][et_pb_column type=&#8220;4_4&#8243; _builder_version=&#8220;3.25&#8243; custom_padding=&#8220;|||&#8220; custom_padding__hover=&#8220;|||&#8220;][et_pb_text admin_label=&#8220;\u00dcberschrift&#8220; _builder_version=&#8220;3.27.4&#8243;]<\/p>\n<h3><span style=\"color: #1452a1; font-family: Helvetica;\"><strong>Gr\u00f6benufer<\/strong><\/span><\/h3>\n<p>[\/et_pb_text][et_pb_text admin_label=&#8220;Beschreibung&#8220; _builder_version=&#8220;4.6.1&#8243;]<span style=\"color: #000000;\">Denkmalgerechte Sanierung einer Doppelkaianlage (ca. 80 Meter L\u00e4nge) einschl. Neubau eines Gew\u00f6lbekellers mit sp\u00e4terer gastronomischer Nutzung direkt an der Spree neben der Oberbaumbr\u00fccke; Die Vertragsleistungen beinhalten neben den Erdbau-, Verbau-, Spundwand-, Wasserhaltungs-, Beton-, Stahlbeton und Maurerarbeiten auch die im gr\u00f6\u00dferen Umfang auszuf\u00fchrenden Natursteinarbeiten jeweils nach Auflagen des Denkmalschutzes.<\/span>[\/et_pb_text][et_pb_gallery gallery_ids=&#8220;456,519,460,462,463,464,465,466,457,458&#8243; posts_number=&#8220;15&#8243; show_title_and_caption=&#8220;off&#8220; show_pagination=&#8220;off&#8220; zoom_icon_color=&#8220;#2ea3f2&#8243; hover_icon=&#8220;%%13%%&#8220; _builder_version=&#8220;4.6.1&#8243; custom_padding=&#8220;10px||10px|&#8220; hover_enabled=&#8220;0&#8243; custom_css_gallery_item=&#8220;margin:0 !important;||width:20% !important;||clear:none !important;&#8220; border_width_all_image=&#8220;5px&#8220; border_color_all_image=&#8220;rgba(51,51,51,0)&#8220; sticky_enabled=&#8220;0&#8243;][\/et_pb_gallery][et_pb_text admin_label=&#8220;Tabelle&#8220; _builder_version=&#8220;4.6.1&#8243;]<\/p>\n<table style=\"border-style: none;\">\n<tbody>\n<tr>\n<td style=\"border-style: none;\"><span style=\"color: #000000;\"><strong>Auftraggeber:<\/strong><\/span><\/td>\n<td style=\"border-style: none;\"><span style=\"color: #000000;\">Bezirksamt Friedrichshain-Kreuzberg von Berlin<\/span><\/td>\n<\/tr>\n<tr>\n<td style=\"border-style: none;\"><span style=\"color: #000000;\"><strong>Bauleitung:<\/strong><\/span><\/td>\n<td style=\"border-style: none;\"><span style=\"color: #000000;\">KLW Ingenieure GmbH, 12159 Berlin<\/span><\/td>\n<\/tr>\n<tr>\n<td style=\"border-style: none;\"><span style=\"color: #000000;\"><strong>Architekt:<\/strong><\/span><\/td>\n<td style=\"border-style: none;\"><span style=\"color: #000000;\">K+B Architekten, Prof. Dr. Georg Kohlmaier, Dipl.-Ing. Eva Bitsch, 12205 Berlin<\/span><\/td>\n<\/tr>\n<tr>\n<td style=\"border-style: none;\"><span style=\"color: #000000;\"><strong>Auftragsvolumen:<br \/>\n<\/strong><\/span><\/td>\n<td style=\"border-style: none;\"><span style=\"color: #000000;\">2,0 Mio. EUR<\/span><\/td>\n<\/tr>\n<tr>\n<td style=\"border-style: none;\"><span style=\"color: #000000;\"><strong>Bauzeit:<\/strong><\/span><\/td>\n<td style=\"border-style: none;\"><span style=\"color: #000000;\">Oktober 2008 &#8211;\u00a0November 2010<\/span><\/td>\n<\/tr>\n<\/tbody>\n<\/table>\n<p>[\/et_pb_text][\/et_pb_column][\/et_pb_row][\/et_pb_section][et_pb_section fb_built=&#8220;1&#8243; custom_padding_last_edited=&#8220;on|desktop&#8220; disabled_on=&#8220;on|on|&#8220; _builder_version=&#8220;3.22&#8243; background_image=&#8220;https:\/\/kasimir-bau.de\/cms\/wp-content\/uploads\/2018\/06\/groebenufer4869.jpg&#8220; custom_padding=&#8220;50px|||160px&#8220; custom_padding_tablet=&#8220;&#8220; custom_padding_phone=&#8220;50px||100px|10px&#8220; animation_style=&#8220;fade&#8220; animation_speed_curve=&#8220;linear&#8220; custom_css_main_element=&#8220;display: block;|| min-height: 100%;|| min-width: 1024px;|| width: 100%;|| height: auto;|| background-attachment: fixed;||position: absolute!important;&#8220; da_disable_devices=&#8220;off|off|off&#8220; da_is_popup=&#8220;off&#8220; da_exit_intent=&#8220;off&#8220; da_has_close=&#8220;on&#8220; da_alt_close=&#8220;off&#8220; da_dark_close=&#8220;off&#8220; da_not_modal=&#8220;on&#8220; da_is_singular=&#8220;off&#8220; da_with_loader=&#8220;off&#8220; da_has_shadow=&#8220;on&#8220;][et_pb_row disabled_on=&#8220;on|on|&#8220; _builder_version=&#8220;3.25&#8243; background_color=&#8220;#b0b0b0&#8243; max_width=&#8220;750px&#8220; module_alignment=&#8220;left&#8220; custom_padding=&#8220;|30px||30px&#8220; custom_css_main_element=&#8220;margin-top:40px!important;&#8220; use_custom_width=&#8220;on&#8220; custom_width_px=&#8220;750px&#8220;][et_pb_column type=&#8220;4_4&#8243; _builder_version=&#8220;3.25&#8243; custom_padding=&#8220;|||&#8220; custom_padding__hover=&#8220;|||&#8220;][et_pb_text admin_label=&#8220;\u00dcberschrift&#8220; _builder_version=&#8220;3.27.4&#8243;]<\/p>\n<h3><span style=\"color: #1452a1; font-family: Helvetica;\"><strong>Gr\u00f6benufer<\/strong><\/span><\/h3>\n<p>[\/et_pb_text][et_pb_text admin_label=&#8220;Beschreibung&#8220; _builder_version=&#8220;3.27.4&#8243;]<span style=\"font-size: 12pt; color: #ffffff;\">Denkmalgerechte Sanierung einer Doppelkaianlage (ca. 80 Meter L\u00e4nge) einschl. Neubau eines Gew\u00f6lbekellers mit sp\u00e4terer gastronomischer Nutzung direkt an der Spree neben der Oberbaumbr\u00fccke; Die Vertragsleistungen beinhalten neben den Erdbau-, Verbau-, Spundwand-, Wasserhaltungs-, Beton-, Stahlbeton und Maurerarbeiten auch die im gr\u00f6\u00dferen Umfang auszuf\u00fchrenden Natursteinarbeiten jeweils nach Auflagen des Denkmalschutzes.<\/span><br \/>\n[\/et_pb_text][et_pb_gallery gallery_ids=&#8220;456,519,460,461,462,463,464,465,466,457,458&#8243; posts_number=&#8220;15&#8243; show_title_and_caption=&#8220;off&#8220; show_pagination=&#8220;off&#8220; hover_icon=&#8220;%%13%%&#8220; _builder_version=&#8220;3.12.2&#8243; custom_padding=&#8220;10px||10px|&#8220; border_width_all_image=&#8220;5px&#8220; border_color_all_image=&#8220;rgba(51,51,51,0)&#8220;][\/et_pb_gallery][et_pb_text admin_label=&#8220;Tabelle&#8220; _builder_version=&#8220;3.27.4&#8243;]<\/p>\n<table style=\"border-style: none;\">\n<tbody>\n<tr valign=\"top\">\n<td style=\"border-style: none;\"><span style=\"color: #ffffff;\"><strong>Auftraggeber:<\/strong><\/span><\/td>\n<td style=\"border-style: none;\"><span style=\"color: #ffffff;\">Bezirksamt Friedrichshain-Kreuzberg von Berlin<\/span><\/td>\n<\/tr>\n<tr valign=\"top\">\n<td style=\"border-style: none;\"><span style=\"color: #ffffff;\"><strong>Bauleitung:<\/strong><\/span><\/td>\n<td style=\"border-style: none;\"><span style=\"color: #ffffff;\">KLW Ingenieure GmbH, 12159 Berlin<\/span><\/td>\n<\/tr>\n<tr valign=\"top\">\n<td style=\"border-style: none;\"><span style=\"color: #ffffff;\"><strong>Architekt:<\/strong><\/span><\/td>\n<td style=\"border-style: none;\"><span style=\"color: #ffffff;\">K+B Architekten, Prof. Dr. Georg Kohlmaier, Dipl.-Ing. Eva Bitsch, 12205 Berlin<\/span><\/td>\n<\/tr>\n<tr valign=\"top\">\n<td style=\"border-style: none;\"><span style=\"color: #ffffff;\"><strong>Auftragsvolumen:<br \/>\n<\/strong><\/span><\/td>\n<td style=\"border-style: none;\"><span style=\"color: #ffffff;\">2,0 Mio. EUR<\/span><\/td>\n<\/tr>\n<tr>\n<td style=\"border-style: none;\"><span style=\"color: #ffffff;\"><strong>Bauzeit:<\/strong><\/span><\/td>\n<td style=\"border-style: none;\"><span style=\"color: #ffffff;\">Oktober 2008 &#8211;&nbsp;November 2010<\/span><\/td>\n<\/tr>\n<\/tbody>\n<\/table>\n<p>[\/et_pb_text][\/et_pb_column][\/et_pb_row][\/et_pb_section]<\/p>\n","protected":false},"excerpt":{"rendered":"<p>Gr\u00f6benufer Denkmalgerechte Sanierung einer Doppelkaianlage (ca. 80 Meter L\u00e4nge) einschl. Neubau eines Gew\u00f6lbekellers mit sp\u00e4terer gastronomischer Nutzung direkt an der Spree neben der Oberbaumbr\u00fccke; Die Vertragsleistungen beinhalten neben den Erdbau-, Verbau-, Spundwand-, Wasserhaltungs-, Beton-, Stahlbeton und Maurerarbeiten auch die im gr\u00f6\u00dferen Umfang auszuf\u00fchrenden Natursteinarbeiten jeweils nach Auflagen des Denkmalschutzes. Auftraggeber: Bezirksamt Friedrichshain-Kreuzberg von Berlin Bauleitung: KLW Ingenieure GmbH, 12159 Berlin Architekt: K+B Architekten, Prof. Dr. Georg Kohlmaier, Dipl.-Ing. Eva Bitsch, 12205 Berlin Auftragsvolumen: 2,0 Mio. EUR Bauzeit: Oktober 2008 &#8211;\u00a0November 2010 Gr\u00f6benufer Denkmalgerechte Sanierung einer Doppelkaianlage (ca. 80 Meter L\u00e4nge) einschl. Neubau eines Gew\u00f6lbekellers mit sp\u00e4terer gastronomischer Nutzung direkt an der Spree neben der Oberbaumbr\u00fccke; Die Vertragsleistungen beinhalten neben den Erdbau-, Verbau-, Spundwand-, Wasserhaltungs-, Beton-, Stahlbeton und Maurerarbeiten auch die im gr\u00f6\u00dferen Umfang auszuf\u00fchrenden Natursteinarbeiten jeweils nach Auflagen des Denkmalschutzes. Auftraggeber: Bezirksamt Friedrichshain-Kreuzberg von Berlin Bauleitung: KLW Ingenieure GmbH, 12159 Berlin Architekt: K+B Architekten, Prof. Dr. Georg Kohlmaier, Dipl.-Ing. Eva Bitsch, 12205 Berlin Auftragsvolumen: 2,0 Mio. EUR Bauzeit: Oktober 2008 &#8211;&nbsp;November 2010<\/p>\n","protected":false},"author":1,"featured_media":0,"parent":744,"menu_order":2,"comment_status":"closed","ping_status":"closed","template":"","meta":{"_et_pb_use_builder":"on","_et_pb_old_content":"Denkmalgerechte Sanierung einer Doppelkaianlage (ca. 80 Meter L\u00e4nge) einschl. Neubau eines Gew\u00f6lbekellers mit sp\u00e4terer gastronomischer Nutzung direkt an der Spree neben der Oberbaumbr\u00fccke; Die Vertragsleistungen beinhalten neben den Erdbau-, Verbau-, Spundwand-, Wasserhaltungs-, Beton-, Stahlbeton und Maurerarbeiten auch die im gr\u00f6\u00dferen Umfang auszuf\u00fchrenden Natursteinarbeiten jeweils nach Auflagen des Denkmalschutzes <br \/><br \/>   Auftraggeber:Bezirksamt Friedrichshain-Kreuzberg von Berlin <br \/><br \/>   {phocagallery view=category|categoryid=4}  Bauleitung: KLW Ingenieure GmbH, 12159 Berlin<br \/> Architekten: K+B Architekten,  Prof. Dr. Georg Kohlmaier,  Dipl.-Ing. Eva Bitsch, 12205 Berlin <br \/><br \/>  Auftragsvolumen:<br \/> 2,0 Mio EUR <br \/><br \/>  Bauzeit:<br \/> 10\/2008 - 11\/2010","_et_gb_content_width":"","footnotes":""},"class_list":["post-44","page","type-page","status-publish","hentry"],"_links":{"self":[{"href":"https:\/\/kasimir-bau.de\/cms\/wp-json\/wp\/v2\/pages\/44","targetHints":{"allow":["GET"]}}],"collection":[{"href":"https:\/\/kasimir-bau.de\/cms\/wp-json\/wp\/v2\/pages"}],"about":[{"href":"https:\/\/kasimir-bau.de\/cms\/wp-json\/wp\/v2\/types\/page"}],"author":[{"embeddable":true,"href":"https:\/\/kasimir-bau.de\/cms\/wp-json\/wp\/v2\/users\/1"}],"replies":[{"embeddable":true,"href":"https:\/\/kasimir-bau.de\/cms\/wp-json\/wp\/v2\/comments?post=44"}],"version-history":[{"count":10,"href":"https:\/\/kasimir-bau.de\/cms\/wp-json\/wp\/v2\/pages\/44\/revisions"}],"predecessor-version":[{"id":9663,"href":"https:\/\/kasimir-bau.de\/cms\/wp-json\/wp\/v2\/pages\/44\/revisions\/9663"}],"up":[{"embeddable":true,"href":"https:\/\/kasimir-bau.de\/cms\/wp-json\/wp\/v2\/pages\/744"}],"wp:attachment":[{"href":"https:\/\/kasimir-bau.de\/cms\/wp-json\/wp\/v2\/media?parent=44"}],"curies":[{"name":"wp","href":"https:\/\/api.w.org\/{rel}","templated":true}]}}