{"id":42,"date":"2014-02-12T16:23:30","date_gmt":"2014-02-12T15:23:30","guid":{"rendered":"http:\/\/kasimir-bau.de\/cms\/aerztehaus-brunnenstrasse\/"},"modified":"2020-09-10T11:08:07","modified_gmt":"2020-09-10T09:08:07","slug":"aerztehaus-brunnenstrasse","status":"publish","type":"page","link":"https:\/\/kasimir-bau.de\/cms\/referenzen\/privat\/aerztehaus-brunnenstrasse\/","title":{"rendered":"\u00c4rztehaus Brunnenstra\u00dfe"},"content":{"rendered":"<p>[et_pb_section fb_built=&#8220;1&#8243; custom_padding_last_edited=&#8220;on|phone&#8220; disabled_on=&#8220;off|off|off&#8220; _builder_version=&#8220;4.6.1&#8243; background_image=&#8220;https:\/\/kasimir-bau.de\/cms\/wp-content\/uploads\/2018\/06\/brunnenstrasse02-2.jpg&#8220; parallax=&#8220;on&#8220; parallax_method=&#8220;off&#8220; custom_padding=&#8220;50px||140px|180px&#8220; custom_padding_tablet=&#8220;&#8220; custom_padding_phone=&#8220;50px||140px|10px&#8220; animation_style=&#8220;fade&#8220; animation_speed_curve=&#8220;linear&#8220; hover_enabled=&#8220;0&#8243; sticky_enabled=&#8220;0&#8243; da_is_popup=&#8220;off&#8220; da_exit_intent=&#8220;off&#8220; da_has_close=&#8220;on&#8220; da_alt_close=&#8220;off&#8220; da_dark_close=&#8220;off&#8220; da_not_modal=&#8220;on&#8220; da_is_singular=&#8220;off&#8220; da_with_loader=&#8220;off&#8220; da_has_shadow=&#8220;on&#8220; da_disable_devices=&#8220;off|off|off&#8220;][et_pb_row module_class=&#8220;schrift1&#8243; _builder_version=&#8220;3.25&#8243; background_color=&#8220;#b0b0b0&#8243; max_width=&#8220;750px&#8220; module_alignment=&#8220;left&#8220; custom_padding=&#8220;|30px||30px&#8220; use_custom_width=&#8220;on&#8220; custom_width_px=&#8220;750px&#8220;][et_pb_column type=&#8220;4_4&#8243; _builder_version=&#8220;3.25&#8243; custom_padding=&#8220;|||&#8220; custom_padding__hover=&#8220;|||&#8220;][et_pb_text admin_label=&#8220;\u00dcberschrift&#8220; _builder_version=&#8220;3.27.4&#8243;]<\/p>\n<h3><span style=\"color: #1452a1; font-family: Helvetica;\"><strong>\u00c4rztehaus Brunnenstra\u00dfe<\/strong><\/span><\/h3>\n<p>&nbsp;<br \/>\n[\/et_pb_text][et_pb_text admin_label=&#8220;Beschreibung&#8220; _builder_version=&#8220;4.6.1&#8243; hover_enabled=&#8220;0&#8243; sticky_enabled=&#8220;0&#8243;]<span style=\"color: #000000;\">Neubau \u00c4rzte- und Wohnhaus schl\u00fcsselfertig, in typscher Berliner L\u00fcckenbebauung (Eckbebauung), voll unterkellert, Keller in WU-Beton, Stahbeton- und Mauerwerksbau, 8 Geschosse, UG, EG 6 OG\u00b4s, EG Apotheke, 1.-4.OG Praxis\/Behandlung, 5.OG Penthouse-Wohnung<\/span><\/p>\n<p><span style=\"color: #000000;\">Vertragsleistung: Schl\u00fcsselfertigbau<\/span><br \/>\n[\/et_pb_text][et_pb_gallery gallery_ids=&#8220;420,512,421,422,419,424,515,425&#8243; posts_number=&#8220;15&#8243; show_title_and_caption=&#8220;off&#8220; show_pagination=&#8220;off&#8220; hover_icon=&#8220;%%13%%&#8220; _builder_version=&#8220;3.15&#8243; custom_padding=&#8220;15px||15px|&#8220; custom_css_gallery_item=&#8220;margin:0 !important;||width:20% !important;||clear:none !important;&#8220; border_width_all_image=&#8220;5px&#8220; border_color_all_image=&#8220;rgba(51,51,51,0)&#8220;][\/et_pb_gallery][et_pb_text admin_label=&#8220;Tabelle&#8220; _builder_version=&#8220;4.6.1&#8243; custom_padding=&#8220;|209px||&#8220; hover_enabled=&#8220;0&#8243; sticky_enabled=&#8220;0&#8243;]<\/p>\n<table style=\"border-style: none;\">\n<tbody>\n<tr>\n<td style=\"border-style: none;\"><span style=\"color: #000000;\"><strong>Auftraggeber:<\/strong><\/span><\/td>\n<td style=\"border-style: none;\"><span style=\"color: #000000;\">Haschtmann Gruppe <\/span><\/td>\n<\/tr>\n<tr>\n<td style=\"border-style: none;\"><span style=\"color: #000000;\"><strong>Bauleitung:<\/strong><\/span><\/td>\n<td style=\"border-style: none;\"><span style=\"color: #000000;\">Ingenieurb\u00fcro Schmidt<\/span><\/td>\n<\/tr>\n<tr>\n<td style=\"border-style: none;\"><span style=\"color: #000000;\"><strong>Architekt:<\/strong><\/span><\/td>\n<td style=\"border-style: none;\"><span style=\"color: #000000;\">N\u00f6fer Architekten<\/span><\/td>\n<\/tr>\n<tr>\n<td style=\"border-style: none;\"><span style=\"color: #000000;\"><strong>Auftragsvolumen:<br \/>\n<\/strong><\/span><\/td>\n<td style=\"border-style: none;\"><span style=\"color: #000000;\">2,2 Mio. EUR<\/span><\/td>\n<\/tr>\n<tr>\n<td style=\"border-style: none;\"><span style=\"color: #000000;\"><strong>Bauzeit:<\/strong><\/span><\/td>\n<td style=\"border-style: none;\"><span style=\"color: #000000;\">Oktober 2010 &#8211;&nbsp;Juli 2012<\/span><\/td>\n<\/tr>\n<\/tbody>\n<\/table>\n<p>[\/et_pb_text][\/et_pb_column][\/et_pb_row][\/et_pb_section][et_pb_section fb_built=&#8220;1&#8243; custom_padding_last_edited=&#8220;on|desktop&#8220; disabled_on=&#8220;on|on|&#8220; _builder_version=&#8220;3.22&#8243; background_image=&#8220;https:\/\/kasimir-bau.de\/cms\/wp-content\/uploads\/2018\/06\/brunnenstrasse02-2.jpg&#8220; custom_padding=&#8220;50px|||160px&#8220; custom_padding_tablet=&#8220;&#8220; custom_padding_phone=&#8220;50px||140px|10px&#8220; animation_style=&#8220;fade&#8220; animation_speed_curve=&#8220;linear&#8220; custom_css_main_element=&#8220;display: block;|| min-height: 100%;|| min-width: 1024px;|| width: 100%;|| height: auto;|| background-attachment: fixed;||position: absolute!important;&#8220; da_is_popup=&#8220;off&#8220; da_exit_intent=&#8220;off&#8220; da_has_close=&#8220;on&#8220; da_alt_close=&#8220;off&#8220; da_dark_close=&#8220;off&#8220; da_not_modal=&#8220;on&#8220; da_is_singular=&#8220;off&#8220; da_with_loader=&#8220;off&#8220; da_has_shadow=&#8220;on&#8220; da_disable_devices=&#8220;off|off|off&#8220;][et_pb_row _builder_version=&#8220;3.25&#8243; background_color=&#8220;#b0b0b0&#8243; max_width=&#8220;750px&#8220; module_alignment=&#8220;left&#8220; custom_padding=&#8220;|30px||30px&#8220; custom_css_main_element=&#8220;margin-top:40px!important;&#8220; use_custom_width=&#8220;on&#8220; custom_width_px=&#8220;750px&#8220;][et_pb_column type=&#8220;4_4&#8243; _builder_version=&#8220;3.25&#8243; custom_padding=&#8220;|||&#8220; custom_padding__hover=&#8220;|||&#8220;][et_pb_text admin_label=&#8220;\u00dcberschrift&#8220; _builder_version=&#8220;3.27.4&#8243;]<\/p>\n<h3><span style=\"color: #1452a1; font-family: Helvetica;\"><strong>\u00c4rztehaus Brunnenstra\u00dfe<\/strong><\/span><\/h3>\n<p>&nbsp;<br \/>\n[\/et_pb_text][et_pb_text admin_label=&#8220;Beschreibung&#8220; _builder_version=&#8220;3.27.4&#8243;]<\/p>\n<p><span style=\"color: #ffffff; font-size: 12pt;\">Neubau \u00c4rzte- und Wohnhaus schl\u00fcsselfertig, in typscher Berliner L\u00fcckenbebauung (Eckbebauung), voll unterkellert, Keller in WU-Beton, Stahbeton- und Mauerwerksbau, 8 Geschosse, UG, EG 6 OG\u00b4s, EG Apotheke, 1.-4.OG Praxis\/Behandlung, 5.OG Penthouse-Wohnung<\/span><\/p>\n<p><span style=\"color: #ffffff; font-size: 12pt;\"><span>Vertragsleistung: Schl\u00fcsselfertigbau<\/span><\/span><\/p>\n<p>[\/et_pb_text][et_pb_gallery gallery_ids=&#8220;420,512,421,422,419,424,515,425&#8243; posts_number=&#8220;15&#8243; show_title_and_caption=&#8220;off&#8220; show_pagination=&#8220;off&#8220; hover_icon=&#8220;%%13%%&#8220; _builder_version=&#8220;3.13.1&#8243; custom_padding=&#8220;15px||15px|&#8220; border_width_all_image=&#8220;5px&#8220; border_color_all_image=&#8220;rgba(51,51,51,0)&#8220;][\/et_pb_gallery][et_pb_text admin_label=&#8220;Tabelle&#8220; _builder_version=&#8220;3.27.4&#8243; custom_padding=&#8220;|209px||&#8220;]<\/p>\n<table style=\"border-style: none;\">\n<tbody>\n<tr>\n<td style=\"border-style: none;\"><span style=\"color: #ffffff;\"><strong>Auftraggeber:<\/strong><\/span><\/td>\n<td style=\"border-style: none;\"><span style=\"color: #ffffff;\">Haschtmann Gruppe <\/span><\/td>\n<\/tr>\n<tr valign=\"top\">\n<td style=\"border-style: none;\"><span style=\"color: #ffffff;\"><strong>Bauleitung:<\/strong><\/span><\/td>\n<td style=\"border-style: none;\"><span style=\"color: #ffffff;\">Ingenieurb\u00fcro Schmidt<\/span><\/td>\n<\/tr>\n<tr valign=\"top\">\n<td style=\"border-style: none;\"><span style=\"color: #ffffff;\"><strong>Architekt:<\/strong><\/span><\/td>\n<td style=\"border-style: none;\"><span style=\"color: #ffffff;\">N\u00f6fer Architekten<\/span><\/td>\n<\/tr>\n<tr valign=\"top\">\n<td style=\"border-style: none;\"><span style=\"color: #ffffff;\"><strong>Auftragsvolumen:<br \/>\n<\/strong><\/span><\/td>\n<td style=\"border-style: none;\"><span style=\"color: #ffffff;\">2,2 Mio. EUR<\/span><\/td>\n<\/tr>\n<tr>\n<td style=\"border-style: none;\"><span style=\"color: #ffffff;\"><strong>Bauzeit:<\/strong><\/span><\/td>\n<td style=\"border-style: none;\"><span style=\"color: #ffffff;\">Oktober 2010 &#8211;&nbsp;Juli 2012<\/span><\/td>\n<\/tr>\n<\/tbody>\n<\/table>\n<p>[\/et_pb_text][\/et_pb_column][\/et_pb_row][\/et_pb_section]<\/p>\n","protected":false},"excerpt":{"rendered":"<p>\u00c4rztehaus Brunnenstra\u00dfe &nbsp; Neubau \u00c4rzte- und Wohnhaus schl\u00fcsselfertig, in typscher Berliner L\u00fcckenbebauung (Eckbebauung), voll unterkellert, Keller in WU-Beton, Stahbeton- und Mauerwerksbau, 8 Geschosse, UG, EG 6 OG\u00b4s, EG Apotheke, 1.-4.OG Praxis\/Behandlung, 5.OG Penthouse-Wohnung Vertragsleistung: Schl\u00fcsselfertigbau Auftraggeber: Haschtmann Gruppe Bauleitung: Ingenieurb\u00fcro Schmidt Architekt: N\u00f6fer Architekten Auftragsvolumen: 2,2 Mio. EUR Bauzeit: Oktober 2010 &#8211;&nbsp;Juli 2012 \u00c4rztehaus Brunnenstra\u00dfe &nbsp; Neubau \u00c4rzte- und Wohnhaus schl\u00fcsselfertig, in typscher Berliner L\u00fcckenbebauung (Eckbebauung), voll unterkellert, Keller in WU-Beton, Stahbeton- und Mauerwerksbau, 8 Geschosse, UG, EG 6 OG\u00b4s, EG Apotheke, 1.-4.OG Praxis\/Behandlung, 5.OG Penthouse-Wohnung Vertragsleistung: Schl\u00fcsselfertigbau Auftraggeber: Haschtmann Gruppe Bauleitung: Ingenieurb\u00fcro Schmidt Architekt: N\u00f6fer Architekten Auftragsvolumen: 2,2 Mio. EUR Bauzeit: Oktober 2010 &#8211;&nbsp;Juli 2012<\/p>\n","protected":false},"author":1,"featured_media":0,"parent":746,"menu_order":1,"comment_status":"closed","ping_status":"closed","template":"","meta":{"_et_pb_use_builder":"on","_et_pb_old_content":"Neubau \u00c4rzte- und Wohnhaus schl\u00fcsselfertig, in typscher Berliner L\u00fcckenbebauung (Eckbebauung), voll unterkellert, Keller in WU-Beton, Stahbeton- und Mauerwerksbau, 8 Geschosse, UG, EG 6 OG\u00b4s, EG Apotheke, 1.-4.OG Praxis\/Behandlung, 5.OG Penthouse-Wohnung <br \/><br \/>  Vertragsleistung: Schl\u00fcsselfertigbau <br \/><br \/>  {phocagallery view=category|categoryid=2}  Auftraggeber: Haschtmann Gruppe <br \/><br \/>  Architekt: N\u00f6fer Architekten <br \/><br \/> Bauleitung: Ingenieurb\u00fcro Schmidt <br \/><br \/>  Auftragsvolumen:<br \/> 2,2 Mio EUR <br \/><br \/>  Bauzeit:<br \/> 10\/2010 - 07\/2012","_et_gb_content_width":"","footnotes":""},"class_list":["post-42","page","type-page","status-publish","hentry"],"_links":{"self":[{"href":"https:\/\/kasimir-bau.de\/cms\/wp-json\/wp\/v2\/pages\/42","targetHints":{"allow":["GET"]}}],"collection":[{"href":"https:\/\/kasimir-bau.de\/cms\/wp-json\/wp\/v2\/pages"}],"about":[{"href":"https:\/\/kasimir-bau.de\/cms\/wp-json\/wp\/v2\/types\/page"}],"author":[{"embeddable":true,"href":"https:\/\/kasimir-bau.de\/cms\/wp-json\/wp\/v2\/users\/1"}],"replies":[{"embeddable":true,"href":"https:\/\/kasimir-bau.de\/cms\/wp-json\/wp\/v2\/comments?post=42"}],"version-history":[{"count":9,"href":"https:\/\/kasimir-bau.de\/cms\/wp-json\/wp\/v2\/pages\/42\/revisions"}],"predecessor-version":[{"id":9685,"href":"https:\/\/kasimir-bau.de\/cms\/wp-json\/wp\/v2\/pages\/42\/revisions\/9685"}],"up":[{"embeddable":true,"href":"https:\/\/kasimir-bau.de\/cms\/wp-json\/wp\/v2\/pages\/746"}],"wp:attachment":[{"href":"https:\/\/kasimir-bau.de\/cms\/wp-json\/wp\/v2\/media?parent=42"}],"curies":[{"name":"wp","href":"https:\/\/api.w.org\/{rel}","templated":true}]}}