{"id":40,"date":"2014-02-11T11:39:40","date_gmt":"2014-02-11T10:39:40","guid":{"rendered":"http:\/\/kasimir-bau.de\/cms\/koenigsallee-ecke-lassenstr\/"},"modified":"2020-09-10T11:00:54","modified_gmt":"2020-09-10T09:00:54","slug":"koenigsallee-ecke-lassenstr","status":"publish","type":"page","link":"https:\/\/kasimir-bau.de\/cms\/referenzen\/privat\/koenigsallee-ecke-lassenstr\/","title":{"rendered":"Koenigsallee"},"content":{"rendered":"<p>[et_pb_section fb_built=&#8220;1&#8243; custom_padding_last_edited=&#8220;on|phone&#8220; disabled_on=&#8220;off|off|off&#8220; _builder_version=&#8220;4.6.1&#8243; background_image=&#8220;https:\/\/kasimir-bau.de\/cms\/wp-content\/uploads\/2018\/06\/koenigsallee-02-2.jpg&#8220; parallax=&#8220;on&#8220; parallax_method=&#8220;off&#8220; custom_padding=&#8220;50px||180px|180px&#8220; custom_padding_tablet=&#8220;&#8220; custom_padding_phone=&#8220;50px||180px|10px&#8220; animation_style=&#8220;fade&#8220; animation_speed_curve=&#8220;linear&#8220; hover_enabled=&#8220;0&#8243; sticky_enabled=&#8220;0&#8243; da_is_popup=&#8220;off&#8220; da_exit_intent=&#8220;off&#8220; da_has_close=&#8220;on&#8220; da_alt_close=&#8220;off&#8220; da_dark_close=&#8220;off&#8220; da_not_modal=&#8220;on&#8220; da_is_singular=&#8220;off&#8220; da_with_loader=&#8220;off&#8220; da_has_shadow=&#8220;on&#8220; da_disable_devices=&#8220;off|off|off&#8220;][et_pb_row module_class=&#8220;schrift1&#8243; _builder_version=&#8220;3.25&#8243; background_color=&#8220;#b0b0b0&#8243; max_width=&#8220;750px&#8220; module_alignment=&#8220;left&#8220; custom_padding=&#8220;|30px||30px&#8220; use_custom_width=&#8220;on&#8220; custom_width_px=&#8220;750px&#8220;][et_pb_column type=&#8220;4_4&#8243; _builder_version=&#8220;3.25&#8243; custom_padding=&#8220;|||&#8220; custom_padding__hover=&#8220;|||&#8220;][et_pb_text admin_label=&#8220;\u00dcberschrift&#8220; _builder_version=&#8220;3.27.4&#8243;]<\/p>\n<h3><span style=\"color: #1452a1; font-family: Helvetica;\"><strong>Koenigsallee\/Ecke Lassenstr<\/strong><\/span><\/h3>\n<p>&nbsp;<\/p>\n<p>[\/et_pb_text][et_pb_text admin_label=&#8220;Beschreibung&#8220; _builder_version=&#8220;4.6.1&#8243; hover_enabled=&#8220;0&#8243; sticky_enabled=&#8220;0&#8243;]<\/p>\n<p>\n<span style=\"color: #000000;\">Neubau eines Einfamilienhauses mit Einliegerwohnung, Anwaltskanzlei und Tiefgarage mit 2 Stellpl\u00e4tzen als Stahlbetonbau mit WU-Konstruktion in Keller und TG<\/span><\/p>\n<p>[\/et_pb_text][et_pb_gallery gallery_ids=&#8220;212,213,214,215,216,217,218&#8243; posts_number=&#8220;15&#8243; show_title_and_caption=&#8220;off&#8220; show_pagination=&#8220;off&#8220; zoom_icon_color=&#8220;#2ea3f2&#8243; hover_icon=&#8220;%%13%%&#8220; _builder_version=&#8220;3.15&#8243; custom_padding=&#8220;15px||15px|&#8220; custom_css_gallery_item=&#8220;margin:0 !important;||width:20% !important;||clear:none !important;&#8220; border_width_all_image=&#8220;5px&#8220; border_color_all_image=&#8220;rgba(51,51,51,0)&#8220;][\/et_pb_gallery][et_pb_text admin_label=&#8220;Tabelle&#8220; _builder_version=&#8220;4.6.1&#8243; custom_padding=&#8220;|20px||&#8220; custom_padding_tablet=&#8220;&#8220; custom_padding_phone=&#8220;&#8220; custom_padding_last_edited=&#8220;on|phone&#8220; hover_enabled=&#8220;0&#8243; sticky_enabled=&#8220;0&#8243;]<\/p>\n<table style=\"border-style: none;\">\n<tbody>\n<tr>\n<td style=\"border-style: none;\"><span style=\"color: #000000;\"><strong>Bauzeit:<\/strong><\/span><\/td>\n<td style=\"border-style: none;\"><span style=\"color: #000000;\">Juni 2012 &#8211; April 2013<\/span><\/td>\n<\/tr>\n<tr>\n<td style=\"border-style: none;\"><span style=\"color: #000000;\"><strong>Auftraggeber:<\/strong><\/span><\/td>\n<td style=\"border-style: none;\"><span style=\"color: #000000;\">Koenigsallee Verm\u00f6gensverwaltungs GmbH &amp; Co. KG<\/span><\/td>\n<\/tr>\n<tr>\n<td style=\"border-style: none;\"><span style=\"color: #000000;\"><strong>Bauleitung:<\/strong><\/span><\/td>\n<td style=\"border-style: none;\"><span style=\"color: #000000;\">W I G I P Wanie &amp; Gl\u00fcck Architekten<\/span><\/td>\n<\/tr>\n<tr>\n<td style=\"border-style: none;\"><span style=\"color: #000000;\"><strong>Architekt:<\/strong><\/span><\/td>\n<td style=\"border-style: none;\"><span style=\"color: #000000;\">Sede\u00f1o Architekten BDA<\/span><\/td>\n<\/tr>\n<tr>\n<td style=\"border-style: none;\"><span style=\"color: #000000;\"><strong>Auftragsvolumen:<br \/>\n<\/strong><\/span><\/td>\n<td style=\"border-style: none;\"><span style=\"color: #000000;\">0,7 Mio. EUR<\/span><\/td>\n<\/tr>\n<\/tbody>\n<\/table>\n<p>[\/et_pb_text][\/et_pb_column][\/et_pb_row][\/et_pb_section][et_pb_section fb_built=&#8220;1&#8243; custom_padding_last_edited=&#8220;on|desktop&#8220; disabled_on=&#8220;on|on|&#8220; _builder_version=&#8220;3.22&#8243; background_image=&#8220;https:\/\/kasimir-bau.de\/cms\/wp-content\/uploads\/2018\/06\/koenigsallee-02-2.jpg&#8220; custom_padding=&#8220;50px|||160px&#8220; custom_padding_tablet=&#8220;&#8220; custom_padding_phone=&#8220;50px||180px|10px&#8220; animation_style=&#8220;fade&#8220; animation_speed_curve=&#8220;linear&#8220; custom_css_main_element=&#8220;display: block;|| min-height: 100%;|| min-width: 1024px;|| width: 100%;|| height: auto;|| background-attachment: fixed;||position: absolute!important;&#8220; da_is_popup=&#8220;off&#8220; da_exit_intent=&#8220;off&#8220; da_has_close=&#8220;on&#8220; da_alt_close=&#8220;off&#8220; da_dark_close=&#8220;off&#8220; da_not_modal=&#8220;on&#8220; da_is_singular=&#8220;off&#8220; da_with_loader=&#8220;off&#8220; da_has_shadow=&#8220;on&#8220; da_disable_devices=&#8220;off|off|off&#8220;][et_pb_row _builder_version=&#8220;3.25&#8243; background_color=&#8220;#b0b0b0&#8243; max_width=&#8220;750px&#8220; module_alignment=&#8220;left&#8220; custom_padding=&#8220;|30px||30px&#8220; custom_css_main_element=&#8220;margin-top:40px!important;&#8220; use_custom_width=&#8220;on&#8220; custom_width_px=&#8220;750px&#8220;][et_pb_column type=&#8220;4_4&#8243; _builder_version=&#8220;3.25&#8243; custom_padding=&#8220;|||&#8220; custom_padding__hover=&#8220;|||&#8220;][et_pb_text admin_label=&#8220;\u00dcberschrift&#8220; _builder_version=&#8220;3.27.4&#8243;]<\/p>\n<h3><span style=\"color: #1452a1; font-family: Helvetica;\"><strong>Koenigsallee\/Ecke Lassenstr<\/strong><\/span><\/h3>\n<p>&nbsp;<\/p>\n<p>[\/et_pb_text][et_pb_text admin_label=&#8220;Beschreibung&#8220; _builder_version=&#8220;3.27.4&#8243;]<\/p>\n<p>\n<span style=\"color: #ffffff; font-size: 12pt;\">Neubau eines Einfamilienhauses mit Einliegerwohnung, Anwaltskanzlei und Tiefgarage mit 2 Stellpl\u00e4tzen als Stahlbetonbau mit WU-Konstruktion in Keller und TG<\/span><\/p>\n<p>[\/et_pb_text][et_pb_gallery gallery_ids=&#8220;212,213,214,215,216,217,218&#8243; posts_number=&#8220;15&#8243; show_title_and_caption=&#8220;off&#8220; show_pagination=&#8220;off&#8220; zoom_icon_color=&#8220;#2ea3f2&#8243; hover_icon=&#8220;%%13%%&#8220; _builder_version=&#8220;3.15&#8243; custom_padding=&#8220;15px||15px|&#8220; border_width_all_image=&#8220;5px&#8220; border_color_all_image=&#8220;rgba(51,51,51,0)&#8220;][\/et_pb_gallery][et_pb_text admin_label=&#8220;Tabelle&#8220; _builder_version=&#8220;3.27.4&#8243; custom_padding=&#8220;|20px||&#8220; custom_padding_tablet=&#8220;&#8220; custom_padding_phone=&#8220;&#8220; custom_padding_last_edited=&#8220;on|phone&#8220;]<\/p>\n<table style=\"border-style: none;\">\n<tbody>\n<tr>\n<td style=\"border-style: none;\"><span style=\"color: #ffffff;\"><strong>Auftraggeber:<\/strong><\/span><\/td>\n<td style=\"border-style: none;\"><span style=\"color: #ffffff;\">Koenigsallee Verm\u00f6gensverwaltungs GmbH &amp; Co. KG<\/span><\/td>\n<\/tr>\n<tr>\n<td style=\"border-style: none;\"><span style=\"color: #ffffff;\"><strong>Bauleitung:<\/strong><\/span><\/td>\n<td style=\"border-style: none;\"><span style=\"color: #ffffff;\">W I G I P Wanie &amp; Gl\u00fcck Architekten<\/span><\/td>\n<\/tr>\n<tr style=\"valign=\"top\">\n<td style=\"border-style: none;\"><span style=\"color: #ffffff;\"><strong>Architekt:<\/strong><\/span><\/td>\n<td style=\"border-style: none;\"><span style=\"color: #ffffff;\">Sede\u00f1o Architekten BDA<\/span><\/td>\n<\/tr>\n<tr>\n<td style=\"border-style: none;\"><span style=\"color: #ffffff;\"><strong>Auftragsvolumen:<br \/>\n<\/strong><\/span><\/td>\n<td style=\"border-style: none;\"><span style=\"color: #ffffff;\">0,7 Mio. EUR<\/span><\/td>\n<\/tr>\n<tr>\n<td style=\"border-style: none;\"><span style=\"color: #ffffff;\"><strong>Bauzeit:<\/strong><\/span><\/td>\n<td style=\"border-style: none;\"><span style=\"color: #ffffff;\">Juni 2012 &#8211; April 2013<\/span><\/td>\n<\/tr>\n<\/tbody>\n<\/table>\n<p>[\/et_pb_text][\/et_pb_column][\/et_pb_row][\/et_pb_section]<\/p>\n","protected":false},"excerpt":{"rendered":"<p>Koenigsallee\/Ecke Lassenstr &nbsp; Neubau eines Einfamilienhauses mit Einliegerwohnung, Anwaltskanzlei und Tiefgarage mit 2 Stellpl\u00e4tzen als Stahlbetonbau mit WU-Konstruktion in Keller und TG Bauzeit: Juni 2012 &#8211; April 2013 Auftraggeber: Koenigsallee Verm\u00f6gensverwaltungs GmbH &amp; Co. KG Bauleitung: W I G I P Wanie &amp; Gl\u00fcck Architekten Architekt: Sede\u00f1o Architekten BDA Auftragsvolumen: 0,7 Mio. EUR Koenigsallee\/Ecke Lassenstr &nbsp; Neubau eines Einfamilienhauses mit Einliegerwohnung, Anwaltskanzlei und Tiefgarage mit 2 Stellpl\u00e4tzen als Stahlbetonbau mit WU-Konstruktion in Keller und TG Auftraggeber: Koenigsallee Verm\u00f6gensverwaltungs GmbH &amp; Co. KG Bauleitung: W I G I P Wanie &amp; Gl\u00fcck Architekten<\/p>\n","protected":false},"author":1,"featured_media":0,"parent":746,"menu_order":2,"comment_status":"closed","ping_status":"closed","template":"","meta":{"_et_pb_use_builder":"on","_et_pb_old_content":"<p>Neubau eines Einfamilienhauses mit Einliegerwohnung, Anwaltskanzlei und Tiefgarage mit 2 Stellpl\u00e4tzen als Stahlbetonbau mit WU-Konstruktion in Keller und TG <br \/><br \/> {phocagallery view=category|categoryid=1} Auftraggeber: Koenigsallee Verm\u00f6gensverwaltungs GmbH & Co. KG <br \/><br \/> Architekt: Sede\u00f1o Architekten BDA <br \/><br \/> Bauleitung: W I G I P Wanie & Gl\u00fcck Architekten <br \/><br \/> Auftragsvolumen:<br \/> 0,7 Mio EUR <br \/><br \/> Bauzeit:<br \/> 06\/2012 - 04\/2013<\/p>","_et_gb_content_width":"","footnotes":""},"class_list":["post-40","page","type-page","status-publish","hentry"],"_links":{"self":[{"href":"https:\/\/kasimir-bau.de\/cms\/wp-json\/wp\/v2\/pages\/40","targetHints":{"allow":["GET"]}}],"collection":[{"href":"https:\/\/kasimir-bau.de\/cms\/wp-json\/wp\/v2\/pages"}],"about":[{"href":"https:\/\/kasimir-bau.de\/cms\/wp-json\/wp\/v2\/types\/page"}],"author":[{"embeddable":true,"href":"https:\/\/kasimir-bau.de\/cms\/wp-json\/wp\/v2\/users\/1"}],"replies":[{"embeddable":true,"href":"https:\/\/kasimir-bau.de\/cms\/wp-json\/wp\/v2\/comments?post=40"}],"version-history":[{"count":9,"href":"https:\/\/kasimir-bau.de\/cms\/wp-json\/wp\/v2\/pages\/40\/revisions"}],"predecessor-version":[{"id":9682,"href":"https:\/\/kasimir-bau.de\/cms\/wp-json\/wp\/v2\/pages\/40\/revisions\/9682"}],"up":[{"embeddable":true,"href":"https:\/\/kasimir-bau.de\/cms\/wp-json\/wp\/v2\/pages\/746"}],"wp:attachment":[{"href":"https:\/\/kasimir-bau.de\/cms\/wp-json\/wp\/v2\/media?parent=40"}],"curies":[{"name":"wp","href":"https:\/\/api.w.org\/{rel}","templated":true}]}}