{"id":35,"date":"2014-02-11T08:18:31","date_gmt":"2014-02-11T07:18:31","guid":{"rendered":"http:\/\/kasimir-bau.de\/cms\/mitgliedschaften-zertifikate\/"},"modified":"2025-01-07T11:44:35","modified_gmt":"2025-01-07T10:44:35","slug":"mitgliedschaften-zertifikate","status":"publish","type":"page","link":"https:\/\/kasimir-bau.de\/cms\/ueber-uns\/mitgliedschaften-zertifikate\/","title":{"rendered":"Mitgliedschaften, Zertifikate"},"content":{"rendered":"<p>[et_pb_section fb_built=&#8220;1&#8243; custom_padding_last_edited=&#8220;on|desktop&#8220; module_class=&#8220;schrift1&#8243; _builder_version=&#8220;4.16&#8243; background_color=&#8220;rgba(255,255,255,0.01)&#8220; parallax=&#8220;on&#8220; parallax_method=&#8220;off&#8220; custom_padding=&#8220;78px|||160px&#8220; custom_padding_tablet=&#8220;&#8220; custom_padding_phone=&#8220;10px|||10px&#8220; animation_style=&#8220;fade&#8220; animation_duration=&#8220;400ms&#8220; animation_speed_curve=&#8220;linear&#8220; da_disable_devices=&#8220;off|off|off&#8220; global_colors_info=&#8220;{}&#8220; da_is_popup=&#8220;off&#8220; da_exit_intent=&#8220;off&#8220; da_has_close=&#8220;on&#8220; da_alt_close=&#8220;off&#8220; da_dark_close=&#8220;off&#8220; da_not_modal=&#8220;on&#8220; da_is_singular=&#8220;off&#8220; da_with_loader=&#8220;off&#8220; da_has_shadow=&#8220;on&#8220;][et_pb_row module_class=&#8220;schrift1&#8243; _builder_version=&#8220;4.16&#8243; background_color=&#8220;#ffffff&#8220; max_width=&#8220;1031px&#8220; module_alignment=&#8220;left&#8220; custom_padding=&#8220;20px|20px|20px|20px&#8220; use_custom_width=&#8220;on&#8220; custom_width_px=&#8220;1031px&#8220; global_colors_info=&#8220;{}&#8220;][et_pb_column type=&#8220;4_4&#8243; _builder_version=&#8220;4.16&#8243; custom_padding=&#8220;|||&#8220; global_colors_info=&#8220;{}&#8220; custom_padding__hover=&#8220;|||&#8220;][et_pb_text _builder_version=&#8220;4.16&#8243; global_colors_info=&#8220;{}&#8220;]<\/p>\n<h3><strong><span style=\"font-family: Arial, Helvetica, sans-serif;\"><span style=\"color: #1452a1;\">Mitgliedschaften, Zertifikate<\/span><\/span><\/strong><\/h3>\n<p>[\/et_pb_text][et_pb_text _builder_version=&#8220;4.27.4&#8243; custom_margin=&#8220;30px|||&#8220; hover_enabled=&#8220;0&#8243; z_index_tablet=&#8220;500&#8243; text_text_shadow_horizontal_length_tablet=&#8220;0px&#8220; text_text_shadow_vertical_length_tablet=&#8220;0px&#8220; text_text_shadow_blur_strength_tablet=&#8220;1px&#8220; link_text_shadow_horizontal_length_tablet=&#8220;0px&#8220; link_text_shadow_vertical_length_tablet=&#8220;0px&#8220; link_text_shadow_blur_strength_tablet=&#8220;1px&#8220; ul_text_shadow_horizontal_length_tablet=&#8220;0px&#8220; ul_text_shadow_vertical_length_tablet=&#8220;0px&#8220; ul_text_shadow_blur_strength_tablet=&#8220;1px&#8220; ol_text_shadow_horizontal_length_tablet=&#8220;0px&#8220; ol_text_shadow_vertical_length_tablet=&#8220;0px&#8220; ol_text_shadow_blur_strength_tablet=&#8220;1px&#8220; quote_text_shadow_horizontal_length_tablet=&#8220;0px&#8220; quote_text_shadow_vertical_length_tablet=&#8220;0px&#8220; quote_text_shadow_blur_strength_tablet=&#8220;1px&#8220; header_text_shadow_horizontal_length_tablet=&#8220;0px&#8220; header_text_shadow_vertical_length_tablet=&#8220;0px&#8220; header_text_shadow_blur_strength_tablet=&#8220;1px&#8220; header_2_text_shadow_horizontal_length_tablet=&#8220;0px&#8220; header_2_text_shadow_vertical_length_tablet=&#8220;0px&#8220; header_2_text_shadow_blur_strength_tablet=&#8220;1px&#8220; header_3_text_shadow_horizontal_length_tablet=&#8220;0px&#8220; header_3_text_shadow_vertical_length_tablet=&#8220;0px&#8220; header_3_text_shadow_blur_strength_tablet=&#8220;1px&#8220; header_4_text_shadow_horizontal_length_tablet=&#8220;0px&#8220; header_4_text_shadow_vertical_length_tablet=&#8220;0px&#8220; header_4_text_shadow_blur_strength_tablet=&#8220;1px&#8220; header_5_text_shadow_horizontal_length_tablet=&#8220;0px&#8220; header_5_text_shadow_vertical_length_tablet=&#8220;0px&#8220; header_5_text_shadow_blur_strength_tablet=&#8220;1px&#8220; header_6_text_shadow_horizontal_length_tablet=&#8220;0px&#8220; header_6_text_shadow_vertical_length_tablet=&#8220;0px&#8220; header_6_text_shadow_blur_strength_tablet=&#8220;1px&#8220; box_shadow_horizontal_tablet=&#8220;0px&#8220; box_shadow_vertical_tablet=&#8220;0px&#8220; box_shadow_blur_tablet=&#8220;40px&#8220; box_shadow_spread_tablet=&#8220;0px&#8220; global_colors_info=&#8220;{}&#8220; sticky_enabled=&#8220;0&#8243;]<\/p>\n<p><span style=\"color: #000000;\">Sie d\u00fcrfen einen hohen Anspruch an unsere Leistungen und unsere Mitarbeiter stellen.<\/span><br \/><span style=\"color: #000000;\">Gern tragen wir dem Rechnung durch st\u00e4ndige Fortbildungsma\u00dfnahmen im technischen Bereich, aber auch durch themen\u00fcbergreifende Mitarbeiter-Schulungen.<\/span><\/p>\n<p><span style=\"color: #000000;\">Des Weiteren sind wir in vielen Verb\u00e4nden Mitglied.<\/span><\/p>\n<p><span style=\"color: #000000;\">Unser Unternehmen ist seit dem 24.07.1989 Mitglied der Bauberufsgenossenschaft Hannover unter der UNR.S-Nr. 3882 6411 4417 001.<\/span><span style=\"color: #000000;\"> Ferner sind wir im Unternehmer- und Lieferantenverzeichnis der Senatsverwaltung f\u00fcr Stadtentwicklung und Wohnen (ULV) unter der Nummer 008841 eingetragen und in der Firmen- und Unternehmerdatei des Landesbauamtes Potsdam unter der Registriernummer 1857. Des Weiteren sind wir Mitglied im Verband &#8222;G\u00fcte\u00fcberwachung Beton B II&#8220;. Wir sind pr\u00e4qualifiziert bei dem Verein f\u00fcr die Pr\u00e4qualifikation von Bauunternehmen e.V. unter der Registriernummer 010.010050.<br \/><\/span><\/p>\n<p><span style=\"color: #000000;\">Die Horst Kasimir Bauunternehmung GmbH ist Mitglied<\/span><\/p>\n<div style=\"text-align: center;\">\u00a0<\/div>\n<p style=\"text-align: center;\"><a href=\"http:\/\/www.fg-bau.de\" target=\"_blank\" rel=\"noopener noreferrer\"><img loading=\"lazy\" decoding=\"async\" class=\"alignnone size-full wp-image-182\" src=\"https:\/\/kasimir-bau.de\/cms\/wp-content\/uploads\/2018\/06\/fgbau.png\" alt=\"\" width=\"230\" height=\"68\" srcset=\"https:\/\/kasimir-bau.de\/cms\/wp-content\/uploads\/2018\/06\/fgbau.png 230w, https:\/\/kasimir-bau.de\/cms\/wp-content\/uploads\/2018\/06\/fgbau-120x35.png 120w, https:\/\/kasimir-bau.de\/cms\/wp-content\/uploads\/2018\/06\/fgbau-150x44.png 150w\" sizes=\"(max-width: 230px) 100vw, 230px\" \/><\/a><\/p>\n<p style=\"text-align: center;\"><a href=\"http:\/\/www.fg-bau.de\" target=\"_blank\" rel=\"noopener noreferrer\">Fachgemeinschaft Bau Berlin und Brandenburg e.V.<\/a><\/p>\n<p style=\"text-align: center;\"><a href=\"https:\/\/gueb-online.de\" target=\"_blank\" rel=\"noopener noreferrer\"><img loading=\"lazy\" decoding=\"async\" class=\"alignnone size-full wp-image-183\" src=\"https:\/\/kasimir-bau.de\/cms\/wp-content\/uploads\/2018\/06\/gueb-logo.png\" alt=\"\" width=\"137\" height=\"79\" srcset=\"https:\/\/kasimir-bau.de\/cms\/wp-content\/uploads\/2018\/06\/gueb-logo.png 137w, https:\/\/kasimir-bau.de\/cms\/wp-content\/uploads\/2018\/06\/gueb-logo-120x69.png 120w\" sizes=\"(max-width: 137px) 100vw, 137px\" \/><\/a><\/p>\n<p style=\"text-align: center;\"><a href=\"https:\/\/gueb-online.de\" target=\"_blank\" rel=\"noopener noreferrer\">G\u00dcB &#8211; Gemeinschaft f\u00fcr \u00dcberwachung im Bauwesen e.V.<\/a><\/p>\n<p style=\"text-align: center;\"><a href=\"https:\/\/www.pq-verein.de\" target=\"_blank\" rel=\"noopener noreferrer\"><img loading=\"lazy\" decoding=\"async\" class=\"alignnone size-full wp-image-184\" src=\"https:\/\/kasimir-bau.de\/cms\/wp-content\/uploads\/2018\/06\/pq-vob-logo.gif\" alt=\"\" width=\"137\" height=\"103\" \/><\/a><\/p>\n<p style=\"text-align: center;\"><a href=\"https:\/\/www.pq-verein.de\" target=\"_blank\" rel=\"noopener noreferrer\">Verein f\u00fcr die Pr\u00e4qualifizierung von Bauunternehmen e.V.<\/a><\/p>\n<p style=\"text-align: center;\"><a href=\"https:\/\/www.bauport-berlin.de\" target=\"_blank\" rel=\"noopener noreferrer\"><img loading=\"lazy\" decoding=\"async\" class=\"alignnone size-full wp-image-180\" src=\"https:\/\/kasimir-bau.de\/cms\/wp-content\/uploads\/2018\/06\/bauport.png\" alt=\"\" width=\"176\" height=\"71\" srcset=\"https:\/\/kasimir-bau.de\/cms\/wp-content\/uploads\/2018\/06\/bauport.png 176w, https:\/\/kasimir-bau.de\/cms\/wp-content\/uploads\/2018\/06\/bauport-120x48.png 120w, https:\/\/kasimir-bau.de\/cms\/wp-content\/uploads\/2018\/06\/bauport-150x61.png 150w\" sizes=\"(max-width: 176px) 100vw, 176px\" \/><\/a><\/p>\n<p style=\"text-align: center;\"><a href=\"https:\/\/www.bauport-berlin.de\" target=\"_blank\" rel=\"noopener noreferrer\">Partnerkreises Baumittelstand<\/a><\/p>\n<p style=\"text-align: center;\"><a href=\"https:\/\/ssl.stadtentwicklung.berlin.de\/ULVAuskunft\/index.shtml\"><img loading=\"lazy\" decoding=\"async\" class=\"alignnone wp-image-9978 size-full\" src=\"https:\/\/kasimir-bau.de\/cms\/wp-content\/uploads\/2021\/01\/ULVLogo-e1609764356915.png\" alt=\"\" width=\"174\" height=\"63\" srcset=\"https:\/\/kasimir-bau.de\/cms\/wp-content\/uploads\/2021\/01\/ULVLogo-e1609764356915.png 174w, https:\/\/kasimir-bau.de\/cms\/wp-content\/uploads\/2021\/01\/ULVLogo-e1609764356915-120x43.png 120w\" sizes=\"(max-width: 174px) 100vw, 174px\" \/><\/a><\/p>\n<p style=\"text-align: center;\"><a href=\"https:\/\/ssl.stadtentwicklung.berlin.de\/ULVAuskunft\/index.shtml\" target=\"_blank\" rel=\"noopener noreferrer\">Unternehmer- und Lieferantenverzeichnis<\/a><\/p>\n<p><a href=\"https:\/\/dta.sozialkasse-berlin.de\/weissbuch\/?betrieb=033510\" target=\"_blank\" rel=\"noopener noreferrer\"><img loading=\"lazy\" decoding=\"async\" class=\"aligncenter wp-image-179 size-full\" src=\"https:\/\/kasimir-bau.de\/cms\/wp-content\/uploads\/2018\/06\/siegel_005891_eckig.jpg\" alt=\"\" width=\"337\" height=\"160\" srcset=\"https:\/\/kasimir-bau.de\/cms\/wp-content\/uploads\/2018\/06\/siegel_005891_eckig.jpg 337w, https:\/\/kasimir-bau.de\/cms\/wp-content\/uploads\/2018\/06\/siegel_005891_eckig-120x57.jpg 120w, https:\/\/kasimir-bau.de\/cms\/wp-content\/uploads\/2018\/06\/siegel_005891_eckig-300x142.jpg 300w, https:\/\/kasimir-bau.de\/cms\/wp-content\/uploads\/2018\/06\/siegel_005891_eckig-150x71.jpg 150w\" sizes=\"(max-width: 337px) 100vw, 337px\" \/><\/a><\/p>\n<p>[\/et_pb_text][\/et_pb_column][\/et_pb_row][\/et_pb_section]<\/p>\n","protected":false},"excerpt":{"rendered":"<p>Mitgliedschaften, Zertifikate Sie d\u00fcrfen einen hohen Anspruch an unsere Leistungen und unsere Mitarbeiter stellen.Gern tragen wir dem Rechnung durch st\u00e4ndige Fortbildungsma\u00dfnahmen im technischen Bereich, aber auch durch themen\u00fcbergreifende Mitarbeiter-Schulungen. Des Weiteren sind wir in vielen Verb\u00e4nden Mitglied. Unser Unternehmen ist seit dem 24.07.1989 Mitglied der Bauberufsgenossenschaft Hannover unter der UNR.S-Nr. 3882 6411 4417 001. Ferner sind wir im Unternehmer- und Lieferantenverzeichnis der Senatsverwaltung f\u00fcr Stadtentwicklung und Wohnen (ULV) unter der Nummer 008841 eingetragen und in der Firmen- und Unternehmerdatei des Landesbauamtes Potsdam unter der Registriernummer 1857. Des Weiteren sind wir Mitglied im Verband &#8222;G\u00fcte\u00fcberwachung Beton B II&#8220;. Wir sind pr\u00e4qualifiziert bei dem Verein f\u00fcr die Pr\u00e4qualifikation von Bauunternehmen e.V. unter der Registriernummer 010.010050. Die Horst Kasimir Bauunternehmung GmbH ist Mitglied \u00a0 Fachgemeinschaft Bau Berlin und Brandenburg e.V. G\u00dcB &#8211; Gemeinschaft f\u00fcr \u00dcberwachung im Bauwesen e.V. Verein f\u00fcr die Pr\u00e4qualifizierung von Bauunternehmen e.V. Partnerkreises Baumittelstand Unternehmer- und Lieferantenverzeichnis<\/p>\n","protected":false},"author":1,"featured_media":0,"parent":753,"menu_order":5,"comment_status":"closed","ping_status":"closed","template":"","meta":{"_et_pb_use_builder":"on","_et_pb_old_content":"<p>[vc_row css=\".vc_custom_1528801551118{background-color: #ffffff !important;}\"][vc_column][vc_custom_heading text=\"Mitgliedschaften, Zertifikate\"][vc_empty_space][vc_column_text]Sie d\u00fcrfen einen hohen Anspruch an unsere Leistungen und unsere Mitarbeiter stellen.<br \/>Gern tragen wir dem Rechnung durch st\u00e4ndige Fortbildungsma\u00dfnahmen im technischen Bereich, aber auch durch themen\u00fcbergreifende Mitarbeiter-Schulungen.<\/p><p>Des Weiteren sind wir in vielen Verb\u00e4nden Mitglied.<\/p><p>F\u00fcr den Hauptsitz Berlin sind wir seit dem 24.07.1989 Mitglied der Bauberufsgenossenschaft Hannover unter der Nr. MM10.507.528.730, ferner sind wir im Unternehmer- und Lieferatenverzeichnis der Senatsverwaltung f\u00fcr Bau- und Wohnungswesen (ULV) unter der Nummer 00767 eingetragen und f\u00fcr die Zweigniederlassung in M\u00fchlenbeck sind wir Mitglied der Bauberufsgenossenschaft Hannover seit dem 01.04.1994 unter der Nr. MM10.505.471.021, ferner sind wir in der Firmen- und Unternehmerdatei des Landesbauamtes Potsdam unter der Registriernummer 1857. Des Weiteren sind wir Mitglied im Verband \"G\u00fcte\u00fcberwachung Beton B II\".<\/p><p>Die Horst Kasimir Bauunternehmung GmbH ist Mitglied<\/p><div style=\"text-align: center;\">\u00a0<\/div><p>[\/vc_column_text][vc_empty_space][vc_single_image image=\"182\" img_size=\"full\" alignment=\"center\"][vc_column_text]<\/p><p style=\"text-align: center;\"><a href=\"http:\/\/www.fg-bau.de\" target=\"_blank\" rel=\"noopener\">Fachgemeinschaft Bau Berlin und Brandenburg e.V.<\/a><\/p><p>[\/vc_column_text][vc_empty_space][vc_single_image image=\"183\" img_size=\"full\" alignment=\"center\"][vc_column_text]<\/p><p style=\"text-align: center;\"><a href=\"https:\/\/gueb-online.de\" target=\"_blank\" rel=\"noopener\">G\u00dcB - Gemeinschaft f\u00fcr \u00dcberwachung im Bauwesen e.V.<\/a><\/p><p>[\/vc_column_text][vc_empty_space][vc_single_image image=\"184\" img_size=\"full\" alignment=\"center\"][vc_column_text]<\/p><p style=\"text-align: center;\"><a href=\"https:\/\/www.pq-verein.de\" target=\"_blank\" rel=\"noopener\">Verein f\u00fcr die Pr\u00e4qualifizierung von Bauunternehmen e.V.<\/a><\/p><p>[\/vc_column_text][vc_empty_space][vc_single_image image=\"180\" img_size=\"full\" alignment=\"center\"][vc_column_text]<\/p><p style=\"text-align: center;\"><a href=\"https:\/\/www.bauport-berlin.de\" target=\"_blank\" rel=\"noopener\">Partnerkreises Baumittelstand<\/a><\/p><p>[\/vc_column_text][vc_empty_space][vc_single_image image=\"181\" img_size=\"full\" alignment=\"center\"][vc_column_text]<\/p><p style=\"text-align: center;\"><a href=\"http:\/\/www.deutschland-baut.de\" target=\"_blank\" rel=\"noopener\">Initiative Deutschland baut!<\/a><\/p><p>[\/vc_column_text][vc_empty_space][vc_single_image image=\"179\" img_size=\"full\" alignment=\"center\"][vc_empty_space][\/vc_column][\/vc_row]<\/p>","_et_gb_content_width":"","footnotes":""},"class_list":["post-35","page","type-page","status-publish","hentry"],"_links":{"self":[{"href":"https:\/\/kasimir-bau.de\/cms\/wp-json\/wp\/v2\/pages\/35","targetHints":{"allow":["GET"]}}],"collection":[{"href":"https:\/\/kasimir-bau.de\/cms\/wp-json\/wp\/v2\/pages"}],"about":[{"href":"https:\/\/kasimir-bau.de\/cms\/wp-json\/wp\/v2\/types\/page"}],"author":[{"embeddable":true,"href":"https:\/\/kasimir-bau.de\/cms\/wp-json\/wp\/v2\/users\/1"}],"replies":[{"embeddable":true,"href":"https:\/\/kasimir-bau.de\/cms\/wp-json\/wp\/v2\/comments?post=35"}],"version-history":[{"count":11,"href":"https:\/\/kasimir-bau.de\/cms\/wp-json\/wp\/v2\/pages\/35\/revisions"}],"predecessor-version":[{"id":12017,"href":"https:\/\/kasimir-bau.de\/cms\/wp-json\/wp\/v2\/pages\/35\/revisions\/12017"}],"up":[{"embeddable":true,"href":"https:\/\/kasimir-bau.de\/cms\/wp-json\/wp\/v2\/pages\/753"}],"wp:attachment":[{"href":"https:\/\/kasimir-bau.de\/cms\/wp-json\/wp\/v2\/media?parent=35"}],"curies":[{"name":"wp","href":"https:\/\/api.w.org\/{rel}","templated":true}]}}