{"id":16,"date":"2014-01-22T17:32:37","date_gmt":"2014-01-22T16:32:37","guid":{"rendered":"http:\/\/kasimir-bau.de\/cms\/innovationen\/"},"modified":"2024-05-28T09:00:41","modified_gmt":"2024-05-28T07:00:41","slug":"innovationen","status":"publish","type":"page","link":"https:\/\/kasimir-bau.de\/cms\/ueber-uns\/innovationen\/","title":{"rendered":"Innovationen"},"content":{"rendered":"<p>[et_pb_section fb_built=&#8220;1&#8243; custom_padding_last_edited=&#8220;on|desktop&#8220; module_class=&#8220;schrift1&#8243; _builder_version=&#8220;4.16&#8243; background_color=&#8220;rgba(255,255,255,0.01)&#8220; parallax=&#8220;on&#8220; parallax_method=&#8220;off&#8220; custom_padding=&#8220;78px|||160px&#8220; custom_padding_tablet=&#8220;&#8220; custom_padding_phone=&#8220;10px|||10px&#8220; animation_style=&#8220;fade&#8220; animation_duration=&#8220;400ms&#8220; animation_speed_curve=&#8220;linear&#8220; da_disable_devices=&#8220;off|off|off&#8220; global_colors_info=&#8220;{}&#8220; da_is_popup=&#8220;off&#8220; da_exit_intent=&#8220;off&#8220; da_has_close=&#8220;on&#8220; da_alt_close=&#8220;off&#8220; da_dark_close=&#8220;off&#8220; da_not_modal=&#8220;on&#8220; da_is_singular=&#8220;off&#8220; da_with_loader=&#8220;off&#8220; da_has_shadow=&#8220;on&#8220;][et_pb_row module_class=&#8220;schrift1&#8243; _builder_version=&#8220;4.16&#8243; background_color=&#8220;#ffffff&#8220; max_width=&#8220;1031px&#8220; module_alignment=&#8220;left&#8220; use_custom_width=&#8220;on&#8220; custom_width_px=&#8220;1031px&#8220; global_colors_info=&#8220;{}&#8220;][et_pb_column type=&#8220;4_4&#8243; _builder_version=&#8220;4.16&#8243; custom_padding=&#8220;|||&#8220; global_colors_info=&#8220;{}&#8220; custom_padding__hover=&#8220;|||&#8220;][et_pb_text _builder_version=&#8220;4.16&#8243; custom_padding=&#8220;20px|20px|20px|20px&#8220; global_colors_info=&#8220;{}&#8220;]<\/p>\n<h3><strong><span style=\"color: #0054aa;\">Innovationen<\/span><\/strong><b><\/b><\/h3>\n<p>[\/et_pb_text][et_pb_text _builder_version=&#8220;4.16&#8243; custom_padding=&#8220;20px|20px||20px&#8220; global_colors_info=&#8220;{}&#8220;]Durch die intensiven Kontakte zu den Bauherren und Architekten entstehen immer wieder besondere L\u00f6sungen, weit ab von Standard oder von der Stange.<\/p>\n<p>Gern begleiten wir neue Ideen und zukunftsweisende Materialien in der Praxis.<\/p>\n<p>Die seit Jahren vertrauensvolle Zusammenarbeit zur technischen Universit\u00e4t und deren Professoren hat uns viele Neuerungen im Bereich des Ingenieur-Hochbaus erm\u00f6glicht.<\/p>\n<p>Auch lassen wir uns gern einbinden in Forschungsprojekte.<\/p>\n<p>Wie bew\u00e4hren sich neue Materialien in der Praxis?<\/p>\n<p><span style=\"font-color: #000000;\">Diese Seite soll Ihnen und uns als Diskussionsplattform dienen.<br \/>\nBeginnen wollen wir mit den Themen<\/span><br \/>\n[\/et_pb_text][et_pb_text _builder_version=&#8220;4.25.1&#8243; text_line_height=&#8220;1.3em&#8220; custom_padding=&#8220;20px|20px||40px&#8220; custom_padding_tablet=&#8220;&#8220; custom_padding_phone=&#8220;&#8220; custom_padding_last_edited=&#8220;on|phone&#8220; hover_enabled=&#8220;0&#8243; global_colors_info=&#8220;{}&#8220; sticky_enabled=&#8220;0&#8243;]<\/p>\n<ul style=\"padding-left: 30px;\">\n<li><b><a style=\"color: #0054aa;\" href=\"https:\/\/kasimir-bau.de\/cms\/referenzen\/privat\/k40\/\">Infraleichtbeton<\/a><\/b><\/li>\n<li><b><a style=\"color: #000000;\" href=\"https:\/\/kasimir-bau.de\/cms\/referenzen\/oeffentliche-hand\/tem-gebaeude-der-tu\/\"><span style=\"color: #0054aa;\">Glasfaserbewehrung<\/span><\/a><\/b><\/li>\n<li><b><a style=\"color: #0054aa;\" href=\"https:\/\/kasimir-bau.de\/cms\/referenzen\/privat\/villa-brahmsstrasse\/\">Matritzenschalung<\/a><\/b><\/li>\n<li><a href=\"https:\/\/kasimir-bau.de\/cms\/referenzen\/industrie_gewerbe\/seestr-10\/\"><span style=\"color: #0054aa;\"><strong>Wei\u00dfbeton (Titanoxid)<\/strong><\/span><\/a><\/li>\n<\/ul>\n<p>[\/et_pb_text][et_pb_text _builder_version=&#8220;4.16&#8243; custom_padding=&#8220;20px|20px|20px|20px&#8220; global_colors_info=&#8220;{}&#8220;]Ansprechpartner: <a href=\"https:\/\/kasimir-bau.de\/cms\/ueber-uns\/ansprechpartner\/\">Herr Sandh\u00f6fner<\/a><br \/>\n[\/et_pb_text][\/et_pb_column][\/et_pb_row][\/et_pb_section]<\/p>\n","protected":false},"excerpt":{"rendered":"<p>Innovationen Durch die intensiven Kontakte zu den Bauherren und Architekten entstehen immer wieder besondere L\u00f6sungen, weit ab von Standard oder von der Stange. Gern begleiten wir neue Ideen und zukunftsweisende Materialien in der Praxis. Die seit Jahren vertrauensvolle Zusammenarbeit zur technischen Universit\u00e4t und deren Professoren hat uns viele Neuerungen im Bereich des Ingenieur-Hochbaus erm\u00f6glicht. Auch lassen wir uns gern einbinden in Forschungsprojekte. Wie bew\u00e4hren sich neue Materialien in der Praxis? Diese Seite soll Ihnen und uns als Diskussionsplattform dienen. Beginnen wollen wir mit den Themen Infraleichtbeton Glasfaserbewehrung Matritzenschalung Wei\u00dfbeton (Titanoxid) Ansprechpartner: Herr Sandh\u00f6fner<\/p>\n","protected":false},"author":1,"featured_media":0,"parent":753,"menu_order":4,"comment_status":"closed","ping_status":"closed","template":"","meta":{"_et_pb_use_builder":"on","_et_pb_old_content":"<p>[vc_row gap=\"10\" css=\".vc_custom_1528800384952{background-color: #ffffff !important;}\"][vc_column][vc_custom_heading text=\"Innovationen\"][vc_empty_space][vc_column_text]<span style=\"font-family: helvetica, arial, sans-serif; color: #000000;\">Durch die intensiven Kontakte zu den Bauherren und Architekten entstehen immer wieder besondere L\u00f6sungen, weit ab von Standard oder von der Stange.<\/span><\/p><p><span style=\"font-family: helvetica, arial, sans-serif; color: #000000;\">Gern begleiten wir neue Ideen und zukunftsweisende Materialien in der Praxis.<\/span><\/p><p><span style=\"font-family: helvetica, arial, sans-serif; color: #000000;\">Die seit Jahren vertrauensvolle Zusammenarbeit zur technischen Universit\u00e4t und deren Professoren hat uns viele Neuerungen im Bereich des Ingenieur-Hochbaus erm\u00f6glicht.<\/span><\/p><p><span style=\"font-family: helvetica, arial, sans-serif; color: #000000;\">Auch lassen wir uns gern einbinden in Forschungsprojekte.<\/span><\/p><p><span style=\"font-family: helvetica, arial, sans-serif; color: #000000;\">Wie bew\u00e4hren sich neue Materialien in der Praxis?<\/span>[\/vc_column_text][vc_empty_space][vc_column_text]<span style=\"font-family: helvetica, arial, sans-serif; color: #000000;\">Diese Seite soll Ihnen und uns als Diskussionsplattform dienen.<\/span><br \/><span style=\"font-family: helvetica, arial, sans-serif; color: #000000;\">Beginnen wollen wir mit den Themen<\/span><\/p><ul><li><span style=\"font-family: helvetica, arial, sans-serif; color: #0054aa;\"><b><a style=\"color: #0054aa;\" href=\"https:\/\/kasimir-bau.de\/cms\/referenzen\/privat\/stadtvilla-schlaich\/\">Infraleichtbeton<\/a><\/b><\/span><\/li><li><span style=\"font-family: helvetica, arial, sans-serif; color: #000000;\"><b><a style=\"color: #000000;\" href=\"https:\/\/kasimir-bau.de\/cms\/referenzen\/oeffentliche-hand\/tem-gebaeude-der-tu\/\"><span style=\"color: #0054aa;\">Glasfaserbewehrung<\/span><\/a><\/b><\/span><\/li><li><span style=\"font-family: helvetica, arial, sans-serif; color: #0054aa;\"><b><a style=\"color: #0054aa;\" href=\"https:\/\/kasimir-bau.de\/cms\/referenzen\/privat\/villa-brahmsstrasse\/\">Matritzenschalung<\/a><\/b><\/span><\/li><\/ul><p>[\/vc_column_text][vc_empty_space height=\"40px\"][vc_column_text]<span style=\"font-family: helvetica, arial, sans-serif; color: #000000;\">Ansprechpartner: <a style=\"color: #000000;\" href=\"mailto:sandhoefner@kasimir-bau.de\">Herr Sandh\u00f6fner<\/a><\/span>[\/vc_column_text][\/vc_column][\/vc_row]<\/p>","_et_gb_content_width":"","footnotes":""},"class_list":["post-16","page","type-page","status-publish","hentry"],"_links":{"self":[{"href":"https:\/\/kasimir-bau.de\/cms\/wp-json\/wp\/v2\/pages\/16","targetHints":{"allow":["GET"]}}],"collection":[{"href":"https:\/\/kasimir-bau.de\/cms\/wp-json\/wp\/v2\/pages"}],"about":[{"href":"https:\/\/kasimir-bau.de\/cms\/wp-json\/wp\/v2\/types\/page"}],"author":[{"embeddable":true,"href":"https:\/\/kasimir-bau.de\/cms\/wp-json\/wp\/v2\/users\/1"}],"replies":[{"embeddable":true,"href":"https:\/\/kasimir-bau.de\/cms\/wp-json\/wp\/v2\/comments?post=16"}],"version-history":[{"count":11,"href":"https:\/\/kasimir-bau.de\/cms\/wp-json\/wp\/v2\/pages\/16\/revisions"}],"predecessor-version":[{"id":11642,"href":"https:\/\/kasimir-bau.de\/cms\/wp-json\/wp\/v2\/pages\/16\/revisions\/11642"}],"up":[{"embeddable":true,"href":"https:\/\/kasimir-bau.de\/cms\/wp-json\/wp\/v2\/pages\/753"}],"wp:attachment":[{"href":"https:\/\/kasimir-bau.de\/cms\/wp-json\/wp\/v2\/media?parent=16"}],"curies":[{"name":"wp","href":"https:\/\/api.w.org\/{rel}","templated":true}]}}