{"id":15,"date":"2014-01-22T17:31:58","date_gmt":"2014-01-22T16:31:58","guid":{"rendered":"http:\/\/kasimir-bau.de\/cms\/ansprechpartner\/"},"modified":"2024-05-28T08:52:52","modified_gmt":"2024-05-28T06:52:52","slug":"ansprechpartner","status":"publish","type":"page","link":"https:\/\/kasimir-bau.de\/cms\/ueber-uns\/ansprechpartner\/","title":{"rendered":"Ansprechpartner"},"content":{"rendered":"<p>[et_pb_section fb_built=&#8220;1&#8243; custom_padding_last_edited=&#8220;on|desktop&#8220; module_class=&#8220;schrift1&#8243; _builder_version=&#8220;4.16&#8243; background_color=&#8220;rgba(255,255,255,0.01)&#8220; parallax=&#8220;on&#8220; parallax_method=&#8220;off&#8220; custom_padding=&#8220;78px|||160px&#8220; custom_padding_tablet=&#8220;&#8220; custom_padding_phone=&#8220;10px|||10px&#8220; animation_style=&#8220;fade&#8220; animation_duration=&#8220;400ms&#8220; animation_speed_curve=&#8220;linear&#8220; da_disable_devices=&#8220;off|off|off&#8220; global_colors_info=&#8220;{}&#8220; da_is_popup=&#8220;off&#8220; da_exit_intent=&#8220;off&#8220; da_has_close=&#8220;on&#8220; da_alt_close=&#8220;off&#8220; da_dark_close=&#8220;off&#8220; da_not_modal=&#8220;on&#8220; da_is_singular=&#8220;off&#8220; da_with_loader=&#8220;off&#8220; da_has_shadow=&#8220;on&#8220;][et_pb_row module_class=&#8220;schrift1&#8243; _builder_version=&#8220;4.16&#8243; background_color=&#8220;#ffffff&#8220; max_width=&#8220;1031px&#8220; module_alignment=&#8220;left&#8220; custom_padding=&#8220;30px|30px|30px|20px&#8220; use_custom_width=&#8220;on&#8220; custom_width_px=&#8220;1031px&#8220; global_colors_info=&#8220;{}&#8220;][et_pb_column type=&#8220;4_4&#8243; _builder_version=&#8220;4.16&#8243; custom_padding=&#8220;|||&#8220; global_colors_info=&#8220;{}&#8220; custom_padding__hover=&#8220;|||&#8220;][et_pb_text _builder_version=&#8220;4.16&#8243; global_colors_info=&#8220;{}&#8220;]<\/p>\n<h3><strong><span style=\"color: #1452a1;\">Ansprechpartner<\/span><\/strong><\/h3>\n<p>[\/et_pb_text][\/et_pb_column][\/et_pb_row][et_pb_row column_structure=&#8220;1_2,1_2&#8243; custom_padding_last_edited=&#8220;on|phone&#8220; module_class=&#8220;schrift1&#8243; _builder_version=&#8220;4.16&#8243; background_color=&#8220;#ffffff&#8220; max_width=&#8220;1031px&#8220; module_alignment=&#8220;left&#8220; custom_padding=&#8220;|||50px&#8220; custom_padding_tablet=&#8220;&#8220; custom_padding_phone=&#8220;0px|0px|0px|0px&#8220; use_custom_width=&#8220;on&#8220; custom_width_px=&#8220;1031px&#8220; global_colors_info=&#8220;{}&#8220;][et_pb_column type=&#8220;1_2&#8243; _builder_version=&#8220;4.16&#8243; custom_padding=&#8220;|10px||&#8220; global_colors_info=&#8220;{}&#8220; custom_padding__hover=&#8220;|||&#8220;][et_pb_text _builder_version=&#8220;4.16&#8243; custom_margin=&#8220;|30px|30px|30px&#8220; global_colors_info=&#8220;{}&#8220;]<\/p>\n<p><strong><img loading=\"lazy\" decoding=\"async\" class=\" wp-image-11 alignnone\" src=\"https:\/\/kasimir-bau.de\/cms\/wp-content\/uploads\/2021\/11\/20211116_093328_1-scaled.jpg\" alt=\"Andre Kasimir\" width=\"200\" height=\"249\" \/><\/strong><\/p>\n<p><strong>Gesch\u00e4ftsf\u00fchrender Inhaber<\/strong><br \/>Andr\u00e9 Kasimir<br \/>Telefon +49 (0) 33056 875-17<br \/><span id=\"cloak4624\"><a href=\"mailto:kasimir@kasimir-bau.de\">kasimir@kasimir-bau.de<\/a><\/span><\/p>\n<p>&nbsp;<\/p>\n<p>[\/et_pb_text][\/et_pb_column][et_pb_column type=&#8220;1_2&#8243; _builder_version=&#8220;4.16&#8243; custom_padding=&#8220;|||&#8220; global_colors_info=&#8220;{}&#8220; custom_padding__hover=&#8220;|||&#8220;][et_pb_text _builder_version=&#8220;4.16&#8243; custom_margin=&#8220;|30px|30px|&#8220; custom_margin_tablet=&#8220;&#8220; custom_margin_phone=&#8220;||30px|30px&#8220; custom_margin_last_edited=&#8220;on|phone&#8220; global_colors_info=&#8220;{}&#8220;]<\/p>\n<p><strong><img loading=\"lazy\" decoding=\"async\" class=\"alignnone wp-image-143 size-full\" src=\"https:\/\/kasimir-bau.de\/cms\/wp-content\/uploads\/2018\/06\/horst-kasimir-1.jpg\" alt=\"\" width=\"200\" height=\"249\" srcset=\"https:\/\/kasimir-bau.de\/cms\/wp-content\/uploads\/2018\/06\/horst-kasimir-1.jpg 200w, https:\/\/kasimir-bau.de\/cms\/wp-content\/uploads\/2018\/06\/horst-kasimir-1-64x80.jpg 64w, https:\/\/kasimir-bau.de\/cms\/wp-content\/uploads\/2018\/06\/horst-kasimir-1-91x113.jpg 91w\" sizes=\"(max-width: 200px) 100vw, 200px\" \/><\/strong><\/p>\n<p><strong>Unternehmensgr\u00fcnder<\/strong><br \/>Horst Kasimir<br \/><span id=\"cloak60202\"><a href=\"mailto:kasimir@kasimir-bau.de\">kasimir@kasimir-bau.de<\/a><\/span><\/p>\n<p>[\/et_pb_text][\/et_pb_column][\/et_pb_row][et_pb_row column_structure=&#8220;1_2,1_2&#8243; custom_padding_last_edited=&#8220;on|phone&#8220; module_class=&#8220;schrift1&#8243; _builder_version=&#8220;4.16&#8243; background_color=&#8220;#ffffff&#8220; max_width=&#8220;1031px&#8220; module_alignment=&#8220;left&#8220; custom_padding=&#8220;|||50px&#8220; custom_padding_tablet=&#8220;&#8220; custom_padding_phone=&#8220;0px|0px|0px|0px&#8220; use_custom_width=&#8220;on&#8220; custom_width_px=&#8220;1031px&#8220; global_colors_info=&#8220;{}&#8220;][et_pb_column type=&#8220;1_2&#8243; _builder_version=&#8220;4.16&#8243; custom_padding=&#8220;|10px||&#8220; global_colors_info=&#8220;{}&#8220; custom_padding__hover=&#8220;|||&#8220;][et_pb_text _builder_version=&#8220;4.16&#8243; custom_margin=&#8220;|30px|30px|30px&#8220; global_colors_info=&#8220;{}&#8220;]<\/p>\n<p><strong><img loading=\"lazy\" decoding=\"async\" class=\"alignnone wp-image-131 size-full\" src=\"https:\/\/kasimir-bau.de\/cms\/wp-content\/uploads\/2021\/11\/IMG_20211119_111148_1-scaled.jpg\" alt=\"\" width=\"200\" height=\"288\" \/><\/strong><\/p>\n<p><strong>Technischer Leiter Ausf\u00fchrung\/ Prokurist<\/strong><br \/>Dipl.-Ing. Christoph Sandh\u00f6fner<br \/>Telefon +49 (0) 33056 875-41<br \/><span id=\"cloak37443\"><a href=\"mailto:sandhoefner@kasimir-bau.de\">sandhoefner@kasimir-bau.de<\/a><\/span><\/p>\n<p>[\/et_pb_text][\/et_pb_column][et_pb_column type=&#8220;1_2&#8243; _builder_version=&#8220;4.16&#8243; custom_padding=&#8220;|||&#8220; global_colors_info=&#8220;{}&#8220; custom_padding__hover=&#8220;|||&#8220;][et_pb_text _builder_version=&#8220;4.25.1&#8243; custom_margin=&#8220;||30px|&#8220; custom_margin_tablet=&#8220;&#8220; custom_margin_phone=&#8220;||30px|30px&#8220; custom_margin_last_edited=&#8220;on|phone&#8220; hover_enabled=&#8220;0&#8243; global_colors_info=&#8220;{}&#8220; sticky_enabled=&#8220;0&#8243;]<\/p>\n<p><strong><img loading=\"lazy\" decoding=\"async\" class=\"wp-image-11417 alignnone \" src=\"https:\/\/kasimir-bau.de\/cms\/wp-content\/uploads\/2023\/12\/MVIMG_20231207_142227K-226x300.jpg\" alt=\"\" width=\"190\" height=\"252\" \/><\/strong><\/p>\n<p><strong>Technischer Leiter Innendienst<\/strong><br \/>M. Eng. Mike J\u00e4ppche<br \/>Telefon +49 (0) 33056 875-13<br \/><span id=\"cloak41546\"><a href=\"mailto:jaeppche@kasimir-bau.de\">jaeppche@kasimir-bau.de<\/a><\/span><\/p>\n<p>[\/et_pb_text][\/et_pb_column][\/et_pb_row][et_pb_row column_structure=&#8220;1_2,1_2&#8243; custom_padding_last_edited=&#8220;on|phone&#8220; module_class=&#8220;schrift1&#8243; _builder_version=&#8220;4.16&#8243; background_color=&#8220;#ffffff&#8220; max_width=&#8220;1031px&#8220; module_alignment=&#8220;left&#8220; custom_padding=&#8220;|||50px&#8220; custom_padding_tablet=&#8220;&#8220; custom_padding_phone=&#8220;0px|0px|0px|0px&#8220; use_custom_width=&#8220;on&#8220; custom_width_px=&#8220;1031px&#8220; global_colors_info=&#8220;{}&#8220;][et_pb_column type=&#8220;1_2&#8243; _builder_version=&#8220;4.16&#8243; custom_padding=&#8220;|10px||&#8220; global_colors_info=&#8220;{}&#8220; custom_padding__hover=&#8220;|||&#8220;][et_pb_text _builder_version=&#8220;4.23.1&#8243; custom_margin=&#8220;||30px|&#8220; custom_margin_tablet=&#8220;&#8220; custom_margin_phone=&#8220;||30px|30px&#8220; custom_margin_last_edited=&#8220;on|phone&#8220; global_colors_info=&#8220;{}&#8220;]<\/p>\n<p><strong><img loading=\"lazy\" decoding=\"async\" class=\"size-full wp-image-14 alignnone\" src=\"https:\/\/kasimir-bau.de\/cms\/wp-content\/uploads\/2021\/11\/IMG_20211117_100430_1-scaled.jpg\" alt=\"annette sichting4\" width=\"200\" height=\"249\" \/><\/strong><\/p>\n<p><strong>Sekretariat<\/strong><br \/>Annette Sichting-Hartmann<br \/>Telefon +49 (0) 33056 875-11<br \/><span id=\"cloak92573\"><a href=\"mailto:sichting@kasimir-bau.de\">sichting@kasimir-bau.de<\/a><\/span><\/p>\n<p>[\/et_pb_text][\/et_pb_column][et_pb_column type=&#8220;1_2&#8243; _builder_version=&#8220;4.16&#8243; custom_padding=&#8220;|||&#8220; global_colors_info=&#8220;{}&#8220; custom_padding__hover=&#8220;|||&#8220;][\/et_pb_column][\/et_pb_row][\/et_pb_section]<\/p>\n","protected":false},"excerpt":{"rendered":"<p>Ansprechpartner Gesch\u00e4ftsf\u00fchrender InhaberAndr\u00e9 KasimirTelefon +49 (0) 33056 875-17kasimir@kasimir-bau.de &nbsp; Unternehmensgr\u00fcnderHorst Kasimirkasimir@kasimir-bau.de Technischer Leiter Ausf\u00fchrung\/ ProkuristDipl.-Ing. Christoph Sandh\u00f6fnerTelefon +49 (0) 33056 875-41sandhoefner@kasimir-bau.de Technischer Leiter InnendienstM. Eng. Mike J\u00e4ppcheTelefon +49 (0) 33056 875-13jaeppche@kasimir-bau.de SekretariatAnnette Sichting-HartmannTelefon +49 (0) 33056 875-11sichting@kasimir-bau.de<\/p>\n","protected":false},"author":1,"featured_media":0,"parent":753,"menu_order":3,"comment_status":"closed","ping_status":"closed","template":"","meta":{"_et_pb_use_builder":"on","_et_pb_old_content":"<p>[vc_row css=\".vc_custom_1528800165876{background-color: #ffffff !important;}\"][vc_column][vc_custom_heading text=\"Ansprechpartner\"][\/vc_column][\/vc_row][vc_row css=\".vc_custom_1528798199169{background-color: #ffffff !important;}\"][vc_column width=\"1\/6\"][\/vc_column][vc_column width=\"2\/6\"][vc_single_image image=\"143\" img_size=\"full\"][vc_empty_space][vc_column_text]<span style=\"font-family: helvetica, arial, sans-serif; color: #000000;\"><strong>Gesch\u00e4ftsf\u00fchrender Inhaber<\/strong><\/span><br \/><span style=\"font-family: helvetica, arial, sans-serif; color: #000000;\">Horst Kasimir<\/span><br \/><span style=\"font-family: helvetica, arial, sans-serif; color: #000000;\">Telefon +49 (0) 33056 \/875-12<\/span><br \/><span id=\"cloak67485\" style=\"font-family: helvetica, arial, sans-serif; color: #000000;\"><a style=\"color: #000000;\" href=\"mailto:kasimir@kasimir-bau.de\">kasimir@kasimir-bau.de<\/a><\/span>[\/vc_column_text][vc_empty_space][\/vc_column][vc_column width=\"1\/6\"][\/vc_column][vc_column width=\"2\/6\"][vc_single_image image=\"121\" img_size=\"full\"][vc_empty_space][vc_column_text]<span style=\"font-family: helvetica, arial, sans-serif;\"><strong>Gesch\u00e4ftsf\u00fchrer<\/strong><\/span><br \/><span style=\"font-family: helvetica, arial, sans-serif;\">Andr\u00e9 Kasimir<\/span><br \/><span style=\"font-family: helvetica, arial, sans-serif;\">Telefon +49 (0) 33056 \/875-17<\/span><br \/><span id=\"cloak62899\" style=\"font-family: helvetica, arial, sans-serif;\"><a href=\"mailto:a.kasimir@kasimir-bau.de\">a.kasimir@kasimir-bau.de<\/a><\/span>[\/vc_column_text][vc_empty_space][\/vc_column][\/vc_row][vc_row css=\".vc_custom_1528798199169{background-color: #ffffff !important;}\"][vc_column width=\"1\/6\"][\/vc_column][vc_column width=\"2\/6\"][vc_single_image image=\"12\" img_size=\"full\"][vc_empty_space][vc_column_text]<span style=\"font-family: helvetica, arial, sans-serif;\"><strong>Technischer Leiter Ausf\u00fchrung\/ Prokurist<\/strong><\/span><br \/><span style=\"font-family: helvetica, arial, sans-serif;\">Dipl.-Ing. Christoph Sandh\u00f6fner<\/span><br \/><span style=\"font-family: helvetica, arial, sans-serif;\">Telefon +49 (0) 33056 \/875-41<\/span><br \/><span id=\"cloak54123\" style=\"font-family: helvetica, arial, sans-serif;\"><a href=\"mailto:sandhoefner@kasimir-bau.de\">sandhoefner@kasimir-bau.de<\/a><\/span>[\/vc_column_text][vc_empty_space][\/vc_column][vc_column width=\"1\/6\"][\/vc_column][vc_column width=\"2\/6\"][vc_single_image image=\"13\" img_size=\"full\"][vc_empty_space][vc_column_text]<span style=\"font-family: helvetica, arial, sans-serif; color: #000000;\"><strong>Technischer Leiter Innendienst\/ Prokurist<\/strong><\/span><br \/><span style=\"font-family: helvetica, arial, sans-serif; color: #000000;\">Dipl.-Ing.\u00a0Dirk Seifert<\/span><br \/><span style=\"font-family: helvetica, arial, sans-serif; color: #000000;\">Telefon +49 (0) 33056 \/875-13<\/span><br \/><span id=\"cloak74505\" style=\"font-family: helvetica, arial, sans-serif; color: #000000;\"><a style=\"color: #000000;\" href=\"mailto:seifert@kasimir-bau.de\">seifert@kasimir-bau.de<\/a><\/span>[\/vc_column_text][vc_empty_space][\/vc_column][\/vc_row][vc_row css=\".vc_custom_1528798199169{background-color: #ffffff !important;}\"][vc_column width=\"1\/6\"][\/vc_column][vc_column width=\"2\/6\"][vc_single_image image=\"122\" img_size=\"full\"][vc_empty_space][vc_column_text]<strong>Sekretariat<\/strong><br \/>Annette Sichting<br \/>Telefon +49 (0) 33056 \/875-11<br \/><span id=\"cloak86809\"><a href=\"mailto:sichting@kasimir-bau.de\">sichting@kasimir-bau.de<\/a><\/span>[\/vc_column_text][vc_empty_space][\/vc_column][vc_column width=\"1\/6\"][\/vc_column][vc_column width=\"2\/6\"][\/vc_column][\/vc_row]<\/p>","_et_gb_content_width":"","footnotes":""},"class_list":["post-15","page","type-page","status-publish","hentry"],"_links":{"self":[{"href":"https:\/\/kasimir-bau.de\/cms\/wp-json\/wp\/v2\/pages\/15","targetHints":{"allow":["GET"]}}],"collection":[{"href":"https:\/\/kasimir-bau.de\/cms\/wp-json\/wp\/v2\/pages"}],"about":[{"href":"https:\/\/kasimir-bau.de\/cms\/wp-json\/wp\/v2\/types\/page"}],"author":[{"embeddable":true,"href":"https:\/\/kasimir-bau.de\/cms\/wp-json\/wp\/v2\/users\/1"}],"replies":[{"embeddable":true,"href":"https:\/\/kasimir-bau.de\/cms\/wp-json\/wp\/v2\/comments?post=15"}],"version-history":[{"count":12,"href":"https:\/\/kasimir-bau.de\/cms\/wp-json\/wp\/v2\/pages\/15\/revisions"}],"predecessor-version":[{"id":12015,"href":"https:\/\/kasimir-bau.de\/cms\/wp-json\/wp\/v2\/pages\/15\/revisions\/12015"}],"up":[{"embeddable":true,"href":"https:\/\/kasimir-bau.de\/cms\/wp-json\/wp\/v2\/pages\/753"}],"wp:attachment":[{"href":"https:\/\/kasimir-bau.de\/cms\/wp-json\/wp\/v2\/media?parent=15"}],"curies":[{"name":"wp","href":"https:\/\/api.w.org\/{rel}","templated":true}]}}