{"id":11936,"date":"2024-11-20T12:47:51","date_gmt":"2024-11-20T11:47:51","guid":{"rendered":"https:\/\/kasimir-bau.de\/cms\/?page_id=11936"},"modified":"2024-11-20T12:47:54","modified_gmt":"2024-11-20T11:47:54","slug":"lindenstr","status":"publish","type":"page","link":"https:\/\/kasimir-bau.de\/cms\/referenzen\/industrie_gewerbe\/lindenstr\/","title":{"rendered":"Lindenstr"},"content":{"rendered":"<p>[et_pb_section fb_built=&#8220;1&#8243; custom_padding_last_edited=&#8220;on|desktop&#8220; disabled_on=&#8220;||off&#8220; _builder_version=&#8220;4.16&#8243; background_color=&#8220;rgba(255,255,255,0.01)&#8220; parallax=&#8220;on&#8220; parallax_method=&#8220;off&#8220; custom_padding=&#8220;50px||200px|180px&#8220; custom_padding_tablet=&#8220;10px||120px|10px&#8220; custom_padding_phone=&#8220;&#8220; animation_style=&#8220;fade&#8220; animation_speed_curve=&#8220;linear&#8220; global_colors_info=&#8220;{}&#8220; theme_builder_area=&#8220;post_content&#8220; da_is_popup=&#8220;off&#8220; da_exit_intent=&#8220;off&#8220; da_has_close=&#8220;on&#8220; da_alt_close=&#8220;off&#8220; da_dark_close=&#8220;off&#8220; da_not_modal=&#8220;on&#8220; da_is_singular=&#8220;off&#8220; da_with_loader=&#8220;off&#8220; da_has_shadow=&#8220;on&#8220; da_disable_devices=&#8220;off|off|off&#8220;][et_pb_row disabled_on=&#8220;off|off|off&#8220; module_class=&#8220;schrift1&#8243; _builder_version=&#8220;4.27.3&#8243; background_color=&#8220;#b0b0b0&#8243; max_width=&#8220;1031px&#8220; module_alignment=&#8220;left&#8220; custom_margin_phone=&#8220;10px|||&#8220; custom_margin_last_edited=&#8220;off|phone&#8220; custom_padding=&#8220;|10px||10px&#8220; animation_style=&#8220;fade&#8220; hover_enabled=&#8220;0&#8243; border_color_all=&#8220;rgba(255,255,255,0)&#8220; use_custom_width=&#8220;on&#8220; custom_width_px=&#8220;1031px&#8220; global_colors_info=&#8220;{}&#8220; locked=&#8220;off&#8220; theme_builder_area=&#8220;post_content&#8220; sticky_enabled=&#8220;0&#8243;][et_pb_column type=&#8220;4_4&#8243; _builder_version=&#8220;4.16&#8243; custom_padding=&#8220;|||&#8220; global_colors_info=&#8220;{}&#8220; custom_padding__hover=&#8220;|||&#8220; theme_builder_area=&#8220;post_content&#8220;][et_pb_text admin_label=&#8220;Lindenstr. 3-4, 12207 Berlin&#8220; _builder_version=&#8220;4.23.4&#8243; custom_padding=&#8220;10px|10px|10px|10px&#8220; z_index_tablet=&#8220;500&#8243; text_text_shadow_horizontal_length_tablet=&#8220;0px&#8220; text_text_shadow_vertical_length_tablet=&#8220;0px&#8220; text_text_shadow_blur_strength_tablet=&#8220;1px&#8220; link_text_shadow_horizontal_length_tablet=&#8220;0px&#8220; link_text_shadow_vertical_length_tablet=&#8220;0px&#8220; link_text_shadow_blur_strength_tablet=&#8220;1px&#8220; ul_text_shadow_horizontal_length_tablet=&#8220;0px&#8220; ul_text_shadow_vertical_length_tablet=&#8220;0px&#8220; ul_text_shadow_blur_strength_tablet=&#8220;1px&#8220; ol_text_shadow_horizontal_length_tablet=&#8220;0px&#8220; ol_text_shadow_vertical_length_tablet=&#8220;0px&#8220; ol_text_shadow_blur_strength_tablet=&#8220;1px&#8220; quote_text_shadow_horizontal_length_tablet=&#8220;0px&#8220; quote_text_shadow_vertical_length_tablet=&#8220;0px&#8220; quote_text_shadow_blur_strength_tablet=&#8220;1px&#8220; header_text_shadow_horizontal_length_tablet=&#8220;0px&#8220; header_text_shadow_vertical_length_tablet=&#8220;0px&#8220; header_text_shadow_blur_strength_tablet=&#8220;1px&#8220; header_2_text_shadow_horizontal_length_tablet=&#8220;0px&#8220; header_2_text_shadow_vertical_length_tablet=&#8220;0px&#8220; header_2_text_shadow_blur_strength_tablet=&#8220;1px&#8220; header_3_text_shadow_horizontal_length_tablet=&#8220;0px&#8220; header_3_text_shadow_vertical_length_tablet=&#8220;0px&#8220; header_3_text_shadow_blur_strength_tablet=&#8220;1px&#8220; header_4_text_shadow_horizontal_length_tablet=&#8220;0px&#8220; header_4_text_shadow_vertical_length_tablet=&#8220;0px&#8220; header_4_text_shadow_blur_strength_tablet=&#8220;1px&#8220; header_5_text_shadow_horizontal_length_tablet=&#8220;0px&#8220; header_5_text_shadow_vertical_length_tablet=&#8220;0px&#8220; header_5_text_shadow_blur_strength_tablet=&#8220;1px&#8220; header_6_text_shadow_horizontal_length_tablet=&#8220;0px&#8220; header_6_text_shadow_vertical_length_tablet=&#8220;0px&#8220; header_6_text_shadow_blur_strength_tablet=&#8220;1px&#8220; box_shadow_horizontal_tablet=&#8220;0px&#8220; box_shadow_vertical_tablet=&#8220;0px&#8220; box_shadow_blur_tablet=&#8220;40px&#8220; box_shadow_spread_tablet=&#8220;0px&#8220; global_colors_info=&#8220;{}&#8220; theme_builder_area=&#8220;post_content&#8220;]<\/p>\n<h3 class=\"entry-title\"><span style=\"font-family: Arial, Helvetica, sans-serif;\"><strong><span style=\"color: #0054aa;\">Lindenstra\u00dfe 3-4, 12207 Berlin<\/span><\/strong><\/span><\/h3>\n<p>[\/et_pb_text][et_pb_text admin_label=&#8220;Beschreibung&#8220; _builder_version=&#8220;4.23.4&#8243; custom_padding=&#8220;10px|10px|35px|10px&#8220; custom_padding_tablet=&#8220;&#8220; custom_padding_phone=&#8220;&#8220; custom_padding_last_edited=&#8220;on|desktop&#8220; z_index_tablet=&#8220;500&#8243; text_text_shadow_horizontal_length_tablet=&#8220;0px&#8220; text_text_shadow_vertical_length_tablet=&#8220;0px&#8220; text_text_shadow_blur_strength_tablet=&#8220;1px&#8220; link_text_shadow_horizontal_length_tablet=&#8220;0px&#8220; link_text_shadow_vertical_length_tablet=&#8220;0px&#8220; link_text_shadow_blur_strength_tablet=&#8220;1px&#8220; ul_text_shadow_horizontal_length_tablet=&#8220;0px&#8220; ul_text_shadow_vertical_length_tablet=&#8220;0px&#8220; ul_text_shadow_blur_strength_tablet=&#8220;1px&#8220; ol_text_shadow_horizontal_length_tablet=&#8220;0px&#8220; ol_text_shadow_vertical_length_tablet=&#8220;0px&#8220; ol_text_shadow_blur_strength_tablet=&#8220;1px&#8220; quote_text_shadow_horizontal_length_tablet=&#8220;0px&#8220; quote_text_shadow_vertical_length_tablet=&#8220;0px&#8220; quote_text_shadow_blur_strength_tablet=&#8220;1px&#8220; header_text_shadow_horizontal_length_tablet=&#8220;0px&#8220; header_text_shadow_vertical_length_tablet=&#8220;0px&#8220; header_text_shadow_blur_strength_tablet=&#8220;1px&#8220; header_2_text_shadow_horizontal_length_tablet=&#8220;0px&#8220; header_2_text_shadow_vertical_length_tablet=&#8220;0px&#8220; header_2_text_shadow_blur_strength_tablet=&#8220;1px&#8220; header_3_text_shadow_horizontal_length_tablet=&#8220;0px&#8220; header_3_text_shadow_vertical_length_tablet=&#8220;0px&#8220; header_3_text_shadow_blur_strength_tablet=&#8220;1px&#8220; header_4_text_shadow_horizontal_length_tablet=&#8220;0px&#8220; header_4_text_shadow_vertical_length_tablet=&#8220;0px&#8220; header_4_text_shadow_blur_strength_tablet=&#8220;1px&#8220; header_5_text_shadow_horizontal_length_tablet=&#8220;0px&#8220; header_5_text_shadow_vertical_length_tablet=&#8220;0px&#8220; header_5_text_shadow_blur_strength_tablet=&#8220;1px&#8220; header_6_text_shadow_horizontal_length_tablet=&#8220;0px&#8220; header_6_text_shadow_vertical_length_tablet=&#8220;0px&#8220; header_6_text_shadow_blur_strength_tablet=&#8220;1px&#8220; box_shadow_horizontal_tablet=&#8220;0px&#8220; box_shadow_vertical_tablet=&#8220;0px&#8220; box_shadow_blur_tablet=&#8220;40px&#8220; box_shadow_spread_tablet=&#8220;0px&#8220; global_colors_info=&#8220;{}&#8220; theme_builder_area=&#8220;post_content&#8220;]<\/p>\n<p><span style=\"color: #000000;\"><strong>Beschreibung:<\/strong><\/span><br \/><span style=\"color: #000000;\">Erweiterung des B\u00fcrogeb\u00e4udes mit einem Kellergeschoss und zwei Obergeschossen. Der Bauk\u00f6rper wird seitlich an das bestehende B\u00fcrogeb\u00e4ude anschlie\u00dfen und bildet ein L-f\u00f6rmiges Bauwerk.<br \/>Der Anbau \u00fcbernimmt neben einer Erweiterung der B\u00fcroarbeitspl\u00e4tze auch die Funktion einer verteilenden Erschlie\u00dfungshalle mit neuem Haupteingang.<br \/>Die Gr\u00fcndung erfolgt auf einer Bodenplatte aus Stahlbeton und einem Streifenfundament. Die tragenden W\u00e4nde sind aus Kalksandsteinmauerwerk und die Decken werden aus Stahlbeton errichet.<\/span><\/p>\n<p>[\/et_pb_text][et_pb_gallery gallery_ids=&#8220;11838,11843,11844,11846,11847&#8243; posts_number=&#8220;15&#8243; show_title_and_caption=&#8220;off&#8220; show_pagination=&#8220;off&#8220; zoom_icon_color=&#8220;rgba(0,0,0,0)&#8220; hover_overlay_color=&#8220;rgba(0,0,0,0)&#8220; hover_icon=&#8220;&#x2e;||divi||400&#8243; _builder_version=&#8220;4.27.3&#8243; hover_enabled=&#8220;0&#8243; z_index_tablet=&#8220;500&#8243; custom_css_gallery_item=&#8220;margin:0 !important;||width:20% !important;||clear:none !important;||&#8220; title_text_shadow_horizontal_length_tablet=&#8220;0px&#8220; title_text_shadow_vertical_length_tablet=&#8220;0px&#8220; title_text_shadow_blur_strength_tablet=&#8220;1px&#8220; caption_text_shadow_horizontal_length_tablet=&#8220;0px&#8220; caption_text_shadow_vertical_length_tablet=&#8220;0px&#8220; caption_text_shadow_blur_strength_tablet=&#8220;1px&#8220; pagination_text_shadow_horizontal_length_tablet=&#8220;0px&#8220; pagination_text_shadow_vertical_length_tablet=&#8220;0px&#8220; pagination_text_shadow_blur_strength_tablet=&#8220;1px&#8220; border_width_all_image=&#8220;5px&#8220; border_color_all_image=&#8220;rgba(51,51,51,0)&#8220; box_shadow_horizontal_tablet=&#8220;0px&#8220; box_shadow_vertical_tablet=&#8220;0px&#8220; box_shadow_blur_tablet=&#8220;40px&#8220; box_shadow_spread_tablet=&#8220;0px&#8220; box_shadow_horizontal_image_tablet=&#8220;0px&#8220; box_shadow_vertical_image_tablet=&#8220;0px&#8220; box_shadow_blur_image_tablet=&#8220;40px&#8220; box_shadow_spread_image_tablet=&#8220;0px&#8220; text_shadow_horizontal_length_tablet=&#8220;0px&#8220; text_shadow_vertical_length_tablet=&#8220;0px&#8220; text_shadow_blur_strength_tablet=&#8220;1px&#8220; global_colors_info=&#8220;{}&#8220; theme_builder_area=&#8220;post_content&#8220; sticky_enabled=&#8220;0&#8243;]<br \/>\n[\/et_pb_gallery][et_pb_text admin_label=&#8220;Tabelle&#8220; _builder_version=&#8220;4.25.1&#8243; custom_padding=&#8220;20px|250px|0px|0px&#8220; custom_padding_tablet=&#8220;|0px||&#8220; custom_padding_phone=&#8220;&#8220; custom_padding_last_edited=&#8220;on|phone&#8220; z_index_tablet=&#8220;500&#8243; text_text_shadow_horizontal_length_tablet=&#8220;0px&#8220; text_text_shadow_vertical_length_tablet=&#8220;0px&#8220; text_text_shadow_blur_strength_tablet=&#8220;1px&#8220; link_text_shadow_horizontal_length_tablet=&#8220;0px&#8220; link_text_shadow_vertical_length_tablet=&#8220;0px&#8220; link_text_shadow_blur_strength_tablet=&#8220;1px&#8220; ul_text_shadow_horizontal_length_tablet=&#8220;0px&#8220; ul_text_shadow_vertical_length_tablet=&#8220;0px&#8220; ul_text_shadow_blur_strength_tablet=&#8220;1px&#8220; ol_text_shadow_horizontal_length_tablet=&#8220;0px&#8220; ol_text_shadow_vertical_length_tablet=&#8220;0px&#8220; ol_text_shadow_blur_strength_tablet=&#8220;1px&#8220; quote_text_shadow_horizontal_length_tablet=&#8220;0px&#8220; quote_text_shadow_vertical_length_tablet=&#8220;0px&#8220; quote_text_shadow_blur_strength_tablet=&#8220;1px&#8220; header_text_shadow_horizontal_length_tablet=&#8220;0px&#8220; header_text_shadow_vertical_length_tablet=&#8220;0px&#8220; header_text_shadow_blur_strength_tablet=&#8220;1px&#8220; header_2_text_shadow_horizontal_length_tablet=&#8220;0px&#8220; header_2_text_shadow_vertical_length_tablet=&#8220;0px&#8220; header_2_text_shadow_blur_strength_tablet=&#8220;1px&#8220; header_3_text_shadow_horizontal_length_tablet=&#8220;0px&#8220; header_3_text_shadow_vertical_length_tablet=&#8220;0px&#8220; header_3_text_shadow_blur_strength_tablet=&#8220;1px&#8220; header_4_text_shadow_horizontal_length_tablet=&#8220;0px&#8220; header_4_text_shadow_vertical_length_tablet=&#8220;0px&#8220; header_4_text_shadow_blur_strength_tablet=&#8220;1px&#8220; header_5_text_shadow_horizontal_length_tablet=&#8220;0px&#8220; header_5_text_shadow_vertical_length_tablet=&#8220;0px&#8220; header_5_text_shadow_blur_strength_tablet=&#8220;1px&#8220; header_6_text_shadow_horizontal_length_tablet=&#8220;0px&#8220; header_6_text_shadow_vertical_length_tablet=&#8220;0px&#8220; header_6_text_shadow_blur_strength_tablet=&#8220;1px&#8220; box_shadow_horizontal_tablet=&#8220;0px&#8220; box_shadow_vertical_tablet=&#8220;0px&#8220; box_shadow_blur_tablet=&#8220;40px&#8220; box_shadow_spread_tablet=&#8220;0px&#8220; global_colors_info=&#8220;{}&#8220; theme_builder_area=&#8220;post_content&#8220;]<\/p>\n<table style=\"border-style: none;\">\n<tbody>\n<tr style=\"border-style: none;\" valign=\"top\">\n<td style=\"border-style: none; vertical-align: top; width: 25%;\"><strong>Auftraggeber:<\/strong><\/td>\n<td style=\"border-style: none; vertical-align: top;\">Fleurop AG, Berlin<\/td>\n<\/tr>\n<tr style=\"border-style: none;\" valign=\"top\">\n<td style=\"border-style: none; vertical-align: top; width: 25%;\"><strong>Architekt:<\/strong><\/td>\n<td style=\"border-style: none; vertical-align: top;\">Kessel und Z\u00fcger Architekten PartG mbB, Berlin<\/td>\n<\/tr>\n<tr style=\"border-style: none;\" valign=\"top\">\n<td style=\"border-style: none; vertical-align: top; width: 25%;\"><strong>Bauleitung:<\/strong><\/td>\n<td style=\"border-style: none; vertical-align: top;\">K+P Ingenieure GmbH, Berlin<\/td>\n<\/tr>\n<tr style=\"border-style: none;\" valign=\"top\">\n<td style=\"border-style: none; vertical-align: top; width: 25%;\"><strong>Auftragsvolumen:<\/strong><\/td>\n<td style=\"border-style: none; vertical-align: top;\">ca. 1,0 Mio Euro netto<\/td>\n<\/tr>\n<tr style=\"border-style: none;\" valign=\"top\">\n<td style=\"border-style: none; vertical-align: top; width: 25%;\"><strong>Bauzeit Rohbau:<\/strong><\/td>\n<td style=\"border-style: none; vertical-align: top;\">Januar 2024 &#8211; September 2024<\/td>\n<\/tr>\n<\/tbody>\n<\/table>\n<p>[\/et_pb_text][\/et_pb_column][\/et_pb_row][\/et_pb_section]<\/p>\n","protected":false},"excerpt":{"rendered":"<p>Lindenstra\u00dfe 3-4, 12207 BerlinBeschreibung:Erweiterung des B\u00fcrogeb\u00e4udes mit einem Kellergeschoss und zwei Obergeschossen. Der Bauk\u00f6rper wird seitlich an das bestehende B\u00fcrogeb\u00e4ude anschlie\u00dfen und bildet ein L-f\u00f6rmiges Bauwerk.Der Anbau \u00fcbernimmt neben einer Erweiterung der B\u00fcroarbeitspl\u00e4tze auch die Funktion einer verteilenden Erschlie\u00dfungshalle mit neuem Haupteingang.Die Gr\u00fcndung erfolgt auf einer Bodenplatte aus Stahlbeton und einem Streifenfundament. Die tragenden W\u00e4nde sind aus Kalksandsteinmauerwerk und die Decken werden aus Stahlbeton errichet. Auftraggeber: Fleurop AG, Berlin Architekt: Kessel und Z\u00fcger Architekten PartG mbB, Berlin Bauleitung: K+P Ingenieure GmbH, Berlin Auftragsvolumen: ca. 1,0 Mio Euro netto Bauzeit Rohbau: Januar 2024 &#8211; September 2024<\/p>\n","protected":false},"author":3,"featured_media":0,"parent":742,"menu_order":0,"comment_status":"closed","ping_status":"closed","template":"","meta":{"_et_pb_use_builder":"on","_et_pb_old_content":"","_et_gb_content_width":"","footnotes":""},"class_list":["post-11936","page","type-page","status-publish","hentry"],"_links":{"self":[{"href":"https:\/\/kasimir-bau.de\/cms\/wp-json\/wp\/v2\/pages\/11936","targetHints":{"allow":["GET"]}}],"collection":[{"href":"https:\/\/kasimir-bau.de\/cms\/wp-json\/wp\/v2\/pages"}],"about":[{"href":"https:\/\/kasimir-bau.de\/cms\/wp-json\/wp\/v2\/types\/page"}],"author":[{"embeddable":true,"href":"https:\/\/kasimir-bau.de\/cms\/wp-json\/wp\/v2\/users\/3"}],"replies":[{"embeddable":true,"href":"https:\/\/kasimir-bau.de\/cms\/wp-json\/wp\/v2\/comments?post=11936"}],"version-history":[{"count":3,"href":"https:\/\/kasimir-bau.de\/cms\/wp-json\/wp\/v2\/pages\/11936\/revisions"}],"predecessor-version":[{"id":11940,"href":"https:\/\/kasimir-bau.de\/cms\/wp-json\/wp\/v2\/pages\/11936\/revisions\/11940"}],"up":[{"embeddable":true,"href":"https:\/\/kasimir-bau.de\/cms\/wp-json\/wp\/v2\/pages\/742"}],"wp:attachment":[{"href":"https:\/\/kasimir-bau.de\/cms\/wp-json\/wp\/v2\/media?parent=11936"}],"curies":[{"name":"wp","href":"https:\/\/api.w.org\/{rel}","templated":true}]}}