{"id":10356,"date":"2021-08-11T09:48:35","date_gmt":"2021-08-11T07:48:35","guid":{"rendered":"https:\/\/kasimir-bau.de\/cms\/?page_id=10356"},"modified":"2021-08-12T09:59:01","modified_gmt":"2021-08-12T07:59:01","slug":"jahnstr-1","status":"publish","type":"page","link":"https:\/\/kasimir-bau.de\/cms\/referenzen\/wohnungsbau\/jahnstr-1\/","title":{"rendered":"Jahnstr. 1"},"content":{"rendered":"<p>[et_pb_section fb_built=&#8220;1&#8243; custom_padding_last_edited=&#8220;on|desktop&#8220; disabled_on=&#8220;||off&#8220; _builder_version=&#8220;4.9.10&#8243; background_color=&#8220;rgba(255,255,255,0.01)&#8220; parallax=&#8220;on&#8220; parallax_method=&#8220;off&#8220; custom_padding=&#8220;50px||200px|180px&#8220; custom_padding_tablet=&#8220;10px||120px|10px&#8220; custom_padding_phone=&#8220;&#8220; animation_style=&#8220;fade&#8220; animation_speed_curve=&#8220;linear&#8220; hover_enabled=&#8220;0&#8243; da_disable_devices=&#8220;off|off|off&#8220; title_text=&#8220;2021-06 &#8211; 43_K&#8220; background_image=&#8220;https:\/\/kasimir-bau.de\/cms\/wp-content\/uploads\/2021\/08\/2021-06-43_K.jpg&#8220; sticky_enabled=&#8220;0&#8243; da_is_popup=&#8220;off&#8220; da_exit_intent=&#8220;off&#8220; da_has_close=&#8220;on&#8220; da_alt_close=&#8220;off&#8220; da_dark_close=&#8220;off&#8220; da_not_modal=&#8220;on&#8220; da_is_singular=&#8220;off&#8220; da_with_loader=&#8220;off&#8220; da_has_shadow=&#8220;on&#8220;][et_pb_row module_class=&#8220;schrift1&#8243; _builder_version=&#8220;3.25&#8243; background_color=&#8220;#b0b0b0&#8243; max_width=&#8220;750px&#8220; module_alignment=&#8220;left&#8220; custom_margin_tablet=&#8220;&#8220; custom_margin_phone=&#8220;10px|||&#8220; custom_margin_last_edited=&#8220;on|phone&#8220; custom_padding=&#8220;10px|10px|10px|10px&#8220; animation_style=&#8220;fade&#8220; border_color_all=&#8220;rgba(255,255,255,0)&#8220; use_custom_width=&#8220;on&#8220; custom_width_px=&#8220;750px&#8220;][et_pb_column type=&#8220;4_4&#8243; _builder_version=&#8220;3.25&#8243; custom_padding=&#8220;|||&#8220; custom_padding__hover=&#8220;|||&#8220;][et_pb_text admin_label=&#8220;Jahnstra\u00dfe 1, 10967 Berlin&#8220; _builder_version=&#8220;4.9.10&#8243; custom_padding=&#8220;10px|10px|10px|10px&#8220;]<\/p>\n<h3 class=\"entry-title\"><span style=\"font-family: Arial, Helvetica, sans-serif;\"><strong><span style=\"color: #0054aa;\">Jahnstra\u00dfe 1, 10967 Berlin<\/span><\/strong><\/span><\/h3>\n<p>[\/et_pb_text][et_pb_text admin_label=&#8220;Beschreibung&#8220; _builder_version=&#8220;4.9.10&#8243; custom_padding=&#8220;10px|10px|35px|10px&#8220; custom_padding_tablet=&#8220;&#8220; custom_padding_phone=&#8220;&#8220; custom_padding_last_edited=&#8220;on|desktop&#8220;]<\/p>\n<p><span style=\"color: #000000;\"><strong>Beschreibung:<\/strong><\/span><br \/>Neubau eines voll unterkellerten Wohn- und Gewerbehauses mit 20 Wohneinheiten und zus\u00e4tzlichen 2 Gewerbeeinheiten im EG als L\u00fcckenschluss einer ehemaligen vollst\u00e4ndigen Blockrandbebauung.<\/span><\/p>\n<p>Das Geb\u00e4ude wird in Massivbauweise aus Stahlbeton und Mauerwerk errichtet und wird beidseitig durch Bestandsgeb\u00e4ude begrenzt.<\/span><\/p>\n<p>Die Ausf\u00fchrung des Untergeschosses erfolgt in Stahlbetonweise als WU-Konstruktion. Die Ausf\u00fchrung der Wohngeschosse erfolgt als Mischbauweise aus Stahlbeton und Mauerwerk. Die Balkone werden als Stahlbeton-Fertigteile ausgef\u00fchrt.<\/p>\n<p>[\/et_pb_text][et_pb_gallery gallery_ids=&#8220;9712,9833,10196,10198,10125&#8243; posts_number=&#8220;15&#8243; show_title_and_caption=&#8220;off&#8220; show_pagination=&#8220;off&#8220; hover_icon=&#8220;%%13%%&#8220; _builder_version=&#8220;4.9.10&#8243; hover_enabled=&#8220;0&#8243; custom_css_gallery_item=&#8220;margin:0 !important;||width:20% !important;||clear:none !important;||&#8220; border_width_all_image=&#8220;5px&#8220; border_color_all_image=&#8220;rgba(51,51,51,0)&#8220; sticky_enabled=&#8220;0&#8243;][\/et_pb_gallery][et_pb_text admin_label=&#8220;Tabelle&#8220; _builder_version=&#8220;4.9.10&#8243; custom_padding=&#8220;20px|0px|0px|0px&#8220; custom_padding_tablet=&#8220;|0px||&#8220; custom_padding_phone=&#8220;&#8220; custom_padding_last_edited=&#8220;on|desktop&#8220;]<\/p>\n<table style=\"border-style: none;\">\n<tbody>\n<tr style=\"border-style: none;\" valign=\"top\">\n<td style=\"border-style: none; vertical-align: top; width: 25%;\"><strong>Bauherr:<\/strong><\/td>\n<td style=\"border-style: none; vertical-align: top;\">N. N.<\/td>\n<\/tr>\n<tr style=\"border-style: none;\" valign=\"top\">\n<td style=\"border-style: none; vertical-align: top; width: 25%;\"><strong>Architekten:<\/strong><\/td>\n<td style=\"border-style: none; vertical-align: top;\">Thomas Hillig Architekten GmbH<\/td>\n<\/tr>\n<tr style=\"border-style: none;\" valign=\"top\">\n<td style=\"border-style: none; vertical-align: top; width: 25%;\"><strong>Bauleitung:<\/strong><\/td>\n<td style=\"border-style: none; vertical-align: top;\">Beusterien Architekturb\u00fcro (B.AB)<\/td>\n<\/tr>\n<tr style=\"border-style: none;\" valign=\"top\">\n<td style=\"border-style: none; vertical-align: top; width: 25%;\"><strong>Auftragsvolumen:<\/strong><\/td>\n<td style=\"border-style: none; vertical-align: top;\">1 Mio Euro netto<\/td>\n<\/tr>\n<tr style=\"border-style: none;\" valign=\"top\">\n<td style=\"border-style: none; vertical-align: top; width: 25%;\"><strong>Bauzeit Rohbau:<\/strong><\/td>\n<td style=\"border-style: none; vertical-align: top;\">Mai 2020 &#8211; Juli 2021<\/td>\n<\/tr>\n<\/tbody>\n<\/table>\n<p>[\/et_pb_text][\/et_pb_column][\/et_pb_row][\/et_pb_section]<\/p>\n","protected":false},"excerpt":{"rendered":"<p>Jahnstra\u00dfe 1, 10967 BerlinBeschreibung:Neubau eines voll unterkellerten Wohn- und Gewerbehauses mit 20 Wohneinheiten und zus\u00e4tzlichen 2 Gewerbeeinheiten im EG als L\u00fcckenschluss einer ehemaligen vollst\u00e4ndigen Blockrandbebauung.Das Geb\u00e4ude wird in Massivbauweise aus Stahlbeton und Mauerwerk errichtet und wird beidseitig durch Bestandsgeb\u00e4ude begrenzt.Die Ausf\u00fchrung des Untergeschosses erfolgt in Stahlbetonweise als WU-Konstruktion. Die Ausf\u00fchrung der Wohngeschosse erfolgt als Mischbauweise aus Stahlbeton und Mauerwerk. Die Balkone werden als Stahlbeton-Fertigteile ausgef\u00fchrt. Bauherr: N. N. Architekten: Thomas Hillig Architekten GmbH Bauleitung: Beusterien Architekturb\u00fcro (B.AB) Auftragsvolumen: 1 Mio Euro netto Bauzeit Rohbau: Mai 2020 &#8211; Juli 2021<\/p>\n","protected":false},"author":3,"featured_media":0,"parent":740,"menu_order":0,"comment_status":"closed","ping_status":"closed","template":"","meta":{"_et_pb_use_builder":"on","_et_pb_old_content":"","_et_gb_content_width":"","footnotes":""},"class_list":["post-10356","page","type-page","status-publish","hentry"],"_links":{"self":[{"href":"https:\/\/kasimir-bau.de\/cms\/wp-json\/wp\/v2\/pages\/10356","targetHints":{"allow":["GET"]}}],"collection":[{"href":"https:\/\/kasimir-bau.de\/cms\/wp-json\/wp\/v2\/pages"}],"about":[{"href":"https:\/\/kasimir-bau.de\/cms\/wp-json\/wp\/v2\/types\/page"}],"author":[{"embeddable":true,"href":"https:\/\/kasimir-bau.de\/cms\/wp-json\/wp\/v2\/users\/3"}],"replies":[{"embeddable":true,"href":"https:\/\/kasimir-bau.de\/cms\/wp-json\/wp\/v2\/comments?post=10356"}],"version-history":[{"count":3,"href":"https:\/\/kasimir-bau.de\/cms\/wp-json\/wp\/v2\/pages\/10356\/revisions"}],"predecessor-version":[{"id":10417,"href":"https:\/\/kasimir-bau.de\/cms\/wp-json\/wp\/v2\/pages\/10356\/revisions\/10417"}],"up":[{"embeddable":true,"href":"https:\/\/kasimir-bau.de\/cms\/wp-json\/wp\/v2\/pages\/740"}],"wp:attachment":[{"href":"https:\/\/kasimir-bau.de\/cms\/wp-json\/wp\/v2\/media?parent=10356"}],"curies":[{"name":"wp","href":"https:\/\/api.w.org\/{rel}","templated":true}]}}