{"id":102,"date":"2016-03-03T07:25:00","date_gmt":"2016-03-03T06:25:00","guid":{"rendered":"http:\/\/kasimir-bau.de\/cms\/lobeckstr-30-35\/"},"modified":"2020-06-23T13:43:28","modified_gmt":"2020-06-23T11:43:28","slug":"lobeckstr-30-35","status":"publish","type":"page","link":"https:\/\/kasimir-bau.de\/cms\/referenzen\/industrie_gewerbe\/lobeckstr-30-35\/","title":{"rendered":"Lobeckstr. 30\/ 35"},"content":{"rendered":"<p>[et_pb_section fb_built=&#8220;1&#8243; custom_padding_last_edited=&#8220;on|desktop&#8220; _builder_version=&#8220;4.4.7&#8243; background_color=&#8220;rgba(255,255,255,0.01)&#8220; background_image=&#8220;https:\/\/kasimir-bau.de\/cms\/wp-content\/uploads\/2020\/04\/20191203_154656.jpg&#8220; parallax=&#8220;on&#8220; parallax_method=&#8220;off&#8220; custom_padding=&#8220;74px|||160px&#8220; custom_padding_tablet=&#8220;&#8220; custom_padding_phone=&#8220;50px||100px|10px&#8220; hover_enabled=&#8220;0&#8243; da_is_popup=&#8220;off&#8220; da_exit_intent=&#8220;off&#8220; da_has_close=&#8220;on&#8220; da_alt_close=&#8220;off&#8220; da_dark_close=&#8220;off&#8220; da_not_modal=&#8220;on&#8220; da_is_singular=&#8220;off&#8220; da_with_loader=&#8220;off&#8220; da_has_shadow=&#8220;on&#8220; da_disable_devices=&#8220;off|off|off&#8220;][et_pb_row _builder_version=&#8220;3.25&#8243; background_color=&#8220;#b0b0b0&#8243; max_width=&#8220;750px&#8220; module_alignment=&#8220;left&#8220; custom_padding=&#8220;|30px||30px&#8220; animation_style=&#8220;fade&#8220; animation_speed_curve=&#8220;linear&#8220; use_custom_width=&#8220;on&#8220; custom_width_px=&#8220;750px&#8220;][et_pb_column type=&#8220;4_4&#8243; _builder_version=&#8220;3.25&#8243; custom_padding=&#8220;|||&#8220; custom_padding__hover=&#8220;|||&#8220;][et_pb_text admin_label=&#8220;\u00dcberschrift&#8220; _builder_version=&#8220;3.27.4&#8243;]<\/p>\n<h3><span style=\"color: #1452a1; font-family: Helvetica;\"><strong>Lobeckstr. 30\/ 35<\/strong><\/span><\/h3>\n<p>&nbsp;<br \/>\n[\/et_pb_text][et_pb_text admin_label=&#8220;Beschreibung&#8220; _builder_version=&#8220;4.1&#8243;]<\/p>\n<p><span style=\"color: #000000;\"><strong>Beschreibung:<\/strong><\/span><br \/><span style=\"color: #000000;\">Bei dem Objekt Aqua Carr\u00e9 Berlin handelt es sich um einen 5-geschossigen Fabrikbau aus dem Ende des 19. Jahrhunderts. Der Flachbau an der Lobeckstr. stammt aus den 1970-ziger Jahren und wurde in Stahlbetonbauweise erstellt.<\/span><br \/><span style=\"color: #000000;\">Die derzeit kleinteilige Gewerbenutzung des Aqua Carr\u00e9s wird in mehreren Bauteilen erweitert und der denkmalgesch\u00fctzte Altbau denkmalgerecht saniert. Das Geb\u00e4ude ist bis auf das 4.OG des Altbaus vermietet und wird w\u00e4hrend der Bauzeit voll genutzt.<\/span><\/p>\n<p><strong>Bauma\u00dfnahmen:<\/strong><br \/><span style=\"color: #000000;\">Aufstockung des zweigeschossigen 70-ziger Jahre Anbaus um drei Etagen in Stahlbeton mit einem Staffelgeschoss in Stahlbauweise<\/span><\/p>\n<p>[\/et_pb_text][et_pb_gallery gallery_ids=&#8220;241,8581&#8243; show_title_and_caption=&#8220;off&#8220; show_pagination=&#8220;off&#8220; zoom_icon_color=&#8220;#2ea3f2&#8243; hover_icon=&#8220;%%13%%&#8220; _builder_version=&#8220;4.1&#8243; custom_padding=&#8220;15px||15px|&#8220; custom_css_gallery_item=&#8220;margin:0 !important;||width:20% !important;||clear:none !important;&#8220; border_width_all_image=&#8220;5px&#8220; border_color_all_image=&#8220;rgba(51,51,51,0)&#8220;][\/et_pb_gallery][et_pb_text admin_label=&#8220;Tabelle&#8220; _builder_version=&#8220;4.1&#8243; custom_padding=&#8220;|||&#8220;]<\/p>\n<table style=\"border-style: none;\">\n<tbody>\n<tr top=\"\">\n<td style=\"border-style: none;\"><span style=\"color: #000000;\"><strong>Auftraggeber:<\/strong><\/span><\/td>\n<td style=\"border-style: none;\"><span style=\"color: #000000;\">GSG Berlin Invest GmbH<\/span><\/td>\n<\/tr>\n<tr>\n<td style=\"border-style: none;\"><span style=\"color: #000000;\"><strong>Bauleitung:<\/strong><\/span><\/td>\n<td style=\"border-style: none;\"><span style=\"color: #000000;\">Groot Jantke GbR<\/span><\/td>\n<\/tr>\n<tr top=\"\">\n<td style=\"border-style: none;\"><span style=\"color: #000000;\"><strong>Architekt:<\/strong><\/span><\/td>\n<td style=\"border-style: none;\"><span style=\"color: #000000;\">Groot Jantke GbR<\/span><\/td>\n<\/tr>\n<tr>\n<td style=\"border-style: none;\"><span style=\"color: #000000;\"><strong>Auftragsvolumen:<br \/> <\/strong><\/span><\/td>\n<td style=\"border-style: none;\"><span style=\"color: #000000;\">0,9 Mio. EUR<\/span><\/td>\n<\/tr>\n<tr>\n<td style=\"border-style: none;\"><span style=\"color: #000000;\"><strong>Bauzeit:<\/strong><\/span><\/td>\n<td style=\"border-style: none;\"><span style=\"color: #000000;\">April 2017 &#8211;\u00a0Oktober 2017<\/span><\/td>\n<\/tr>\n<\/tbody>\n<\/table>\n<p>[\/et_pb_text][\/et_pb_column][\/et_pb_row][\/et_pb_section]<\/p>\n","protected":false},"excerpt":{"rendered":"<p>Lobeckstr. 30\/ 35 &nbsp; Beschreibung:Bei dem Objekt Aqua Carr\u00e9 Berlin handelt es sich um einen 5-geschossigen Fabrikbau aus dem Ende des 19. Jahrhunderts. Der Flachbau an der Lobeckstr. stammt aus den 1970-ziger Jahren und wurde in Stahlbetonbauweise erstellt.Die derzeit kleinteilige Gewerbenutzung des Aqua Carr\u00e9s wird in mehreren Bauteilen erweitert und der denkmalgesch\u00fctzte Altbau denkmalgerecht saniert. Das Geb\u00e4ude ist bis auf das 4.OG des Altbaus vermietet und wird w\u00e4hrend der Bauzeit voll genutzt. Bauma\u00dfnahmen:Aufstockung des zweigeschossigen 70-ziger Jahre Anbaus um drei Etagen in Stahlbeton mit einem Staffelgeschoss in Stahlbauweise Auftraggeber: GSG Berlin Invest GmbH Bauleitung: Groot Jantke GbR Architekt: Groot Jantke GbR Auftragsvolumen: 0,9 Mio. EUR Bauzeit: April 2017 &#8211;\u00a0Oktober 2017<\/p>\n","protected":false},"author":1,"featured_media":0,"parent":742,"menu_order":11,"comment_status":"closed","ping_status":"closed","template":"","meta":{"_et_pb_use_builder":"on","_et_pb_old_content":"<p><strong>Beschreibung:<\/strong><br \/>Bei dem Objekt Aqua Carr\u00e9 Berlin handelt es sich um einen 5-geschossigen Fabrikbau aus dem Ende des 19. Jahrhunderts. Der Flachbau an der Lobeckstr. stammt aus den 1970-ziger Jahren und wurde in Stahlbetonbauweise erstellt.<br \/>Die derzeit kleinteilige Gewerbenutzung des Aqua Carr\u00e9s wird in mehreren Bauteilen erweitert und der denkmalgesch\u00fctzte Altbau denkmalgerecht saniert. Das Geb\u00e4ude ist bis auf das 4.OG des Altbaus vermietet und wird w\u00e4hrend der Bauzeit voll genutzt.<br \/><span style=\"text-decoration: underline;\">Bauma\u00dfnahmen:<\/span><\/p><ul><li>Aufstockung des zweigeschossigen 70-ziger Jahre Anbaus um drei Etagen in Stahlbeton mit einem Staffelgeschoss in Stahlbauweise\u00a0<p>{phocagallery view=category|categoryid=69}<\/p><\/li><\/ul><table><tbody><tr valign=\"top\"><td><strong>Auftraggeber:\u00a0\u00a0\u00a0\u00a0\u00a0\u00a0\u00a0\u00a0\u00a0\u00a0\u00a0\u00a0\u00a0\u00a0\u00a0\u00a0\u00a0\u00a0 <\/strong><\/td><td>\u00a0GSG Berlin Invest GmbH<\/td><\/tr><tr valign=\"top\"><td><strong>Bauleitung:<\/strong><\/td><td>\u00a0Groot Jantke GbR<\/td><\/tr><tr valign=\"top\"><td><strong>Architekt:<\/strong><\/td><td>\u00a0Groot Jantke GbR<\/td><\/tr><tr valign=\"top\"><td><strong>Auftragsvolumen: <br \/><\/strong><\/td><td>\u00a00,9 Mio. EUR<\/td><\/tr><tr><td><strong>Bauzeit:<\/strong><\/td><td>\u00a0April 2017 -\u00a0Oktober 2017\u00a0\u00a0\u00a0\u00a0\u00a0\u00a0\u00a0\u00a0<\/td><\/tr><\/tbody><\/table>","_et_gb_content_width":"","footnotes":""},"class_list":["post-102","page","type-page","status-publish","hentry"],"_links":{"self":[{"href":"https:\/\/kasimir-bau.de\/cms\/wp-json\/wp\/v2\/pages\/102","targetHints":{"allow":["GET"]}}],"collection":[{"href":"https:\/\/kasimir-bau.de\/cms\/wp-json\/wp\/v2\/pages"}],"about":[{"href":"https:\/\/kasimir-bau.de\/cms\/wp-json\/wp\/v2\/types\/page"}],"author":[{"embeddable":true,"href":"https:\/\/kasimir-bau.de\/cms\/wp-json\/wp\/v2\/users\/1"}],"replies":[{"embeddable":true,"href":"https:\/\/kasimir-bau.de\/cms\/wp-json\/wp\/v2\/comments?post=102"}],"version-history":[{"count":10,"href":"https:\/\/kasimir-bau.de\/cms\/wp-json\/wp\/v2\/pages\/102\/revisions"}],"predecessor-version":[{"id":8851,"href":"https:\/\/kasimir-bau.de\/cms\/wp-json\/wp\/v2\/pages\/102\/revisions\/8851"}],"up":[{"embeddable":true,"href":"https:\/\/kasimir-bau.de\/cms\/wp-json\/wp\/v2\/pages\/742"}],"wp:attachment":[{"href":"https:\/\/kasimir-bau.de\/cms\/wp-json\/wp\/v2\/media?parent=102"}],"curies":[{"name":"wp","href":"https:\/\/api.w.org\/{rel}","templated":true}]}}